{"id":122,"date":"2024-10-10T07:40:10","date_gmt":"2024-10-10T07:40:10","guid":{"rendered":"https:\/\/www.couponhoarders.com\/?page_id=122"},"modified":"2025-12-24T12:30:45","modified_gmt":"2025-12-24T12:30:45","slug":"about-us","status":"publish","type":"page","link":"https:\/\/www.couponhoarders.com\/se\/about-us\/","title":{"rendered":"Om oss"},"content":{"rendered":"<h2 style=\"text-align: center;\">Om CouponHoarders<\/h2>\n<p>P\u00e5 CouponHoarders tror vi att spara pengar ska vara enkelt och roligt. V\u00e5rt uppdrag \u00e4r tydligt: att hj\u00e4lpa dig att spara utan att det blir ett heltidsjobb. Vi vet hur frustrerande det \u00e4r att jaga \u201cfantastiska erbjudanden\u201d f\u00f6r att sedan uppt\u00e4cka att de har g\u00e5tt ut eller inte fungerar \u2013 och vi hatar det lika mycket som du.<\/p>\n<p>D\u00e4rf\u00f6r \u00e4gnar vi v\u00e5r tid \u00e5t att hitta erbjudanden som verkligen \u00e4r v\u00e4rda din uppm\u00e4rksamhet. Fr\u00e5n mode och prylar till matvaror och resor \u2013 om det hj\u00e4lper dig att spara, hittar du det h\u00e4r.<\/p>\n<h3>Varf\u00f6r handla hos oss?<\/h3>\n<ul>\n<li><strong>Verifierade erbjudanden:<\/strong> Vi ser till att allt \u00e4r uppdaterat s\u00e5 att du inte sl\u00f6sar tid p\u00e5 trasiga l\u00e4nkar.<\/li>\n<li><strong>Brett utbud av butiker:<\/strong> Fr\u00e5n k\u00e4nda m\u00e4rken till dolda p\u00e4rlor \u2013 vi har allt.<\/li>\n<li><strong>Enkelt sparande:<\/strong> Se, anv\u00e4nd, spara \u2013 s\u00e5 enkelt \u00e4r det.<\/li>\n<\/ul>\n<h3>Varf\u00f6r v\u00e4lja CouponHoarders?<\/h3>\n<p>Med s\u00e5 m\u00e5nga kupongsidor, vad g\u00f6r CouponHoarders unikt? H\u00e4r \u00e4r varf\u00f6r vi \u00e4r din p\u00e5litliga sparpartner:<\/p>\n<ul>\n<li><strong>Koder som faktiskt fungerar<\/strong>: Slipp o\u00e4ndligt klickande \u2013 v\u00e5ra kuponger \u00e4r testade och verifierade.<\/li>\n<li><strong>F\u00e4rska erbjudanden varje dag<\/strong>: Nya erbjudanden l\u00e4ggs till dagligen, s\u00e5 det finns alltid n\u00e5got att spara p\u00e5.<\/li>\n<li><strong>Alla dina favoriter p\u00e5 ett st\u00e4lle<\/strong>: Uppt\u00e4ck b\u00e5de popul\u00e4ra m\u00e4rken och dolda p\u00e4rlor du inte har provat \u00e4n.<\/li>\n<li><strong>Ingen registrering kr\u00e4vs<\/strong>: S\u00f6k, klicka och spara \u2013 utan kr\u00e5ngel.<\/li>\n<li><strong>Vi v\u00e4rdes\u00e4tter din tid<\/strong>: Vi g\u00f6r jobbet \u00e5t dig s\u00e5 att du inte beh\u00f6ver spendera timmar p\u00e5 utg\u00e5ngna erbjudanden.<\/li>\n<\/ul>\n","protected":false},"excerpt":{"rendered":"<p>Om CouponHoarders P\u00e5 CouponHoarders tror vi att spara pengar ska vara enkelt och roligt. V\u00e5rt uppdrag \u00e4r tydligt: att hj\u00e4lpa dig att spara utan att det blir ett heltidsjobb. Vi vet hur frustrerande det \u00e4r att jaga \u201cfantastiska erbjudanden\u201d f\u00f6r att sedan uppt\u00e4cka att de har g\u00e5tt ut eller inte fungerar \u2013 och vi hatar [&hellip;]<\/p>\n","protected":false},"author":2,"featured_media":0,"parent":0,"menu_order":0,"comment_status":"closed","ping_status":"closed","template":"pages\/about-us.php","meta":{"_acf_changed":false,"footnotes":""},"class_list":["post-122","page","type-page","status-publish","hentry"],"acf":[],"yoast_head":"<!-- This site is optimized with the Yoast SEO plugin v26.6 - https:\/\/yoast.com\/wordpress\/plugins\/seo\/ -->\n<title>Om oss \u2013 Din betrodda k\u00e4lla f\u00f6r kuponger och erbjudanden<\/title>\n<meta name=\"description\" content=\"L\u00e4r dig mer om oss, din p\u00e5litliga plats f\u00f6r de senaste kupongerna och rabatterbjudandena. V\u00e5rt uppdrag \u00e4r att hj\u00e4lpa dig spara pengar utan problem n\u00e4r du handlar online.\" \/>\n<meta name=\"robots\" content=\"index, follow, max-snippet:-1, max-image-preview:large, max-video-preview:-1\" \/>\n<link rel=\"canonical\" href=\"https:\/\/www.couponhoarders.com\/se\/about-us\/\" \/>\n<meta property=\"og:locale\" content=\"en_US\" \/>\n<meta property=\"og:type\" content=\"article\" \/>\n<meta property=\"og:title\" content=\"Om oss \u2013 Din betrodda k\u00e4lla f\u00f6r kuponger och erbjudanden\" \/>\n<meta property=\"og:description\" content=\"L\u00e4r dig mer om oss, din p\u00e5litliga plats f\u00f6r de senaste kupongerna och rabatterbjudandena. V\u00e5rt uppdrag \u00e4r att hj\u00e4lpa dig spara pengar utan problem n\u00e4r du handlar online.\" \/>\n<meta property=\"og:url\" content=\"https:\/\/www.couponhoarders.com\/se\/about-us\/\" \/>\n<meta property=\"og:site_name\" content=\"Coupon Hoarders SE\" \/>\n<meta property=\"article:modified_time\" content=\"2025-12-24T12:30:45+00:00\" \/>\n<meta name=\"twitter:card\" content=\"summary_large_image\" \/>\n<meta name=\"twitter:label1\" content=\"Est. reading time\" \/>\n\t<meta name=\"twitter:data1\" content=\"2 minutes\" \/>\n<script type=\"application\/ld+json\" class=\"yoast-schema-graph\">{\"@context\":\"https:\/\/schema.org\",\"@graph\":[{\"@type\":\"WebPage\",\"@id\":\"https:\/\/www.couponhoarders.com\/se\/about-us\/\",\"url\":\"https:\/\/www.couponhoarders.com\/se\/about-us\/\",\"name\":\"Om oss \u2013 Din betrodda k\u00e4lla f\u00f6r kuponger och erbjudanden\",\"isPartOf\":{\"@id\":\"https:\/\/www.couponhoarders.com\/se\/#website\"},\"datePublished\":\"2024-10-10T07:40:10+00:00\",\"dateModified\":\"2025-12-24T12:30:45+00:00\",\"description\":\"L\u00e4r dig mer om oss, din p\u00e5litliga plats f\u00f6r de senaste kupongerna och rabatterbjudandena. V\u00e5rt uppdrag \u00e4r att hj\u00e4lpa dig spara pengar utan problem n\u00e4r du handlar online.\",\"breadcrumb\":{\"@id\":\"https:\/\/www.couponhoarders.com\/se\/about-us\/#breadcrumb\"},\"inLanguage\":\"en-US\",\"potentialAction\":[{\"@type\":\"ReadAction\",\"target\":[\"https:\/\/www.couponhoarders.com\/se\/about-us\/\"]}]},{\"@type\":\"BreadcrumbList\",\"@id\":\"https:\/\/www.couponhoarders.com\/se\/about-us\/#breadcrumb\",\"itemListElement\":[{\"@type\":\"ListItem\",\"position\":1,\"name\":\"Home\",\"item\":\"https:\/\/www.couponhoarders.com\/se\/\"},{\"@type\":\"ListItem\",\"position\":2,\"name\":\"Om oss\"}]},{\"@type\":\"WebSite\",\"@id\":\"https:\/\/www.couponhoarders.com\/se\/#website\",\"url\":\"https:\/\/www.couponhoarders.com\/se\/\",\"name\":\"Coupon Hoarders SE\",\"description\":\"\",\"potentialAction\":[{\"@type\":\"SearchAction\",\"target\":{\"@type\":\"EntryPoint\",\"urlTemplate\":\"https:\/\/www.couponhoarders.com\/se\/?s={search_term_string}\"},\"query-input\":{\"@type\":\"PropertyValueSpecification\",\"valueRequired\":true,\"valueName\":\"search_term_string\"}}],\"inLanguage\":\"en-US\"}]}<\/script>\n<!-- \/ Yoast SEO plugin. -->","yoast_head_json":{"title":"Om oss \u2013 Din betrodda k\u00e4lla f\u00f6r kuponger och erbjudanden","description":"L\u00e4r dig mer om oss, din p\u00e5litliga plats f\u00f6r de senaste kupongerna och rabatterbjudandena. V\u00e5rt uppdrag \u00e4r att hj\u00e4lpa dig spara pengar utan problem n\u00e4r du handlar online.","robots":{"index":"index","follow":"follow","max-snippet":"max-snippet:-1","max-image-preview":"max-image-preview:large","max-video-preview":"max-video-preview:-1"},"canonical":"https:\/\/www.couponhoarders.com\/se\/about-us\/","og_locale":"en_US","og_type":"article","og_title":"Om oss \u2013 Din betrodda k\u00e4lla f\u00f6r kuponger och erbjudanden","og_description":"L\u00e4r dig mer om oss, din p\u00e5litliga plats f\u00f6r de senaste kupongerna och rabatterbjudandena. V\u00e5rt uppdrag \u00e4r att hj\u00e4lpa dig spara pengar utan problem n\u00e4r du handlar online.","og_url":"https:\/\/www.couponhoarders.com\/se\/about-us\/","og_site_name":"Coupon Hoarders SE","article_modified_time":"2025-12-24T12:30:45+00:00","twitter_card":"summary_large_image","twitter_misc":{"Est. reading time":"2 minutes"},"schema":{"@context":"https:\/\/schema.org","@graph":[{"@type":"WebPage","@id":"https:\/\/www.couponhoarders.com\/se\/about-us\/","url":"https:\/\/www.couponhoarders.com\/se\/about-us\/","name":"Om oss \u2013 Din betrodda k\u00e4lla f\u00f6r kuponger och erbjudanden","isPartOf":{"@id":"https:\/\/www.couponhoarders.com\/se\/#website"},"datePublished":"2024-10-10T07:40:10+00:00","dateModified":"2025-12-24T12:30:45+00:00","description":"L\u00e4r dig mer om oss, din p\u00e5litliga plats f\u00f6r de senaste kupongerna och rabatterbjudandena. V\u00e5rt uppdrag \u00e4r att hj\u00e4lpa dig spara pengar utan problem n\u00e4r du handlar online.","breadcrumb":{"@id":"https:\/\/www.couponhoarders.com\/se\/about-us\/#breadcrumb"},"inLanguage":"en-US","potentialAction":[{"@type":"ReadAction","target":["https:\/\/www.couponhoarders.com\/se\/about-us\/"]}]},{"@type":"BreadcrumbList","@id":"https:\/\/www.couponhoarders.com\/se\/about-us\/#breadcrumb","itemListElement":[{"@type":"ListItem","position":1,"name":"Home","item":"https:\/\/www.couponhoarders.com\/se\/"},{"@type":"ListItem","position":2,"name":"Om oss"}]},{"@type":"WebSite","@id":"https:\/\/www.couponhoarders.com\/se\/#website","url":"https:\/\/www.couponhoarders.com\/se\/","name":"Coupon Hoarders SE","description":"","potentialAction":[{"@type":"SearchAction","target":{"@type":"EntryPoint","urlTemplate":"https:\/\/www.couponhoarders.com\/se\/?s={search_term_string}"},"query-input":{"@type":"PropertyValueSpecification","valueRequired":true,"valueName":"search_term_string"}}],"inLanguage":"en-US"}]}},"_links":{"self":[{"href":"https:\/\/www.couponhoarders.com\/se\/wp-json\/wp\/v2\/pages\/122","targetHints":{"allow":["GET"]}}],"collection":[{"href":"https:\/\/www.couponhoarders.com\/se\/wp-json\/wp\/v2\/pages"}],"about":[{"href":"https:\/\/www.couponhoarders.com\/se\/wp-json\/wp\/v2\/types\/page"}],"author":[{"embeddable":true,"href":"https:\/\/www.couponhoarders.com\/se\/wp-json\/wp\/v2\/users\/2"}],"replies":[{"embeddable":true,"href":"https:\/\/www.couponhoarders.com\/se\/wp-json\/wp\/v2\/comments?post=122"}],"version-history":[{"count":3,"href":"https:\/\/www.couponhoarders.com\/se\/wp-json\/wp\/v2\/pages\/122\/revisions"}],"predecessor-version":[{"id":540,"href":"https:\/\/www.couponhoarders.com\/se\/wp-json\/wp\/v2\/pages\/122\/revisions\/540"}],"wp:attachment":[{"href":"https:\/\/www.couponhoarders.com\/se\/wp-json\/wp\/v2\/media?parent=122"}],"curies":[{"name":"wp","href":"https:\/\/api.w.org\/{rel}","templated":true}]}}