{"id":118,"date":"2024-10-09T08:39:57","date_gmt":"2024-10-09T08:39:57","guid":{"rendered":"https:\/\/www.couponhoarders.com\/?page_id=118"},"modified":"2025-12-24T13:48:43","modified_gmt":"2025-12-24T13:48:43","slug":"faqs","status":"publish","type":"page","link":"https:\/\/www.couponhoarders.com\/se\/faqs\/","title":{"rendered":"Vanliga fr\u00e5gor"},"content":{"rendered":"<h2 style=\"text-align: center;\">Vanliga fr\u00e5gor<\/h2>\n<h3>Har du en fr\u00e5ga?<\/h3>\n<p>Du har kommit till r\u00e4tt plats! Vi har samlat de vanligaste fr\u00e5gorna s\u00e5 att du snabbt kan f\u00e5 svar \u2013 utan o\u00e4ndlig scrollning eller f\u00f6rvirrande termer.<\/p>\n<p><strong>Vad \u00e4r en CouponHoarders-kod?<\/strong><br \/>\nCouponHoarders \u00e4r din go-to-sida f\u00f6r riktiga, fungerande rabatter. Vi samlar de senaste kampanjkoderna, kupongerna och specialerbjudandena fr\u00e5n toppm\u00e4rken, s\u00e5 att du kan spara pengar utan att beh\u00f6va leta sj\u00e4lv.<\/p>\n<p><strong>Hur anv\u00e4nder jag en kupong fr\u00e5n CouponHoarders?<\/strong><br \/>\nKlicka helt enkelt p\u00e5 knappen \u201dH\u00e4mta kod\u201d eller \u201dH\u00e4mta erbjudande\u201d bredvid det erbjudande du vill ha. Om det \u00e4r en kod kopierar du den och anger den vid kassan. Om det \u00e4r ett erbjudande tar vi dig direkt till butikens erbjudandesida.<\/p>\n<p><strong>Beh\u00f6ver jag ett konto f\u00f6r att anv\u00e4nda era kuponger?<\/strong><br \/>\nAbsolut inte! Du beh\u00f6ver inte registrera dig eller skapa ett konto f\u00f6r att anv\u00e4nda v\u00e5ra kuponger.<\/p>\n<p><strong>\u00c4r erbjudandena p\u00e5 CouponHoarders gratis att anv\u00e4nda?<\/strong><br \/>\nJa! Att bl\u00e4ddra bland och anv\u00e4nda v\u00e5ra kuponger \u00e4r helt gratis.<\/p>\n<p><strong>Hur ofta uppdateras era kuponger och erbjudanden?<\/strong><br \/>\nVi uppdaterar v\u00e5ra erbjudanden dagligen, s\u00e5 att du inte sl\u00f6sar tid p\u00e5 utg\u00e5ngna eller ogiltiga erbjudanden.<\/p>\n<p><strong>Kan jag anv\u00e4nda mer \u00e4n en kupong p\u00e5 samma best\u00e4llning?<\/strong><br \/>\nDet beror p\u00e5 butiken. Vissa \u00e5terf\u00f6rs\u00e4ljare till\u00e5ter att man kombinerar koder, men de flesta accepterar endast en kupong per best\u00e4llning.<\/p>\n<p><strong>Vad ska jag g\u00f6ra om en kupong inte fungerar?<\/strong><br \/>\nIbland kan en kupong inte fungera. Om det h\u00e4nder, kontakta oss via kontaktsidan s\u00e5 f\u00f6rs\u00f6ker vi ge dig en giltig ers\u00e4ttning.<\/p>\n<p><strong>Erbjuder ni endast onlinekuponger, eller finns det \u00e4ven kuponger f\u00f6r fysiska butiker?<\/strong><br \/>\nVi fokuserar fr\u00e4mst p\u00e5 onlinekuponger, men vi lyfter ocks\u00e5 fram erbjudanden i fysiska butiker n\u00e4r de finns tillg\u00e4ngliga.<\/p>\n","protected":false},"excerpt":{"rendered":"<p>Vanliga fr\u00e5gor Har du en fr\u00e5ga? Du har kommit till r\u00e4tt plats! Vi har samlat de vanligaste fr\u00e5gorna s\u00e5 att du snabbt kan f\u00e5 svar \u2013 utan o\u00e4ndlig scrollning eller f\u00f6rvirrande termer. Vad \u00e4r en CouponHoarders-kod? CouponHoarders \u00e4r din go-to-sida f\u00f6r riktiga, fungerande rabatter. Vi samlar de senaste kampanjkoderna, kupongerna och specialerbjudandena fr\u00e5n toppm\u00e4rken, s\u00e5 [&hellip;]<\/p>\n","protected":false},"author":2,"featured_media":0,"parent":0,"menu_order":0,"comment_status":"closed","ping_status":"closed","template":"","meta":{"_acf_changed":false,"footnotes":""},"class_list":["post-118","page","type-page","status-publish","hentry"],"acf":[],"yoast_head":"<!-- This site is optimized with the Yoast SEO plugin v26.6 - https:\/\/yoast.com\/wordpress\/plugins\/seo\/ -->\n<title>Vanliga fr\u00e5gor \u2013 Hj\u00e4lp med kuponger, kampanjkoder och erbjudanden<\/title>\n<meta name=\"description\" content=\"Hitta svar p\u00e5 vanliga fr\u00e5gor om kuponger och rabatterbjudanden p\u00e5 CouponHoarders. L\u00e4r dig hur du sparar pengar och f\u00e5r de b\u00e4sta erbjudandena.\" \/>\n<meta name=\"robots\" content=\"index, follow, max-snippet:-1, max-image-preview:large, max-video-preview:-1\" \/>\n<link rel=\"canonical\" href=\"https:\/\/www.couponhoarders.com\/se\/faqs\/\" \/>\n<meta property=\"og:locale\" content=\"en_US\" \/>\n<meta property=\"og:type\" content=\"article\" \/>\n<meta property=\"og:title\" content=\"Vanliga fr\u00e5gor \u2013 Hj\u00e4lp med kuponger, kampanjkoder och erbjudanden\" \/>\n<meta property=\"og:description\" content=\"Hitta svar p\u00e5 vanliga fr\u00e5gor om kuponger och rabatterbjudanden p\u00e5 CouponHoarders. L\u00e4r dig hur du sparar pengar och f\u00e5r de b\u00e4sta erbjudandena.\" \/>\n<meta property=\"og:url\" content=\"https:\/\/www.couponhoarders.com\/se\/faqs\/\" \/>\n<meta property=\"og:site_name\" content=\"Coupon Hoarders SE\" \/>\n<meta property=\"article:modified_time\" content=\"2025-12-24T13:48:43+00:00\" \/>\n<meta name=\"twitter:card\" content=\"summary_large_image\" \/>\n<meta name=\"twitter:label1\" content=\"Est. reading time\" \/>\n\t<meta name=\"twitter:data1\" content=\"2 minutes\" \/>\n<script type=\"application\/ld+json\" class=\"yoast-schema-graph\">{\"@context\":\"https:\/\/schema.org\",\"@graph\":[{\"@type\":\"WebPage\",\"@id\":\"https:\/\/www.couponhoarders.com\/se\/faqs\/\",\"url\":\"https:\/\/www.couponhoarders.com\/se\/faqs\/\",\"name\":\"Vanliga fr\u00e5gor \u2013 Hj\u00e4lp med kuponger, kampanjkoder och erbjudanden\",\"isPartOf\":{\"@id\":\"https:\/\/www.couponhoarders.com\/se\/#website\"},\"datePublished\":\"2024-10-09T08:39:57+00:00\",\"dateModified\":\"2025-12-24T13:48:43+00:00\",\"description\":\"Hitta svar p\u00e5 vanliga fr\u00e5gor om kuponger och rabatterbjudanden p\u00e5 CouponHoarders. L\u00e4r dig hur du sparar pengar och f\u00e5r de b\u00e4sta erbjudandena.\",\"breadcrumb\":{\"@id\":\"https:\/\/www.couponhoarders.com\/se\/faqs\/#breadcrumb\"},\"inLanguage\":\"en-US\",\"potentialAction\":[{\"@type\":\"ReadAction\",\"target\":[\"https:\/\/www.couponhoarders.com\/se\/faqs\/\"]}]},{\"@type\":\"BreadcrumbList\",\"@id\":\"https:\/\/www.couponhoarders.com\/se\/faqs\/#breadcrumb\",\"itemListElement\":[{\"@type\":\"ListItem\",\"position\":1,\"name\":\"Home\",\"item\":\"https:\/\/www.couponhoarders.com\/se\/\"},{\"@type\":\"ListItem\",\"position\":2,\"name\":\"Vanliga fr\u00e5gor\"}]},{\"@type\":\"WebSite\",\"@id\":\"https:\/\/www.couponhoarders.com\/se\/#website\",\"url\":\"https:\/\/www.couponhoarders.com\/se\/\",\"name\":\"Coupon Hoarders SE\",\"description\":\"\",\"potentialAction\":[{\"@type\":\"SearchAction\",\"target\":{\"@type\":\"EntryPoint\",\"urlTemplate\":\"https:\/\/www.couponhoarders.com\/se\/?s={search_term_string}\"},\"query-input\":{\"@type\":\"PropertyValueSpecification\",\"valueRequired\":true,\"valueName\":\"search_term_string\"}}],\"inLanguage\":\"en-US\"}]}<\/script>\n<!-- \/ Yoast SEO plugin. -->","yoast_head_json":{"title":"Vanliga fr\u00e5gor \u2013 Hj\u00e4lp med kuponger, kampanjkoder och erbjudanden","description":"Hitta svar p\u00e5 vanliga fr\u00e5gor om kuponger och rabatterbjudanden p\u00e5 CouponHoarders. L\u00e4r dig hur du sparar pengar och f\u00e5r de b\u00e4sta erbjudandena.","robots":{"index":"index","follow":"follow","max-snippet":"max-snippet:-1","max-image-preview":"max-image-preview:large","max-video-preview":"max-video-preview:-1"},"canonical":"https:\/\/www.couponhoarders.com\/se\/faqs\/","og_locale":"en_US","og_type":"article","og_title":"Vanliga fr\u00e5gor \u2013 Hj\u00e4lp med kuponger, kampanjkoder och erbjudanden","og_description":"Hitta svar p\u00e5 vanliga fr\u00e5gor om kuponger och rabatterbjudanden p\u00e5 CouponHoarders. L\u00e4r dig hur du sparar pengar och f\u00e5r de b\u00e4sta erbjudandena.","og_url":"https:\/\/www.couponhoarders.com\/se\/faqs\/","og_site_name":"Coupon Hoarders SE","article_modified_time":"2025-12-24T13:48:43+00:00","twitter_card":"summary_large_image","twitter_misc":{"Est. reading time":"2 minutes"},"schema":{"@context":"https:\/\/schema.org","@graph":[{"@type":"WebPage","@id":"https:\/\/www.couponhoarders.com\/se\/faqs\/","url":"https:\/\/www.couponhoarders.com\/se\/faqs\/","name":"Vanliga fr\u00e5gor \u2013 Hj\u00e4lp med kuponger, kampanjkoder och erbjudanden","isPartOf":{"@id":"https:\/\/www.couponhoarders.com\/se\/#website"},"datePublished":"2024-10-09T08:39:57+00:00","dateModified":"2025-12-24T13:48:43+00:00","description":"Hitta svar p\u00e5 vanliga fr\u00e5gor om kuponger och rabatterbjudanden p\u00e5 CouponHoarders. L\u00e4r dig hur du sparar pengar och f\u00e5r de b\u00e4sta erbjudandena.","breadcrumb":{"@id":"https:\/\/www.couponhoarders.com\/se\/faqs\/#breadcrumb"},"inLanguage":"en-US","potentialAction":[{"@type":"ReadAction","target":["https:\/\/www.couponhoarders.com\/se\/faqs\/"]}]},{"@type":"BreadcrumbList","@id":"https:\/\/www.couponhoarders.com\/se\/faqs\/#breadcrumb","itemListElement":[{"@type":"ListItem","position":1,"name":"Home","item":"https:\/\/www.couponhoarders.com\/se\/"},{"@type":"ListItem","position":2,"name":"Vanliga fr\u00e5gor"}]},{"@type":"WebSite","@id":"https:\/\/www.couponhoarders.com\/se\/#website","url":"https:\/\/www.couponhoarders.com\/se\/","name":"Coupon Hoarders SE","description":"","potentialAction":[{"@type":"SearchAction","target":{"@type":"EntryPoint","urlTemplate":"https:\/\/www.couponhoarders.com\/se\/?s={search_term_string}"},"query-input":{"@type":"PropertyValueSpecification","valueRequired":true,"valueName":"search_term_string"}}],"inLanguage":"en-US"}]}},"_links":{"self":[{"href":"https:\/\/www.couponhoarders.com\/se\/wp-json\/wp\/v2\/pages\/118","targetHints":{"allow":["GET"]}}],"collection":[{"href":"https:\/\/www.couponhoarders.com\/se\/wp-json\/wp\/v2\/pages"}],"about":[{"href":"https:\/\/www.couponhoarders.com\/se\/wp-json\/wp\/v2\/types\/page"}],"author":[{"embeddable":true,"href":"https:\/\/www.couponhoarders.com\/se\/wp-json\/wp\/v2\/users\/2"}],"replies":[{"embeddable":true,"href":"https:\/\/www.couponhoarders.com\/se\/wp-json\/wp\/v2\/comments?post=118"}],"version-history":[{"count":3,"href":"https:\/\/www.couponhoarders.com\/se\/wp-json\/wp\/v2\/pages\/118\/revisions"}],"predecessor-version":[{"id":541,"href":"https:\/\/www.couponhoarders.com\/se\/wp-json\/wp\/v2\/pages\/118\/revisions\/541"}],"wp:attachment":[{"href":"https:\/\/www.couponhoarders.com\/se\/wp-json\/wp\/v2\/media?parent=118"}],"curies":[{"name":"wp","href":"https:\/\/api.w.org\/{rel}","templated":true}]}}