{"id":122,"date":"2024-10-10T07:40:10","date_gmt":"2024-10-10T07:40:10","guid":{"rendered":"https:\/\/www.couponhoarders.com\/?page_id=122"},"modified":"2025-12-24T12:35:16","modified_gmt":"2025-12-24T12:35:16","slug":"about-us","status":"publish","type":"page","link":"https:\/\/www.couponhoarders.com\/ro\/about-us\/","title":{"rendered":"Despre noi"},"content":{"rendered":"<h2 style=\"text-align: center;\">Despre CouponHoarders<\/h2>\n<p>La CouponHoarders credem c\u0103 economisirea banilor ar trebui s\u0103 fie simpl\u0103 \u0219i distractiv\u0103. Misiunea noastr\u0103 este clar\u0103: s\u0103 te ajut\u0103m s\u0103 economise\u0219ti f\u0103r\u0103 ca acest lucru s\u0103 devin\u0103 un job cu norm\u0103 \u00eentreag\u0103. \u0218tim c\u00e2t de frustrant este s\u0103 cau\u021bi \u201eoferte incredibile\u201d doar pentru a descoperi c\u0103 sunt expirate sau nu func\u021bioneaz\u0103 \u2013 \u0219i ur\u00e2m asta la fel de mult ca \u0219i tine.<\/p>\n<p>De aceea ne dedic\u0103m timpul pentru a g\u0103si oferte care merit\u0103 cu adev\u0103rat aten\u021bia ta. De la mod\u0103 \u0219i gadgeturi p\u00e2n\u0103 la alimente \u0219i c\u0103l\u0103torii \u2013 dac\u0103 te ajut\u0103 s\u0103 economise\u0219ti, le vei g\u0103si aici.<\/p>\n<h3>De ce s\u0103 faci cump\u0103r\u0103turi cu noi?<\/h3>\n<ul>\n<li><strong>Oferte verificate:<\/strong> Ne asigur\u0103m c\u0103 totul este actualizat, astfel \u00eenc\u00e2t s\u0103 nu pierzi timp pe linkuri expirate.<\/li>\n<li><strong>Varietate de magazine:<\/strong> De la branduri cunoscute p\u00e2n\u0103 la comori ascunse \u2013 avem totul.<\/li>\n<li><strong>Economisire f\u0103r\u0103 efort:<\/strong> Vezi, folose\u0219te, economise\u0219te \u2013 at\u00e2t de simplu.<\/li>\n<\/ul>\n<h3>De ce s\u0103 alegi CouponHoarders?<\/h3>\n<p>Cu at\u00e2t de multe site-uri de cupoane, ce face CouponHoarders special? Iat\u0103 de ce suntem partenerul t\u0103u de \u00eencredere pentru economii:<\/p>\n<ul>\n<li><strong>Coduri care chiar func\u021bioneaz\u0103<\/strong>: Gata cu click-urile interminabile \u2013 cupoanele noastre sunt testate \u0219i verificate.<\/li>\n<li><strong>Oferte noi zilnic<\/strong>: Fiecare zi aduce oferte noi, a\u0219a c\u0103 exist\u0103 \u00eentotdeauna ceva pe care s\u0103 economise\u0219ti.<\/li>\n<li><strong>Toate favoritele tale \u00eentr-un singur loc<\/strong>: Descoper\u0103 at\u00e2t branduri populare, c\u00e2t \u0219i comori ascunse pe care nu le-ai \u00eencercat \u00eenc\u0103.<\/li>\n<li><strong>F\u0103r\u0103 nevoie de \u00eenregistrare<\/strong>: Caut\u0103, d\u0103 clic \u0219i economise\u0219te \u2013 f\u0103r\u0103 b\u0103t\u0103i de cap.<\/li>\n<li><strong>Ne pas\u0103 de timpul t\u0103u<\/strong>: Facem noi munca grea, astfel \u00eenc\u00e2t s\u0103 nu pierzi ore \u00eentregi r\u0103sfoind oferte expirate.<\/li>\n<\/ul>\n","protected":false},"excerpt":{"rendered":"<p>Despre CouponHoarders La CouponHoarders credem c\u0103 economisirea banilor ar trebui s\u0103 fie simpl\u0103 \u0219i distractiv\u0103. Misiunea noastr\u0103 este clar\u0103: s\u0103 te ajut\u0103m s\u0103 economise\u0219ti f\u0103r\u0103 ca acest lucru s\u0103 devin\u0103 un job cu norm\u0103 \u00eentreag\u0103. \u0218tim c\u00e2t de frustrant este s\u0103 cau\u021bi \u201eoferte incredibile\u201d doar pentru a descoperi c\u0103 sunt expirate sau nu func\u021bioneaz\u0103 \u2013 [&hellip;]<\/p>\n","protected":false},"author":2,"featured_media":0,"parent":0,"menu_order":0,"comment_status":"closed","ping_status":"closed","template":"pages\/about-us.php","meta":{"_acf_changed":false,"footnotes":""},"class_list":["post-122","page","type-page","status-publish","hentry"],"acf":[],"yoast_head":"<!-- This site is optimized with the Yoast SEO plugin v26.6 - https:\/\/yoast.com\/wordpress\/plugins\/seo\/ -->\n<title>Despre noi \u2013 Sursa ta de \u00eencredere pentru cupoane \u0219i oferte<\/title>\n<meta name=\"description\" content=\"Afl\u0103 mai multe despre noi, destina\u021bia ta de \u00eencredere pentru cele mai recente cupoane \u0219i reduceri. Misiunea noastr\u0103 este s\u0103 te ajut\u0103m s\u0103 economise\u0219ti bani f\u0103r\u0103 efort atunci c\u00e2nd cumperi online.\" \/>\n<meta name=\"robots\" content=\"index, follow, max-snippet:-1, max-image-preview:large, max-video-preview:-1\" \/>\n<link rel=\"canonical\" href=\"https:\/\/www.couponhoarders.com\/ro\/about-us\/\" \/>\n<meta property=\"og:locale\" content=\"en_US\" \/>\n<meta property=\"og:type\" content=\"article\" \/>\n<meta property=\"og:title\" content=\"Despre noi \u2013 Sursa ta de \u00eencredere pentru cupoane \u0219i oferte\" \/>\n<meta property=\"og:description\" content=\"Afl\u0103 mai multe despre noi, destina\u021bia ta de \u00eencredere pentru cele mai recente cupoane \u0219i reduceri. Misiunea noastr\u0103 este s\u0103 te ajut\u0103m s\u0103 economise\u0219ti bani f\u0103r\u0103 efort atunci c\u00e2nd cumperi online.\" \/>\n<meta property=\"og:url\" content=\"https:\/\/www.couponhoarders.com\/ro\/about-us\/\" \/>\n<meta property=\"og:site_name\" content=\"Coupon Hoarders RO\" \/>\n<meta property=\"article:modified_time\" content=\"2025-12-24T12:35:16+00:00\" \/>\n<meta name=\"twitter:card\" content=\"summary_large_image\" \/>\n<meta name=\"twitter:label1\" content=\"Est. reading time\" \/>\n\t<meta name=\"twitter:data1\" content=\"2 minutes\" \/>\n<script type=\"application\/ld+json\" class=\"yoast-schema-graph\">{\"@context\":\"https:\/\/schema.org\",\"@graph\":[{\"@type\":\"WebPage\",\"@id\":\"https:\/\/www.couponhoarders.com\/ro\/about-us\/\",\"url\":\"https:\/\/www.couponhoarders.com\/ro\/about-us\/\",\"name\":\"Despre noi \u2013 Sursa ta de \u00eencredere pentru cupoane \u0219i oferte\",\"isPartOf\":{\"@id\":\"https:\/\/www.couponhoarders.com\/ro\/#website\"},\"datePublished\":\"2024-10-10T07:40:10+00:00\",\"dateModified\":\"2025-12-24T12:35:16+00:00\",\"description\":\"Afl\u0103 mai multe despre noi, destina\u021bia ta de \u00eencredere pentru cele mai recente cupoane \u0219i reduceri. Misiunea noastr\u0103 este s\u0103 te ajut\u0103m s\u0103 economise\u0219ti bani f\u0103r\u0103 efort atunci c\u00e2nd cumperi online.\",\"breadcrumb\":{\"@id\":\"https:\/\/www.couponhoarders.com\/ro\/about-us\/#breadcrumb\"},\"inLanguage\":\"en-US\",\"potentialAction\":[{\"@type\":\"ReadAction\",\"target\":[\"https:\/\/www.couponhoarders.com\/ro\/about-us\/\"]}]},{\"@type\":\"BreadcrumbList\",\"@id\":\"https:\/\/www.couponhoarders.com\/ro\/about-us\/#breadcrumb\",\"itemListElement\":[{\"@type\":\"ListItem\",\"position\":1,\"name\":\"Home\",\"item\":\"https:\/\/www.couponhoarders.com\/ro\/\"},{\"@type\":\"ListItem\",\"position\":2,\"name\":\"Despre noi\"}]},{\"@type\":\"WebSite\",\"@id\":\"https:\/\/www.couponhoarders.com\/ro\/#website\",\"url\":\"https:\/\/www.couponhoarders.com\/ro\/\",\"name\":\"Coupon Hoarders RO\",\"description\":\"\",\"potentialAction\":[{\"@type\":\"SearchAction\",\"target\":{\"@type\":\"EntryPoint\",\"urlTemplate\":\"https:\/\/www.couponhoarders.com\/ro\/?s={search_term_string}\"},\"query-input\":{\"@type\":\"PropertyValueSpecification\",\"valueRequired\":true,\"valueName\":\"search_term_string\"}}],\"inLanguage\":\"en-US\"}]}<\/script>\n<!-- \/ Yoast SEO plugin. -->","yoast_head_json":{"title":"Despre noi \u2013 Sursa ta de \u00eencredere pentru cupoane \u0219i oferte","description":"Afl\u0103 mai multe despre noi, destina\u021bia ta de \u00eencredere pentru cele mai recente cupoane \u0219i reduceri. Misiunea noastr\u0103 este s\u0103 te ajut\u0103m s\u0103 economise\u0219ti bani f\u0103r\u0103 efort atunci c\u00e2nd cumperi online.","robots":{"index":"index","follow":"follow","max-snippet":"max-snippet:-1","max-image-preview":"max-image-preview:large","max-video-preview":"max-video-preview:-1"},"canonical":"https:\/\/www.couponhoarders.com\/ro\/about-us\/","og_locale":"en_US","og_type":"article","og_title":"Despre noi \u2013 Sursa ta de \u00eencredere pentru cupoane \u0219i oferte","og_description":"Afl\u0103 mai multe despre noi, destina\u021bia ta de \u00eencredere pentru cele mai recente cupoane \u0219i reduceri. Misiunea noastr\u0103 este s\u0103 te ajut\u0103m s\u0103 economise\u0219ti bani f\u0103r\u0103 efort atunci c\u00e2nd cumperi online.","og_url":"https:\/\/www.couponhoarders.com\/ro\/about-us\/","og_site_name":"Coupon Hoarders RO","article_modified_time":"2025-12-24T12:35:16+00:00","twitter_card":"summary_large_image","twitter_misc":{"Est. reading time":"2 minutes"},"schema":{"@context":"https:\/\/schema.org","@graph":[{"@type":"WebPage","@id":"https:\/\/www.couponhoarders.com\/ro\/about-us\/","url":"https:\/\/www.couponhoarders.com\/ro\/about-us\/","name":"Despre noi \u2013 Sursa ta de \u00eencredere pentru cupoane \u0219i oferte","isPartOf":{"@id":"https:\/\/www.couponhoarders.com\/ro\/#website"},"datePublished":"2024-10-10T07:40:10+00:00","dateModified":"2025-12-24T12:35:16+00:00","description":"Afl\u0103 mai multe despre noi, destina\u021bia ta de \u00eencredere pentru cele mai recente cupoane \u0219i reduceri. Misiunea noastr\u0103 este s\u0103 te ajut\u0103m s\u0103 economise\u0219ti bani f\u0103r\u0103 efort atunci c\u00e2nd cumperi online.","breadcrumb":{"@id":"https:\/\/www.couponhoarders.com\/ro\/about-us\/#breadcrumb"},"inLanguage":"en-US","potentialAction":[{"@type":"ReadAction","target":["https:\/\/www.couponhoarders.com\/ro\/about-us\/"]}]},{"@type":"BreadcrumbList","@id":"https:\/\/www.couponhoarders.com\/ro\/about-us\/#breadcrumb","itemListElement":[{"@type":"ListItem","position":1,"name":"Home","item":"https:\/\/www.couponhoarders.com\/ro\/"},{"@type":"ListItem","position":2,"name":"Despre noi"}]},{"@type":"WebSite","@id":"https:\/\/www.couponhoarders.com\/ro\/#website","url":"https:\/\/www.couponhoarders.com\/ro\/","name":"Coupon Hoarders RO","description":"","potentialAction":[{"@type":"SearchAction","target":{"@type":"EntryPoint","urlTemplate":"https:\/\/www.couponhoarders.com\/ro\/?s={search_term_string}"},"query-input":{"@type":"PropertyValueSpecification","valueRequired":true,"valueName":"search_term_string"}}],"inLanguage":"en-US"}]}},"_links":{"self":[{"href":"https:\/\/www.couponhoarders.com\/ro\/wp-json\/wp\/v2\/pages\/122","targetHints":{"allow":["GET"]}}],"collection":[{"href":"https:\/\/www.couponhoarders.com\/ro\/wp-json\/wp\/v2\/pages"}],"about":[{"href":"https:\/\/www.couponhoarders.com\/ro\/wp-json\/wp\/v2\/types\/page"}],"author":[{"embeddable":true,"href":"https:\/\/www.couponhoarders.com\/ro\/wp-json\/wp\/v2\/users\/2"}],"replies":[{"embeddable":true,"href":"https:\/\/www.couponhoarders.com\/ro\/wp-json\/wp\/v2\/comments?post=122"}],"version-history":[{"count":3,"href":"https:\/\/www.couponhoarders.com\/ro\/wp-json\/wp\/v2\/pages\/122\/revisions"}],"predecessor-version":[{"id":520,"href":"https:\/\/www.couponhoarders.com\/ro\/wp-json\/wp\/v2\/pages\/122\/revisions\/520"}],"wp:attachment":[{"href":"https:\/\/www.couponhoarders.com\/ro\/wp-json\/wp\/v2\/media?parent=122"}],"curies":[{"name":"wp","href":"https:\/\/api.w.org\/{rel}","templated":true}]}}