{"id":12,"date":"2024-10-07T06:34:38","date_gmt":"2024-10-07T06:34:38","guid":{"rendered":"https:\/\/www.couponhoarders.com\/?page_id=12"},"modified":"2025-12-24T09:53:43","modified_gmt":"2025-12-24T09:53:43","slug":"categories","status":"publish","type":"page","link":"https:\/\/www.couponhoarders.com\/ro\/categories\/","title":{"rendered":"Categorii"},"content":{"rendered":"","protected":false},"excerpt":{"rendered":"","protected":false},"author":2,"featured_media":0,"parent":0,"menu_order":0,"comment_status":"closed","ping_status":"closed","template":"all-categories-template.php","meta":{"_acf_changed":false,"footnotes":""},"class_list":["post-12","page","type-page","status-publish","hentry"],"acf":[],"yoast_head":"<!-- This site is optimized with the Yoast SEO plugin v26.6 - https:\/\/yoast.com\/wordpress\/plugins\/seo\/ -->\n<title>Categorii de top \u2013 R\u0103sfoi\u021bi ofertele dup\u0103 categorie<\/title>\n<meta name=\"description\" content=\"Exploreaz\u0103 o gam\u0103 larg\u0103 de categorii de cupoane la CouponHoarders. G\u0103se\u0219te reduceri \u0219i oferte speciale organizate pe categorii pentru a economisi mai mult la fiecare achizi\u021bie.\" \/>\n<meta name=\"robots\" content=\"index, follow, max-snippet:-1, max-image-preview:large, max-video-preview:-1\" \/>\n<link rel=\"canonical\" href=\"https:\/\/www.couponhoarders.com\/ro\/categories\/\" \/>\n<meta property=\"og:locale\" content=\"en_US\" \/>\n<meta property=\"og:type\" content=\"article\" \/>\n<meta property=\"og:title\" content=\"Categorii de top \u2013 R\u0103sfoi\u021bi ofertele dup\u0103 categorie\" \/>\n<meta property=\"og:description\" content=\"Exploreaz\u0103 o gam\u0103 larg\u0103 de categorii de cupoane la CouponHoarders. G\u0103se\u0219te reduceri \u0219i oferte speciale organizate pe categorii pentru a economisi mai mult la fiecare achizi\u021bie.\" \/>\n<meta property=\"og:url\" content=\"https:\/\/www.couponhoarders.com\/ro\/categories\/\" \/>\n<meta property=\"og:site_name\" content=\"Coupon Hoarders RO\" \/>\n<meta property=\"article:modified_time\" content=\"2025-12-24T09:53:43+00:00\" \/>\n<meta name=\"twitter:card\" content=\"summary_large_image\" \/>\n<script type=\"application\/ld+json\" class=\"yoast-schema-graph\">{\"@context\":\"https:\/\/schema.org\",\"@graph\":[{\"@type\":\"WebPage\",\"@id\":\"https:\/\/www.couponhoarders.com\/ro\/categories\/\",\"url\":\"https:\/\/www.couponhoarders.com\/ro\/categories\/\",\"name\":\"Categorii de top \u2013 R\u0103sfoi\u021bi ofertele dup\u0103 categorie\",\"isPartOf\":{\"@id\":\"https:\/\/www.couponhoarders.com\/ro\/#website\"},\"datePublished\":\"2024-10-07T06:34:38+00:00\",\"dateModified\":\"2025-12-24T09:53:43+00:00\",\"description\":\"Exploreaz\u0103 o gam\u0103 larg\u0103 de categorii de cupoane la CouponHoarders. G\u0103se\u0219te reduceri \u0219i oferte speciale organizate pe categorii pentru a economisi mai mult la fiecare achizi\u021bie.\",\"breadcrumb\":{\"@id\":\"https:\/\/www.couponhoarders.com\/ro\/categories\/#breadcrumb\"},\"inLanguage\":\"en-US\",\"potentialAction\":[{\"@type\":\"ReadAction\",\"target\":[\"https:\/\/www.couponhoarders.com\/ro\/categories\/\"]}]},{\"@type\":\"BreadcrumbList\",\"@id\":\"https:\/\/www.couponhoarders.com\/ro\/categories\/#breadcrumb\",\"itemListElement\":[{\"@type\":\"ListItem\",\"position\":1,\"name\":\"Home\",\"item\":\"https:\/\/www.couponhoarders.com\/ro\/\"},{\"@type\":\"ListItem\",\"position\":2,\"name\":\"Categorii\"}]},{\"@type\":\"WebSite\",\"@id\":\"https:\/\/www.couponhoarders.com\/ro\/#website\",\"url\":\"https:\/\/www.couponhoarders.com\/ro\/\",\"name\":\"Coupon Hoarders RO\",\"description\":\"\",\"potentialAction\":[{\"@type\":\"SearchAction\",\"target\":{\"@type\":\"EntryPoint\",\"urlTemplate\":\"https:\/\/www.couponhoarders.com\/ro\/?s={search_term_string}\"},\"query-input\":{\"@type\":\"PropertyValueSpecification\",\"valueRequired\":true,\"valueName\":\"search_term_string\"}}],\"inLanguage\":\"en-US\"}]}<\/script>\n<!-- \/ Yoast SEO plugin. -->","yoast_head_json":{"title":"Categorii de top \u2013 R\u0103sfoi\u021bi ofertele dup\u0103 categorie","description":"Exploreaz\u0103 o gam\u0103 larg\u0103 de categorii de cupoane la CouponHoarders. G\u0103se\u0219te reduceri \u0219i oferte speciale organizate pe categorii pentru a economisi mai mult la fiecare achizi\u021bie.","robots":{"index":"index","follow":"follow","max-snippet":"max-snippet:-1","max-image-preview":"max-image-preview:large","max-video-preview":"max-video-preview:-1"},"canonical":"https:\/\/www.couponhoarders.com\/ro\/categories\/","og_locale":"en_US","og_type":"article","og_title":"Categorii de top \u2013 R\u0103sfoi\u021bi ofertele dup\u0103 categorie","og_description":"Exploreaz\u0103 o gam\u0103 larg\u0103 de categorii de cupoane la CouponHoarders. G\u0103se\u0219te reduceri \u0219i oferte speciale organizate pe categorii pentru a economisi mai mult la fiecare achizi\u021bie.","og_url":"https:\/\/www.couponhoarders.com\/ro\/categories\/","og_site_name":"Coupon Hoarders RO","article_modified_time":"2025-12-24T09:53:43+00:00","twitter_card":"summary_large_image","schema":{"@context":"https:\/\/schema.org","@graph":[{"@type":"WebPage","@id":"https:\/\/www.couponhoarders.com\/ro\/categories\/","url":"https:\/\/www.couponhoarders.com\/ro\/categories\/","name":"Categorii de top \u2013 R\u0103sfoi\u021bi ofertele dup\u0103 categorie","isPartOf":{"@id":"https:\/\/www.couponhoarders.com\/ro\/#website"},"datePublished":"2024-10-07T06:34:38+00:00","dateModified":"2025-12-24T09:53:43+00:00","description":"Exploreaz\u0103 o gam\u0103 larg\u0103 de categorii de cupoane la CouponHoarders. G\u0103se\u0219te reduceri \u0219i oferte speciale organizate pe categorii pentru a economisi mai mult la fiecare achizi\u021bie.","breadcrumb":{"@id":"https:\/\/www.couponhoarders.com\/ro\/categories\/#breadcrumb"},"inLanguage":"en-US","potentialAction":[{"@type":"ReadAction","target":["https:\/\/www.couponhoarders.com\/ro\/categories\/"]}]},{"@type":"BreadcrumbList","@id":"https:\/\/www.couponhoarders.com\/ro\/categories\/#breadcrumb","itemListElement":[{"@type":"ListItem","position":1,"name":"Home","item":"https:\/\/www.couponhoarders.com\/ro\/"},{"@type":"ListItem","position":2,"name":"Categorii"}]},{"@type":"WebSite","@id":"https:\/\/www.couponhoarders.com\/ro\/#website","url":"https:\/\/www.couponhoarders.com\/ro\/","name":"Coupon Hoarders RO","description":"","potentialAction":[{"@type":"SearchAction","target":{"@type":"EntryPoint","urlTemplate":"https:\/\/www.couponhoarders.com\/ro\/?s={search_term_string}"},"query-input":{"@type":"PropertyValueSpecification","valueRequired":true,"valueName":"search_term_string"}}],"inLanguage":"en-US"}]}},"_links":{"self":[{"href":"https:\/\/www.couponhoarders.com\/ro\/wp-json\/wp\/v2\/pages\/12","targetHints":{"allow":["GET"]}}],"collection":[{"href":"https:\/\/www.couponhoarders.com\/ro\/wp-json\/wp\/v2\/pages"}],"about":[{"href":"https:\/\/www.couponhoarders.com\/ro\/wp-json\/wp\/v2\/types\/page"}],"author":[{"embeddable":true,"href":"https:\/\/www.couponhoarders.com\/ro\/wp-json\/wp\/v2\/users\/2"}],"replies":[{"embeddable":true,"href":"https:\/\/www.couponhoarders.com\/ro\/wp-json\/wp\/v2\/comments?post=12"}],"version-history":[{"count":2,"href":"https:\/\/www.couponhoarders.com\/ro\/wp-json\/wp\/v2\/pages\/12\/revisions"}],"predecessor-version":[{"id":514,"href":"https:\/\/www.couponhoarders.com\/ro\/wp-json\/wp\/v2\/pages\/12\/revisions\/514"}],"wp:attachment":[{"href":"https:\/\/www.couponhoarders.com\/ro\/wp-json\/wp\/v2\/media?parent=12"}],"curies":[{"name":"wp","href":"https:\/\/api.w.org\/{rel}","templated":true}]}}