{"id":118,"date":"2024-10-09T08:39:57","date_gmt":"2024-10-09T08:39:57","guid":{"rendered":"https:\/\/www.couponhoarders.com\/?page_id=118"},"modified":"2025-12-24T13:46:15","modified_gmt":"2025-12-24T13:46:15","slug":"faqs","status":"publish","type":"page","link":"https:\/\/www.couponhoarders.com\/ro\/faqs\/","title":{"rendered":"\u00centreb\u0103ri frecvente"},"content":{"rendered":"<h2 style=\"text-align: center;\">\u00centreb\u0103ri frecvente<\/h2>\n<h3>Ai o \u00eentrebare?<\/h3>\n<p>E\u0219ti \u00een locul potrivit! Am adunat cele mai frecvente \u00eentreb\u0103ri pentru ca tu s\u0103 g\u0103se\u0219ti rapid r\u0103spunsuri \u2014 f\u0103r\u0103 derulare nesf\u00e2r\u0219it\u0103 sau termeni confuzi.<\/p>\n<p><strong>Ce este un cod CouponHoarders?<\/strong><br \/>\nCouponHoarders este site-ul t\u0103u de \u00eencredere pentru reduceri reale \u0219i func\u021bionale. Colect\u0103m cele mai noi coduri promo\u021bionale, cupoane \u0219i oferte speciale de la branduri de top, astfel \u00eenc\u00e2t s\u0103 economise\u0219ti bani f\u0103r\u0103 a pierde timp c\u0103ut\u00e2ndu-le singur.<\/p>\n<p><strong>Cum folosesc un cupon de pe CouponHoarders?<\/strong><br \/>\nPur \u0219i simplu apas\u0103 pe butonul \u201eOb\u021bine codul\u201d sau \u201eOb\u021bine oferta\u201d de l\u00e2ng\u0103 oferta dorit\u0103. Dac\u0103 este un cod, copiaz\u0103-l \u0219i introdu-l la finalizarea comenzii. Dac\u0103 este o ofert\u0103, te vom direc\u021biona direct c\u0103tre pagina promo\u021bional\u0103 a magazinului.<\/p>\n<p><strong>Am nevoie de un cont pentru a folosi cupoanele?<\/strong><br \/>\nDeloc! Nu este necesar s\u0103 te \u00eenregistrezi sau s\u0103 creezi un cont pentru a folosi cupoanele noastre.<\/p>\n<p><strong>Ofertele de pe CouponHoarders sunt gratuite?<\/strong><br \/>\nDa! Navigarea \u0219i utilizarea cupoanelor noastre sunt complet gratuite.<\/p>\n<p><strong>C\u00e2t de des sunt actualizate cupoanele \u0219i ofertele?<\/strong><br \/>\nActualiz\u0103m ofertele zilnic, pentru a te asigura c\u0103 nu pierzi timp cu reduceri expirate sau nevalide.<\/p>\n<p><strong>Pot folosi mai mult de un cupon pentru aceea\u0219i comand\u0103?<\/strong><br \/>\nDepinde de magazin. Unele magazine permit folosirea mai multor coduri, \u00eens\u0103 majoritatea accept\u0103 un singur cupon per comand\u0103.<\/p>\n<p><strong>Ce fac dac\u0103 un cupon nu func\u021bioneaz\u0103?<\/strong><br \/>\nOcazional, un cupon poate s\u0103 nu func\u021bioneze. Dac\u0103 se \u00eent\u00e2mpl\u0103 acest lucru, contacteaz\u0103-ne prin pagina de contact \u0219i vom \u00eencerca s\u0103 \u00ee\u021bi oferim o alternativ\u0103 valid\u0103.<\/p>\n<p><strong>Oferi\u021bi doar cupoane online sau \u0219i cupoane pentru magazine fizice?<\/strong><br \/>\nNe concentr\u0103m \u00een principal pe cupoane online, \u00eens\u0103 eviden\u021biem \u0219i ofertele disponibile \u00een magazinele fizice atunci c\u00e2nd acestea exist\u0103.<\/p>\n","protected":false},"excerpt":{"rendered":"<p>\u00centreb\u0103ri frecvente Ai o \u00eentrebare? E\u0219ti \u00een locul potrivit! Am adunat cele mai frecvente \u00eentreb\u0103ri pentru ca tu s\u0103 g\u0103se\u0219ti rapid r\u0103spunsuri \u2014 f\u0103r\u0103 derulare nesf\u00e2r\u0219it\u0103 sau termeni confuzi. Ce este un cod CouponHoarders? CouponHoarders este site-ul t\u0103u de \u00eencredere pentru reduceri reale \u0219i func\u021bionale. Colect\u0103m cele mai noi coduri promo\u021bionale, cupoane \u0219i oferte speciale [&hellip;]<\/p>\n","protected":false},"author":2,"featured_media":0,"parent":0,"menu_order":0,"comment_status":"closed","ping_status":"closed","template":"","meta":{"_acf_changed":false,"footnotes":""},"class_list":["post-118","page","type-page","status-publish","hentry"],"acf":[],"yoast_head":"<!-- This site is optimized with the Yoast SEO plugin v26.6 - https:\/\/yoast.com\/wordpress\/plugins\/seo\/ -->\n<title>\u00centreb\u0103ri frecvente \u2013 Ajutor pentru cupoane, coduri promo\u021bionale \u0219i oferte<\/title>\n<meta name=\"description\" content=\"G\u0103se\u0219te r\u0103spunsuri la \u00eentreb\u0103ri frecvente despre cupoane \u0219i oferte de reducere la CouponHoarders. Afl\u0103 cum s\u0103 economise\u0219ti bani \u0219i s\u0103 ob\u021bii cele mai bune oferte.\" \/>\n<meta name=\"robots\" content=\"index, follow, max-snippet:-1, max-image-preview:large, max-video-preview:-1\" \/>\n<link rel=\"canonical\" href=\"https:\/\/www.couponhoarders.com\/ro\/faqs\/\" \/>\n<meta property=\"og:locale\" content=\"en_US\" \/>\n<meta property=\"og:type\" content=\"article\" \/>\n<meta property=\"og:title\" content=\"\u00centreb\u0103ri frecvente \u2013 Ajutor pentru cupoane, coduri promo\u021bionale \u0219i oferte\" \/>\n<meta property=\"og:description\" content=\"G\u0103se\u0219te r\u0103spunsuri la \u00eentreb\u0103ri frecvente despre cupoane \u0219i oferte de reducere la CouponHoarders. Afl\u0103 cum s\u0103 economise\u0219ti bani \u0219i s\u0103 ob\u021bii cele mai bune oferte.\" \/>\n<meta property=\"og:url\" content=\"https:\/\/www.couponhoarders.com\/ro\/faqs\/\" \/>\n<meta property=\"og:site_name\" content=\"Coupon Hoarders RO\" \/>\n<meta property=\"article:modified_time\" content=\"2025-12-24T13:46:15+00:00\" \/>\n<meta name=\"twitter:card\" content=\"summary_large_image\" \/>\n<meta name=\"twitter:label1\" content=\"Est. reading time\" \/>\n\t<meta name=\"twitter:data1\" content=\"2 minutes\" \/>\n<script type=\"application\/ld+json\" class=\"yoast-schema-graph\">{\"@context\":\"https:\/\/schema.org\",\"@graph\":[{\"@type\":\"WebPage\",\"@id\":\"https:\/\/www.couponhoarders.com\/ro\/faqs\/\",\"url\":\"https:\/\/www.couponhoarders.com\/ro\/faqs\/\",\"name\":\"\u00centreb\u0103ri frecvente \u2013 Ajutor pentru cupoane, coduri promo\u021bionale \u0219i oferte\",\"isPartOf\":{\"@id\":\"https:\/\/www.couponhoarders.com\/ro\/#website\"},\"datePublished\":\"2024-10-09T08:39:57+00:00\",\"dateModified\":\"2025-12-24T13:46:15+00:00\",\"description\":\"G\u0103se\u0219te r\u0103spunsuri la \u00eentreb\u0103ri frecvente despre cupoane \u0219i oferte de reducere la CouponHoarders. Afl\u0103 cum s\u0103 economise\u0219ti bani \u0219i s\u0103 ob\u021bii cele mai bune oferte.\",\"breadcrumb\":{\"@id\":\"https:\/\/www.couponhoarders.com\/ro\/faqs\/#breadcrumb\"},\"inLanguage\":\"en-US\",\"potentialAction\":[{\"@type\":\"ReadAction\",\"target\":[\"https:\/\/www.couponhoarders.com\/ro\/faqs\/\"]}]},{\"@type\":\"BreadcrumbList\",\"@id\":\"https:\/\/www.couponhoarders.com\/ro\/faqs\/#breadcrumb\",\"itemListElement\":[{\"@type\":\"ListItem\",\"position\":1,\"name\":\"Home\",\"item\":\"https:\/\/www.couponhoarders.com\/ro\/\"},{\"@type\":\"ListItem\",\"position\":2,\"name\":\"\u00centreb\u0103ri frecvente\"}]},{\"@type\":\"WebSite\",\"@id\":\"https:\/\/www.couponhoarders.com\/ro\/#website\",\"url\":\"https:\/\/www.couponhoarders.com\/ro\/\",\"name\":\"Coupon Hoarders RO\",\"description\":\"\",\"potentialAction\":[{\"@type\":\"SearchAction\",\"target\":{\"@type\":\"EntryPoint\",\"urlTemplate\":\"https:\/\/www.couponhoarders.com\/ro\/?s={search_term_string}\"},\"query-input\":{\"@type\":\"PropertyValueSpecification\",\"valueRequired\":true,\"valueName\":\"search_term_string\"}}],\"inLanguage\":\"en-US\"}]}<\/script>\n<!-- \/ Yoast SEO plugin. -->","yoast_head_json":{"title":"\u00centreb\u0103ri frecvente \u2013 Ajutor pentru cupoane, coduri promo\u021bionale \u0219i oferte","description":"G\u0103se\u0219te r\u0103spunsuri la \u00eentreb\u0103ri frecvente despre cupoane \u0219i oferte de reducere la CouponHoarders. Afl\u0103 cum s\u0103 economise\u0219ti bani \u0219i s\u0103 ob\u021bii cele mai bune oferte.","robots":{"index":"index","follow":"follow","max-snippet":"max-snippet:-1","max-image-preview":"max-image-preview:large","max-video-preview":"max-video-preview:-1"},"canonical":"https:\/\/www.couponhoarders.com\/ro\/faqs\/","og_locale":"en_US","og_type":"article","og_title":"\u00centreb\u0103ri frecvente \u2013 Ajutor pentru cupoane, coduri promo\u021bionale \u0219i oferte","og_description":"G\u0103se\u0219te r\u0103spunsuri la \u00eentreb\u0103ri frecvente despre cupoane \u0219i oferte de reducere la CouponHoarders. Afl\u0103 cum s\u0103 economise\u0219ti bani \u0219i s\u0103 ob\u021bii cele mai bune oferte.","og_url":"https:\/\/www.couponhoarders.com\/ro\/faqs\/","og_site_name":"Coupon Hoarders RO","article_modified_time":"2025-12-24T13:46:15+00:00","twitter_card":"summary_large_image","twitter_misc":{"Est. reading time":"2 minutes"},"schema":{"@context":"https:\/\/schema.org","@graph":[{"@type":"WebPage","@id":"https:\/\/www.couponhoarders.com\/ro\/faqs\/","url":"https:\/\/www.couponhoarders.com\/ro\/faqs\/","name":"\u00centreb\u0103ri frecvente \u2013 Ajutor pentru cupoane, coduri promo\u021bionale \u0219i oferte","isPartOf":{"@id":"https:\/\/www.couponhoarders.com\/ro\/#website"},"datePublished":"2024-10-09T08:39:57+00:00","dateModified":"2025-12-24T13:46:15+00:00","description":"G\u0103se\u0219te r\u0103spunsuri la \u00eentreb\u0103ri frecvente despre cupoane \u0219i oferte de reducere la CouponHoarders. Afl\u0103 cum s\u0103 economise\u0219ti bani \u0219i s\u0103 ob\u021bii cele mai bune oferte.","breadcrumb":{"@id":"https:\/\/www.couponhoarders.com\/ro\/faqs\/#breadcrumb"},"inLanguage":"en-US","potentialAction":[{"@type":"ReadAction","target":["https:\/\/www.couponhoarders.com\/ro\/faqs\/"]}]},{"@type":"BreadcrumbList","@id":"https:\/\/www.couponhoarders.com\/ro\/faqs\/#breadcrumb","itemListElement":[{"@type":"ListItem","position":1,"name":"Home","item":"https:\/\/www.couponhoarders.com\/ro\/"},{"@type":"ListItem","position":2,"name":"\u00centreb\u0103ri frecvente"}]},{"@type":"WebSite","@id":"https:\/\/www.couponhoarders.com\/ro\/#website","url":"https:\/\/www.couponhoarders.com\/ro\/","name":"Coupon Hoarders RO","description":"","potentialAction":[{"@type":"SearchAction","target":{"@type":"EntryPoint","urlTemplate":"https:\/\/www.couponhoarders.com\/ro\/?s={search_term_string}"},"query-input":{"@type":"PropertyValueSpecification","valueRequired":true,"valueName":"search_term_string"}}],"inLanguage":"en-US"}]}},"_links":{"self":[{"href":"https:\/\/www.couponhoarders.com\/ro\/wp-json\/wp\/v2\/pages\/118","targetHints":{"allow":["GET"]}}],"collection":[{"href":"https:\/\/www.couponhoarders.com\/ro\/wp-json\/wp\/v2\/pages"}],"about":[{"href":"https:\/\/www.couponhoarders.com\/ro\/wp-json\/wp\/v2\/types\/page"}],"author":[{"embeddable":true,"href":"https:\/\/www.couponhoarders.com\/ro\/wp-json\/wp\/v2\/users\/2"}],"replies":[{"embeddable":true,"href":"https:\/\/www.couponhoarders.com\/ro\/wp-json\/wp\/v2\/comments?post=118"}],"version-history":[{"count":3,"href":"https:\/\/www.couponhoarders.com\/ro\/wp-json\/wp\/v2\/pages\/118\/revisions"}],"predecessor-version":[{"id":521,"href":"https:\/\/www.couponhoarders.com\/ro\/wp-json\/wp\/v2\/pages\/118\/revisions\/521"}],"wp:attachment":[{"href":"https:\/\/www.couponhoarders.com\/ro\/wp-json\/wp\/v2\/media?parent=118"}],"curies":[{"name":"wp","href":"https:\/\/api.w.org\/{rel}","templated":true}]}}