{"id":122,"date":"2024-10-10T07:40:10","date_gmt":"2024-10-10T07:40:10","guid":{"rendered":"https:\/\/www.couponhoarders.com\/?page_id=122"},"modified":"2025-12-24T12:33:45","modified_gmt":"2025-12-24T12:33:45","slug":"about-us","status":"publish","type":"page","link":"https:\/\/www.couponhoarders.com\/pt\/about-us\/","title":{"rendered":"Sobre n\u00f3s"},"content":{"rendered":"<h2 style=\"text-align: center;\">Sobre a CouponHoarders<\/h2>\n<p>Na CouponHoarders, acreditamos que poupar dinheiro deve ser simples e divertido. A nossa miss\u00e3o \u00e9 clara: ajud\u00e1-lo a poupar sem que isso se torne um trabalho a tempo inteiro. Sabemos como \u00e9 frustrante procurar \u201cofertas incr\u00edveis\u201d e descobrir que est\u00e3o expiradas ou n\u00e3o funcionam \u2013 e odiamos isso tanto quanto voc\u00ea.<\/p>\n<p>Por isso, dedicamos o nosso tempo a encontrar ofertas que realmente valem a pena. Desde moda e gadgets at\u00e9 supermercados e viagens \u2013 se o ajudar a poupar, encontrar\u00e1 tudo aqui.<\/p>\n<h3>Por que comprar connosco?<\/h3>\n<ul>\n<li><strong>Ofertas verificadas:<\/strong> Garantimos que tudo est\u00e1 atualizado para que n\u00e3o perca tempo com links inv\u00e1lidos.<\/li>\n<li><span style=\"box-sizing: border-box; margin: 0px; padding: 0px;\"><strong>Variedade de lojas:<\/strong> de marcas conhecidas a tesouros escondidos \u2013 temos tudo.<\/span><\/li>\n<li><strong>Poupar sem complica\u00e7\u00f5es:<\/strong> Veja, use, poupe \u2013 \u00e9 simples assim.<\/li>\n<\/ul>\n<h3>Por que escolher a CouponHoarders?<\/h3>\n<p>Com tantos sites de cup\u00f5es, o que torna a CouponHoarders diferente? Eis por que somos o seu parceiro de poupan\u00e7a de confian\u00e7a:<\/p>\n<ul>\n<li><strong>C\u00f3digos que realmente funcionam<\/strong>: Chega de clicar sem fim \u2013 os nossos cup\u00f5es s\u00e3o testados e verificados.<\/li>\n<li><strong>Ofertas novas todos os dias<\/strong>: A cada dia adicionamos novas promo\u00e7\u00f5es, por isso h\u00e1 sempre algo em que poupar.<\/li>\n<li><strong>Todos os seus favoritos num s\u00f3 lugar<\/strong>: Descubra tanto marcas populares quanto tesouros escondidos que ainda n\u00e3o experimentou.<\/li>\n<li><strong>Sem necessidade de registo<\/strong>: Pesquise, clique e poupe \u2013 sem complica\u00e7\u00f5es.<\/li>\n<li><strong>Valorizamos o seu tempo<\/strong>: fazemos o trabalho por si, para que n\u00e3o perca horas a percorrer ofertas expiradas.<\/li>\n<\/ul>\n","protected":false},"excerpt":{"rendered":"<p>Sobre a CouponHoarders Na CouponHoarders, acreditamos que poupar dinheiro deve ser simples e divertido. A nossa miss\u00e3o \u00e9 clara: ajud\u00e1-lo a poupar sem que isso se torne um trabalho a tempo inteiro. Sabemos como \u00e9 frustrante procurar \u201cofertas incr\u00edveis\u201d e descobrir que est\u00e3o expiradas ou n\u00e3o funcionam \u2013 e odiamos isso tanto quanto voc\u00ea. Por [&hellip;]<\/p>\n","protected":false},"author":2,"featured_media":0,"parent":0,"menu_order":0,"comment_status":"closed","ping_status":"closed","template":"pages\/about-us.php","meta":{"_acf_changed":false,"footnotes":""},"class_list":["post-122","page","type-page","status-publish","hentry"],"acf":[],"yoast_head":"<!-- This site is optimized with the Yoast SEO plugin v26.6 - https:\/\/yoast.com\/wordpress\/plugins\/seo\/ -->\n<title>Sobre n\u00f3s \u2013 A sua fonte fi\u00e1vel de cup\u00f5es e ofertas<\/title>\n<meta name=\"description\" content=\"Saiba mais sobre n\u00f3s, o seu destino de confian\u00e7a para os cup\u00f5es e ofertas de desconto mais recentes. A nossa miss\u00e3o \u00e9 ajud\u00e1-lo a poupar dinheiro sem esfor\u00e7o enquanto faz compras online.\" \/>\n<meta name=\"robots\" content=\"index, follow, max-snippet:-1, max-image-preview:large, max-video-preview:-1\" \/>\n<link rel=\"canonical\" href=\"https:\/\/www.couponhoarders.com\/pt\/about-us\/\" \/>\n<meta property=\"og:locale\" content=\"en_US\" \/>\n<meta property=\"og:type\" content=\"article\" \/>\n<meta property=\"og:title\" content=\"Sobre n\u00f3s \u2013 A sua fonte fi\u00e1vel de cup\u00f5es e ofertas\" \/>\n<meta property=\"og:description\" content=\"Saiba mais sobre n\u00f3s, o seu destino de confian\u00e7a para os cup\u00f5es e ofertas de desconto mais recentes. A nossa miss\u00e3o \u00e9 ajud\u00e1-lo a poupar dinheiro sem esfor\u00e7o enquanto faz compras online.\" \/>\n<meta property=\"og:url\" content=\"https:\/\/www.couponhoarders.com\/pt\/about-us\/\" \/>\n<meta property=\"og:site_name\" content=\"Coupon Hoarders PT\" \/>\n<meta property=\"article:modified_time\" content=\"2025-12-24T12:33:45+00:00\" \/>\n<meta name=\"twitter:card\" content=\"summary_large_image\" \/>\n<meta name=\"twitter:label1\" content=\"Est. reading time\" \/>\n\t<meta name=\"twitter:data1\" content=\"2 minutes\" \/>\n<script type=\"application\/ld+json\" class=\"yoast-schema-graph\">{\"@context\":\"https:\/\/schema.org\",\"@graph\":[{\"@type\":\"WebPage\",\"@id\":\"https:\/\/www.couponhoarders.com\/pt\/about-us\/\",\"url\":\"https:\/\/www.couponhoarders.com\/pt\/about-us\/\",\"name\":\"Sobre n\u00f3s \u2013 A sua fonte fi\u00e1vel de cup\u00f5es e ofertas\",\"isPartOf\":{\"@id\":\"https:\/\/www.couponhoarders.com\/pt\/#website\"},\"datePublished\":\"2024-10-10T07:40:10+00:00\",\"dateModified\":\"2025-12-24T12:33:45+00:00\",\"description\":\"Saiba mais sobre n\u00f3s, o seu destino de confian\u00e7a para os cup\u00f5es e ofertas de desconto mais recentes. A nossa miss\u00e3o \u00e9 ajud\u00e1-lo a poupar dinheiro sem esfor\u00e7o enquanto faz compras online.\",\"breadcrumb\":{\"@id\":\"https:\/\/www.couponhoarders.com\/pt\/about-us\/#breadcrumb\"},\"inLanguage\":\"en-US\",\"potentialAction\":[{\"@type\":\"ReadAction\",\"target\":[\"https:\/\/www.couponhoarders.com\/pt\/about-us\/\"]}]},{\"@type\":\"BreadcrumbList\",\"@id\":\"https:\/\/www.couponhoarders.com\/pt\/about-us\/#breadcrumb\",\"itemListElement\":[{\"@type\":\"ListItem\",\"position\":1,\"name\":\"Home\",\"item\":\"https:\/\/www.couponhoarders.com\/pt\/\"},{\"@type\":\"ListItem\",\"position\":2,\"name\":\"Sobre n\u00f3s\"}]},{\"@type\":\"WebSite\",\"@id\":\"https:\/\/www.couponhoarders.com\/pt\/#website\",\"url\":\"https:\/\/www.couponhoarders.com\/pt\/\",\"name\":\"Coupon Hoarders PT\",\"description\":\"\",\"potentialAction\":[{\"@type\":\"SearchAction\",\"target\":{\"@type\":\"EntryPoint\",\"urlTemplate\":\"https:\/\/www.couponhoarders.com\/pt\/?s={search_term_string}\"},\"query-input\":{\"@type\":\"PropertyValueSpecification\",\"valueRequired\":true,\"valueName\":\"search_term_string\"}}],\"inLanguage\":\"en-US\"}]}<\/script>\n<!-- \/ Yoast SEO plugin. -->","yoast_head_json":{"title":"Sobre n\u00f3s \u2013 A sua fonte fi\u00e1vel de cup\u00f5es e ofertas","description":"Saiba mais sobre n\u00f3s, o seu destino de confian\u00e7a para os cup\u00f5es e ofertas de desconto mais recentes. A nossa miss\u00e3o \u00e9 ajud\u00e1-lo a poupar dinheiro sem esfor\u00e7o enquanto faz compras online.","robots":{"index":"index","follow":"follow","max-snippet":"max-snippet:-1","max-image-preview":"max-image-preview:large","max-video-preview":"max-video-preview:-1"},"canonical":"https:\/\/www.couponhoarders.com\/pt\/about-us\/","og_locale":"en_US","og_type":"article","og_title":"Sobre n\u00f3s \u2013 A sua fonte fi\u00e1vel de cup\u00f5es e ofertas","og_description":"Saiba mais sobre n\u00f3s, o seu destino de confian\u00e7a para os cup\u00f5es e ofertas de desconto mais recentes. A nossa miss\u00e3o \u00e9 ajud\u00e1-lo a poupar dinheiro sem esfor\u00e7o enquanto faz compras online.","og_url":"https:\/\/www.couponhoarders.com\/pt\/about-us\/","og_site_name":"Coupon Hoarders PT","article_modified_time":"2025-12-24T12:33:45+00:00","twitter_card":"summary_large_image","twitter_misc":{"Est. reading time":"2 minutes"},"schema":{"@context":"https:\/\/schema.org","@graph":[{"@type":"WebPage","@id":"https:\/\/www.couponhoarders.com\/pt\/about-us\/","url":"https:\/\/www.couponhoarders.com\/pt\/about-us\/","name":"Sobre n\u00f3s \u2013 A sua fonte fi\u00e1vel de cup\u00f5es e ofertas","isPartOf":{"@id":"https:\/\/www.couponhoarders.com\/pt\/#website"},"datePublished":"2024-10-10T07:40:10+00:00","dateModified":"2025-12-24T12:33:45+00:00","description":"Saiba mais sobre n\u00f3s, o seu destino de confian\u00e7a para os cup\u00f5es e ofertas de desconto mais recentes. A nossa miss\u00e3o \u00e9 ajud\u00e1-lo a poupar dinheiro sem esfor\u00e7o enquanto faz compras online.","breadcrumb":{"@id":"https:\/\/www.couponhoarders.com\/pt\/about-us\/#breadcrumb"},"inLanguage":"en-US","potentialAction":[{"@type":"ReadAction","target":["https:\/\/www.couponhoarders.com\/pt\/about-us\/"]}]},{"@type":"BreadcrumbList","@id":"https:\/\/www.couponhoarders.com\/pt\/about-us\/#breadcrumb","itemListElement":[{"@type":"ListItem","position":1,"name":"Home","item":"https:\/\/www.couponhoarders.com\/pt\/"},{"@type":"ListItem","position":2,"name":"Sobre n\u00f3s"}]},{"@type":"WebSite","@id":"https:\/\/www.couponhoarders.com\/pt\/#website","url":"https:\/\/www.couponhoarders.com\/pt\/","name":"Coupon Hoarders PT","description":"","potentialAction":[{"@type":"SearchAction","target":{"@type":"EntryPoint","urlTemplate":"https:\/\/www.couponhoarders.com\/pt\/?s={search_term_string}"},"query-input":{"@type":"PropertyValueSpecification","valueRequired":true,"valueName":"search_term_string"}}],"inLanguage":"en-US"}]}},"_links":{"self":[{"href":"https:\/\/www.couponhoarders.com\/pt\/wp-json\/wp\/v2\/pages\/122","targetHints":{"allow":["GET"]}}],"collection":[{"href":"https:\/\/www.couponhoarders.com\/pt\/wp-json\/wp\/v2\/pages"}],"about":[{"href":"https:\/\/www.couponhoarders.com\/pt\/wp-json\/wp\/v2\/types\/page"}],"author":[{"embeddable":true,"href":"https:\/\/www.couponhoarders.com\/pt\/wp-json\/wp\/v2\/users\/2"}],"replies":[{"embeddable":true,"href":"https:\/\/www.couponhoarders.com\/pt\/wp-json\/wp\/v2\/comments?post=122"}],"version-history":[{"count":3,"href":"https:\/\/www.couponhoarders.com\/pt\/wp-json\/wp\/v2\/pages\/122\/revisions"}],"predecessor-version":[{"id":541,"href":"https:\/\/www.couponhoarders.com\/pt\/wp-json\/wp\/v2\/pages\/122\/revisions\/541"}],"wp:attachment":[{"href":"https:\/\/www.couponhoarders.com\/pt\/wp-json\/wp\/v2\/media?parent=122"}],"curies":[{"name":"wp","href":"https:\/\/api.w.org\/{rel}","templated":true}]}}