{"id":118,"date":"2024-10-09T08:39:57","date_gmt":"2024-10-09T08:39:57","guid":{"rendered":"https:\/\/www.couponhoarders.com\/?page_id=118"},"modified":"2025-12-24T13:38:12","modified_gmt":"2025-12-24T13:38:12","slug":"faqs","status":"publish","type":"page","link":"https:\/\/www.couponhoarders.com\/pt\/faqs\/","title":{"rendered":"Perguntas frequentes"},"content":{"rendered":"<h2 style=\"text-align: center;\">Perguntas Frequentes<\/h2>\n<h3>Tem alguma d\u00favida?<\/h3>\n<p>Voc\u00ea est\u00e1 no lugar certo! Reunimos as perguntas mais comuns para que voc\u00ea encontre respostas rapidamente \u2014 sem rolagem infinita nem termos complicados.<\/p>\n<p><strong>O que \u00e9 um c\u00f3digo do CouponHoarders?<\/strong><br \/>\nO CouponHoarders \u00e9 o seu site ideal para descontos reais e funcionando. Reunimos os c\u00f3digos promocionais, cupons e ofertas especiais mais recentes das principais marcas para que voc\u00ea economize sem ter que procurar por conta pr\u00f3pria.<\/p>\n<p><strong>Como usar um cupom do CouponHoarders?<\/strong><br \/>\nBasta clicar no bot\u00e3o \u201cObter C\u00f3digo\u201d ou \u201cVer Oferta\u201d ao lado da promo\u00e7\u00e3o desejada. Se for um c\u00f3digo, copie-o e insira-o no checkout. Se for uma oferta, voc\u00ea ser\u00e1 direcionado diretamente para a p\u00e1gina da promo\u00e7\u00e3o na loja.<\/p>\n<p><strong>Preciso de uma conta para usar os cupons?<\/strong><br \/>\nN\u00e3o! Voc\u00ea n\u00e3o precisa se cadastrar nem criar uma conta para usar nossos cupons.<\/p>\n<p><strong>As ofertas do CouponHoarders s\u00e3o gratuitas?<\/strong><br \/>\nSim! Navegar e usar nossos cupons \u00e9 totalmente gratuito.<\/p>\n<p><strong>Com que frequ\u00eancia os cupons e as ofertas s\u00e3o atualizados?<\/strong><br \/>\nAtualizamos nossas ofertas diariamente, garantindo que voc\u00ea n\u00e3o perca tempo com cupons vencidos ou inv\u00e1lidos.<\/p>\n<p><strong>Posso usar mais de um cupom no mesmo pedido?<\/strong><br \/>\nDepende da loja. Alguns varejistas permitem combinar cupons, mas a maioria aceita apenas um por pedido.<\/p>\n<p><strong>O que devo fazer se um cupom n\u00e3o funcionar?<\/strong><br \/>\nOcasionalmente, um cupom pode n\u00e3o funcionar. Se isso acontecer, entre em contato conosco pelo nosso formul\u00e1rio de contato e tentaremos fornecer uma alternativa v\u00e1lida.<\/p>\n<p><strong>Voc\u00eas oferecem apenas cupons online ou tamb\u00e9m para lojas f\u00edsicas?<\/strong><br \/>\nNosso foco principal s\u00e3o cupons online, mas tamb\u00e9m destacamos ofertas para lojas f\u00edsicas sempre que estiverem dispon\u00edveis.<\/p>\n","protected":false},"excerpt":{"rendered":"<p>Perguntas Frequentes Tem alguma d\u00favida? Voc\u00ea est\u00e1 no lugar certo! Reunimos as perguntas mais comuns para que voc\u00ea encontre respostas rapidamente \u2014 sem rolagem infinita nem termos complicados. O que \u00e9 um c\u00f3digo do CouponHoarders? O CouponHoarders \u00e9 o seu site ideal para descontos reais e funcionando. Reunimos os c\u00f3digos promocionais, cupons e ofertas especiais [&hellip;]<\/p>\n","protected":false},"author":2,"featured_media":0,"parent":0,"menu_order":0,"comment_status":"closed","ping_status":"closed","template":"","meta":{"_acf_changed":false,"footnotes":""},"class_list":["post-118","page","type-page","status-publish","hentry"],"acf":[],"yoast_head":"<!-- This site is optimized with the Yoast SEO plugin v26.6 - https:\/\/yoast.com\/wordpress\/plugins\/seo\/ -->\n<title>Perguntas frequentes \u2013 Cup\u00f5es, c\u00f3digos promocionais e ofertas<\/title>\n<meta name=\"description\" content=\"Encontre respostas a perguntas frequentes sobre cup\u00f5es e ofertas de desconto no CouponHoarders. Saiba como poupar dinheiro e obter as melhores ofertas.\" \/>\n<meta name=\"robots\" content=\"index, follow, max-snippet:-1, max-image-preview:large, max-video-preview:-1\" \/>\n<link rel=\"canonical\" href=\"https:\/\/www.couponhoarders.com\/pt\/faqs\/\" \/>\n<meta property=\"og:locale\" content=\"en_US\" \/>\n<meta property=\"og:type\" content=\"article\" \/>\n<meta property=\"og:title\" content=\"Perguntas frequentes \u2013 Cup\u00f5es, c\u00f3digos promocionais e ofertas\" \/>\n<meta property=\"og:description\" content=\"Encontre respostas a perguntas frequentes sobre cup\u00f5es e ofertas de desconto no CouponHoarders. Saiba como poupar dinheiro e obter as melhores ofertas.\" \/>\n<meta property=\"og:url\" content=\"https:\/\/www.couponhoarders.com\/pt\/faqs\/\" \/>\n<meta property=\"og:site_name\" content=\"Coupon Hoarders PT\" \/>\n<meta property=\"article:modified_time\" content=\"2025-12-24T13:38:12+00:00\" \/>\n<meta name=\"twitter:card\" content=\"summary_large_image\" \/>\n<meta name=\"twitter:label1\" content=\"Est. reading time\" \/>\n\t<meta name=\"twitter:data1\" content=\"2 minutes\" \/>\n<script type=\"application\/ld+json\" class=\"yoast-schema-graph\">{\"@context\":\"https:\/\/schema.org\",\"@graph\":[{\"@type\":\"WebPage\",\"@id\":\"https:\/\/www.couponhoarders.com\/pt\/faqs\/\",\"url\":\"https:\/\/www.couponhoarders.com\/pt\/faqs\/\",\"name\":\"Perguntas frequentes \u2013 Cup\u00f5es, c\u00f3digos promocionais e ofertas\",\"isPartOf\":{\"@id\":\"https:\/\/www.couponhoarders.com\/pt\/#website\"},\"datePublished\":\"2024-10-09T08:39:57+00:00\",\"dateModified\":\"2025-12-24T13:38:12+00:00\",\"description\":\"Encontre respostas a perguntas frequentes sobre cup\u00f5es e ofertas de desconto no CouponHoarders. Saiba como poupar dinheiro e obter as melhores ofertas.\",\"breadcrumb\":{\"@id\":\"https:\/\/www.couponhoarders.com\/pt\/faqs\/#breadcrumb\"},\"inLanguage\":\"en-US\",\"potentialAction\":[{\"@type\":\"ReadAction\",\"target\":[\"https:\/\/www.couponhoarders.com\/pt\/faqs\/\"]}]},{\"@type\":\"BreadcrumbList\",\"@id\":\"https:\/\/www.couponhoarders.com\/pt\/faqs\/#breadcrumb\",\"itemListElement\":[{\"@type\":\"ListItem\",\"position\":1,\"name\":\"Home\",\"item\":\"https:\/\/www.couponhoarders.com\/pt\/\"},{\"@type\":\"ListItem\",\"position\":2,\"name\":\"Perguntas frequentes\"}]},{\"@type\":\"WebSite\",\"@id\":\"https:\/\/www.couponhoarders.com\/pt\/#website\",\"url\":\"https:\/\/www.couponhoarders.com\/pt\/\",\"name\":\"Coupon Hoarders PT\",\"description\":\"\",\"potentialAction\":[{\"@type\":\"SearchAction\",\"target\":{\"@type\":\"EntryPoint\",\"urlTemplate\":\"https:\/\/www.couponhoarders.com\/pt\/?s={search_term_string}\"},\"query-input\":{\"@type\":\"PropertyValueSpecification\",\"valueRequired\":true,\"valueName\":\"search_term_string\"}}],\"inLanguage\":\"en-US\"}]}<\/script>\n<!-- \/ Yoast SEO plugin. -->","yoast_head_json":{"title":"Perguntas frequentes \u2013 Cup\u00f5es, c\u00f3digos promocionais e ofertas","description":"Encontre respostas a perguntas frequentes sobre cup\u00f5es e ofertas de desconto no CouponHoarders. Saiba como poupar dinheiro e obter as melhores ofertas.","robots":{"index":"index","follow":"follow","max-snippet":"max-snippet:-1","max-image-preview":"max-image-preview:large","max-video-preview":"max-video-preview:-1"},"canonical":"https:\/\/www.couponhoarders.com\/pt\/faqs\/","og_locale":"en_US","og_type":"article","og_title":"Perguntas frequentes \u2013 Cup\u00f5es, c\u00f3digos promocionais e ofertas","og_description":"Encontre respostas a perguntas frequentes sobre cup\u00f5es e ofertas de desconto no CouponHoarders. Saiba como poupar dinheiro e obter as melhores ofertas.","og_url":"https:\/\/www.couponhoarders.com\/pt\/faqs\/","og_site_name":"Coupon Hoarders PT","article_modified_time":"2025-12-24T13:38:12+00:00","twitter_card":"summary_large_image","twitter_misc":{"Est. reading time":"2 minutes"},"schema":{"@context":"https:\/\/schema.org","@graph":[{"@type":"WebPage","@id":"https:\/\/www.couponhoarders.com\/pt\/faqs\/","url":"https:\/\/www.couponhoarders.com\/pt\/faqs\/","name":"Perguntas frequentes \u2013 Cup\u00f5es, c\u00f3digos promocionais e ofertas","isPartOf":{"@id":"https:\/\/www.couponhoarders.com\/pt\/#website"},"datePublished":"2024-10-09T08:39:57+00:00","dateModified":"2025-12-24T13:38:12+00:00","description":"Encontre respostas a perguntas frequentes sobre cup\u00f5es e ofertas de desconto no CouponHoarders. Saiba como poupar dinheiro e obter as melhores ofertas.","breadcrumb":{"@id":"https:\/\/www.couponhoarders.com\/pt\/faqs\/#breadcrumb"},"inLanguage":"en-US","potentialAction":[{"@type":"ReadAction","target":["https:\/\/www.couponhoarders.com\/pt\/faqs\/"]}]},{"@type":"BreadcrumbList","@id":"https:\/\/www.couponhoarders.com\/pt\/faqs\/#breadcrumb","itemListElement":[{"@type":"ListItem","position":1,"name":"Home","item":"https:\/\/www.couponhoarders.com\/pt\/"},{"@type":"ListItem","position":2,"name":"Perguntas frequentes"}]},{"@type":"WebSite","@id":"https:\/\/www.couponhoarders.com\/pt\/#website","url":"https:\/\/www.couponhoarders.com\/pt\/","name":"Coupon Hoarders PT","description":"","potentialAction":[{"@type":"SearchAction","target":{"@type":"EntryPoint","urlTemplate":"https:\/\/www.couponhoarders.com\/pt\/?s={search_term_string}"},"query-input":{"@type":"PropertyValueSpecification","valueRequired":true,"valueName":"search_term_string"}}],"inLanguage":"en-US"}]}},"_links":{"self":[{"href":"https:\/\/www.couponhoarders.com\/pt\/wp-json\/wp\/v2\/pages\/118","targetHints":{"allow":["GET"]}}],"collection":[{"href":"https:\/\/www.couponhoarders.com\/pt\/wp-json\/wp\/v2\/pages"}],"about":[{"href":"https:\/\/www.couponhoarders.com\/pt\/wp-json\/wp\/v2\/types\/page"}],"author":[{"embeddable":true,"href":"https:\/\/www.couponhoarders.com\/pt\/wp-json\/wp\/v2\/users\/2"}],"replies":[{"embeddable":true,"href":"https:\/\/www.couponhoarders.com\/pt\/wp-json\/wp\/v2\/comments?post=118"}],"version-history":[{"count":3,"href":"https:\/\/www.couponhoarders.com\/pt\/wp-json\/wp\/v2\/pages\/118\/revisions"}],"predecessor-version":[{"id":542,"href":"https:\/\/www.couponhoarders.com\/pt\/wp-json\/wp\/v2\/pages\/118\/revisions\/542"}],"wp:attachment":[{"href":"https:\/\/www.couponhoarders.com\/pt\/wp-json\/wp\/v2\/media?parent=118"}],"curies":[{"name":"wp","href":"https:\/\/api.w.org\/{rel}","templated":true}]}}