{"id":8,"date":"2024-10-07T06:34:04","date_gmt":"2024-10-07T06:34:04","guid":{"rendered":"https:\/\/www.couponhoarders.com\/?page_id=8"},"modified":"2025-12-24T10:37:50","modified_gmt":"2025-12-24T10:37:50","slug":"stores","status":"publish","type":"page","link":"https:\/\/www.couponhoarders.com\/pl\/stores\/","title":{"rendered":"Sklepy"},"content":{"rendered":"","protected":false},"excerpt":{"rendered":"","protected":false},"author":2,"featured_media":0,"parent":0,"menu_order":0,"comment_status":"closed","ping_status":"closed","template":"all-stores-template.php","meta":{"_acf_changed":false,"footnotes":""},"class_list":["post-8","page","type-page","status-publish","hentry"],"acf":[],"yoast_head":"<!-- This site is optimized with the Yoast SEO plugin v26.6 - https:\/\/yoast.com\/wordpress\/plugins\/seo\/ -->\n<title>Wszystkie sklepy \u2013 Kupony i oferty rabatowe<\/title>\n<meta name=\"description\" content=\"Przegl\u0105daj wszystkie najlepsze sklepy na CouponHoarders i znajd\u017a najnowsze kupony i oferty rabatowe od najlepszych marek internetowych. Zaoszcz\u0119d\u017a wi\u0119cej w ka\u017cdym sklepie, w kt\u00f3rym robisz zakupy.\" \/>\n<meta name=\"robots\" content=\"index, follow, max-snippet:-1, max-image-preview:large, max-video-preview:-1\" \/>\n<link rel=\"canonical\" href=\"https:\/\/www.couponhoarders.com\/pl\/stores\/\" \/>\n<meta property=\"og:locale\" content=\"en_US\" \/>\n<meta property=\"og:type\" content=\"article\" \/>\n<meta property=\"og:title\" content=\"Wszystkie sklepy \u2013 Kupony i oferty rabatowe\" \/>\n<meta property=\"og:description\" content=\"Przegl\u0105daj wszystkie najlepsze sklepy na CouponHoarders i znajd\u017a najnowsze kupony i oferty rabatowe od najlepszych marek internetowych. Zaoszcz\u0119d\u017a wi\u0119cej w ka\u017cdym sklepie, w kt\u00f3rym robisz zakupy.\" \/>\n<meta property=\"og:url\" content=\"https:\/\/www.couponhoarders.com\/pl\/stores\/\" \/>\n<meta property=\"og:site_name\" content=\"Coupon Hoarders PL\" \/>\n<meta property=\"article:modified_time\" content=\"2025-12-24T10:37:50+00:00\" \/>\n<meta name=\"twitter:card\" content=\"summary_large_image\" \/>\n<script type=\"application\/ld+json\" class=\"yoast-schema-graph\">{\"@context\":\"https:\/\/schema.org\",\"@graph\":[{\"@type\":\"WebPage\",\"@id\":\"https:\/\/www.couponhoarders.com\/pl\/stores\/\",\"url\":\"https:\/\/www.couponhoarders.com\/pl\/stores\/\",\"name\":\"Wszystkie sklepy \u2013 Kupony i oferty rabatowe\",\"isPartOf\":{\"@id\":\"https:\/\/www.couponhoarders.com\/pl\/#website\"},\"datePublished\":\"2024-10-07T06:34:04+00:00\",\"dateModified\":\"2025-12-24T10:37:50+00:00\",\"description\":\"Przegl\u0105daj wszystkie najlepsze sklepy na CouponHoarders i znajd\u017a najnowsze kupony i oferty rabatowe od najlepszych marek internetowych. Zaoszcz\u0119d\u017a wi\u0119cej w ka\u017cdym sklepie, w kt\u00f3rym robisz zakupy.\",\"breadcrumb\":{\"@id\":\"https:\/\/www.couponhoarders.com\/pl\/stores\/#breadcrumb\"},\"inLanguage\":\"en-US\",\"potentialAction\":[{\"@type\":\"ReadAction\",\"target\":[\"https:\/\/www.couponhoarders.com\/pl\/stores\/\"]}]},{\"@type\":\"BreadcrumbList\",\"@id\":\"https:\/\/www.couponhoarders.com\/pl\/stores\/#breadcrumb\",\"itemListElement\":[{\"@type\":\"ListItem\",\"position\":1,\"name\":\"Home\",\"item\":\"https:\/\/www.couponhoarders.com\/pl\/\"},{\"@type\":\"ListItem\",\"position\":2,\"name\":\"Sklepy\"}]},{\"@type\":\"WebSite\",\"@id\":\"https:\/\/www.couponhoarders.com\/pl\/#website\",\"url\":\"https:\/\/www.couponhoarders.com\/pl\/\",\"name\":\"Coupon Hoarders PL\",\"description\":\"\",\"potentialAction\":[{\"@type\":\"SearchAction\",\"target\":{\"@type\":\"EntryPoint\",\"urlTemplate\":\"https:\/\/www.couponhoarders.com\/pl\/?s={search_term_string}\"},\"query-input\":{\"@type\":\"PropertyValueSpecification\",\"valueRequired\":true,\"valueName\":\"search_term_string\"}}],\"inLanguage\":\"en-US\"}]}<\/script>\n<!-- \/ Yoast SEO plugin. -->","yoast_head_json":{"title":"Wszystkie sklepy \u2013 Kupony i oferty rabatowe","description":"Przegl\u0105daj wszystkie najlepsze sklepy na CouponHoarders i znajd\u017a najnowsze kupony i oferty rabatowe od najlepszych marek internetowych. Zaoszcz\u0119d\u017a wi\u0119cej w ka\u017cdym sklepie, w kt\u00f3rym robisz zakupy.","robots":{"index":"index","follow":"follow","max-snippet":"max-snippet:-1","max-image-preview":"max-image-preview:large","max-video-preview":"max-video-preview:-1"},"canonical":"https:\/\/www.couponhoarders.com\/pl\/stores\/","og_locale":"en_US","og_type":"article","og_title":"Wszystkie sklepy \u2013 Kupony i oferty rabatowe","og_description":"Przegl\u0105daj wszystkie najlepsze sklepy na CouponHoarders i znajd\u017a najnowsze kupony i oferty rabatowe od najlepszych marek internetowych. Zaoszcz\u0119d\u017a wi\u0119cej w ka\u017cdym sklepie, w kt\u00f3rym robisz zakupy.","og_url":"https:\/\/www.couponhoarders.com\/pl\/stores\/","og_site_name":"Coupon Hoarders PL","article_modified_time":"2025-12-24T10:37:50+00:00","twitter_card":"summary_large_image","schema":{"@context":"https:\/\/schema.org","@graph":[{"@type":"WebPage","@id":"https:\/\/www.couponhoarders.com\/pl\/stores\/","url":"https:\/\/www.couponhoarders.com\/pl\/stores\/","name":"Wszystkie sklepy \u2013 Kupony i oferty rabatowe","isPartOf":{"@id":"https:\/\/www.couponhoarders.com\/pl\/#website"},"datePublished":"2024-10-07T06:34:04+00:00","dateModified":"2025-12-24T10:37:50+00:00","description":"Przegl\u0105daj wszystkie najlepsze sklepy na CouponHoarders i znajd\u017a najnowsze kupony i oferty rabatowe od najlepszych marek internetowych. Zaoszcz\u0119d\u017a wi\u0119cej w ka\u017cdym sklepie, w kt\u00f3rym robisz zakupy.","breadcrumb":{"@id":"https:\/\/www.couponhoarders.com\/pl\/stores\/#breadcrumb"},"inLanguage":"en-US","potentialAction":[{"@type":"ReadAction","target":["https:\/\/www.couponhoarders.com\/pl\/stores\/"]}]},{"@type":"BreadcrumbList","@id":"https:\/\/www.couponhoarders.com\/pl\/stores\/#breadcrumb","itemListElement":[{"@type":"ListItem","position":1,"name":"Home","item":"https:\/\/www.couponhoarders.com\/pl\/"},{"@type":"ListItem","position":2,"name":"Sklepy"}]},{"@type":"WebSite","@id":"https:\/\/www.couponhoarders.com\/pl\/#website","url":"https:\/\/www.couponhoarders.com\/pl\/","name":"Coupon Hoarders PL","description":"","potentialAction":[{"@type":"SearchAction","target":{"@type":"EntryPoint","urlTemplate":"https:\/\/www.couponhoarders.com\/pl\/?s={search_term_string}"},"query-input":{"@type":"PropertyValueSpecification","valueRequired":true,"valueName":"search_term_string"}}],"inLanguage":"en-US"}]}},"_links":{"self":[{"href":"https:\/\/www.couponhoarders.com\/pl\/wp-json\/wp\/v2\/pages\/8","targetHints":{"allow":["GET"]}}],"collection":[{"href":"https:\/\/www.couponhoarders.com\/pl\/wp-json\/wp\/v2\/pages"}],"about":[{"href":"https:\/\/www.couponhoarders.com\/pl\/wp-json\/wp\/v2\/types\/page"}],"author":[{"embeddable":true,"href":"https:\/\/www.couponhoarders.com\/pl\/wp-json\/wp\/v2\/users\/2"}],"replies":[{"embeddable":true,"href":"https:\/\/www.couponhoarders.com\/pl\/wp-json\/wp\/v2\/comments?post=8"}],"version-history":[{"count":2,"href":"https:\/\/www.couponhoarders.com\/pl\/wp-json\/wp\/v2\/pages\/8\/revisions"}],"predecessor-version":[{"id":227,"href":"https:\/\/www.couponhoarders.com\/pl\/wp-json\/wp\/v2\/pages\/8\/revisions\/227"}],"wp:attachment":[{"href":"https:\/\/www.couponhoarders.com\/pl\/wp-json\/wp\/v2\/media?parent=8"}],"curies":[{"name":"wp","href":"https:\/\/api.w.org\/{rel}","templated":true}]}}