{"id":14,"date":"2024-10-07T06:34:53","date_gmt":"2024-10-07T06:34:53","guid":{"rendered":"https:\/\/www.couponhoarders.com\/?page_id=14"},"modified":"2025-12-24T10:42:41","modified_gmt":"2025-12-24T10:42:41","slug":"blogs","status":"publish","type":"page","link":"https:\/\/www.couponhoarders.com\/pl\/blogs\/","title":{"rendered":"Blogi"},"content":{"rendered":"","protected":false},"excerpt":{"rendered":"","protected":false},"author":2,"featured_media":0,"parent":0,"menu_order":0,"comment_status":"closed","ping_status":"closed","template":"templates\/blogs.php","meta":{"_acf_changed":false,"footnotes":""},"class_list":["post-14","page","type-page","status-publish","hentry"],"acf":[],"yoast_head":"<!-- This site is optimized with the Yoast SEO plugin v26.6 - https:\/\/yoast.com\/wordpress\/plugins\/seo\/ -->\n<title>Blog \u2013 porady, oferty i poradniki dotycz\u0105ce oszcz\u0119dzania pieni\u0119dzy<\/title>\n<meta name=\"description\" content=\"Przeczytaj blog CouponHoarders PL, aby uzyska\u0107 najnowsze wskaz\u00f3wki dotycz\u0105ce oszcz\u0119dzania pieni\u0119dzy, przewodniki po kuponach i ekskluzywne oferty rabatowe. B\u0105d\u017a na bie\u017c\u0105co i oszcz\u0119dzaj przy ka\u017cdym zakupie.\" \/>\n<meta name=\"robots\" content=\"index, follow, max-snippet:-1, max-image-preview:large, max-video-preview:-1\" \/>\n<link rel=\"canonical\" href=\"https:\/\/www.couponhoarders.com\/pl\/blogs\/\" \/>\n<meta property=\"og:locale\" content=\"en_US\" \/>\n<meta property=\"og:type\" content=\"article\" \/>\n<meta property=\"og:title\" content=\"Blog \u2013 porady, oferty i poradniki dotycz\u0105ce oszcz\u0119dzania pieni\u0119dzy\" \/>\n<meta property=\"og:description\" content=\"Przeczytaj blog CouponHoarders PL, aby uzyska\u0107 najnowsze wskaz\u00f3wki dotycz\u0105ce oszcz\u0119dzania pieni\u0119dzy, przewodniki po kuponach i ekskluzywne oferty rabatowe. B\u0105d\u017a na bie\u017c\u0105co i oszcz\u0119dzaj przy ka\u017cdym zakupie.\" \/>\n<meta property=\"og:url\" content=\"https:\/\/www.couponhoarders.com\/pl\/blogs\/\" \/>\n<meta property=\"og:site_name\" content=\"Coupon Hoarders PL\" \/>\n<meta property=\"article:modified_time\" content=\"2025-12-24T10:42:41+00:00\" \/>\n<meta name=\"twitter:card\" content=\"summary_large_image\" \/>\n<script type=\"application\/ld+json\" class=\"yoast-schema-graph\">{\"@context\":\"https:\/\/schema.org\",\"@graph\":[{\"@type\":\"WebPage\",\"@id\":\"https:\/\/www.couponhoarders.com\/pl\/blogs\/\",\"url\":\"https:\/\/www.couponhoarders.com\/pl\/blogs\/\",\"name\":\"Blog \u2013 porady, oferty i poradniki dotycz\u0105ce oszcz\u0119dzania pieni\u0119dzy\",\"isPartOf\":{\"@id\":\"https:\/\/www.couponhoarders.com\/pl\/#website\"},\"datePublished\":\"2024-10-07T06:34:53+00:00\",\"dateModified\":\"2025-12-24T10:42:41+00:00\",\"description\":\"Przeczytaj blog CouponHoarders PL, aby uzyska\u0107 najnowsze wskaz\u00f3wki dotycz\u0105ce oszcz\u0119dzania pieni\u0119dzy, przewodniki po kuponach i ekskluzywne oferty rabatowe. B\u0105d\u017a na bie\u017c\u0105co i oszcz\u0119dzaj przy ka\u017cdym zakupie.\",\"breadcrumb\":{\"@id\":\"https:\/\/www.couponhoarders.com\/pl\/blogs\/#breadcrumb\"},\"inLanguage\":\"en-US\",\"potentialAction\":[{\"@type\":\"ReadAction\",\"target\":[\"https:\/\/www.couponhoarders.com\/pl\/blogs\/\"]}]},{\"@type\":\"BreadcrumbList\",\"@id\":\"https:\/\/www.couponhoarders.com\/pl\/blogs\/#breadcrumb\",\"itemListElement\":[{\"@type\":\"ListItem\",\"position\":1,\"name\":\"Home\",\"item\":\"https:\/\/www.couponhoarders.com\/pl\/\"},{\"@type\":\"ListItem\",\"position\":2,\"name\":\"Blogi\"}]},{\"@type\":\"WebSite\",\"@id\":\"https:\/\/www.couponhoarders.com\/pl\/#website\",\"url\":\"https:\/\/www.couponhoarders.com\/pl\/\",\"name\":\"Coupon Hoarders PL\",\"description\":\"\",\"potentialAction\":[{\"@type\":\"SearchAction\",\"target\":{\"@type\":\"EntryPoint\",\"urlTemplate\":\"https:\/\/www.couponhoarders.com\/pl\/?s={search_term_string}\"},\"query-input\":{\"@type\":\"PropertyValueSpecification\",\"valueRequired\":true,\"valueName\":\"search_term_string\"}}],\"inLanguage\":\"en-US\"}]}<\/script>\n<!-- \/ Yoast SEO plugin. -->","yoast_head_json":{"title":"Blog \u2013 porady, oferty i poradniki dotycz\u0105ce oszcz\u0119dzania pieni\u0119dzy","description":"Przeczytaj blog CouponHoarders PL, aby uzyska\u0107 najnowsze wskaz\u00f3wki dotycz\u0105ce oszcz\u0119dzania pieni\u0119dzy, przewodniki po kuponach i ekskluzywne oferty rabatowe. B\u0105d\u017a na bie\u017c\u0105co i oszcz\u0119dzaj przy ka\u017cdym zakupie.","robots":{"index":"index","follow":"follow","max-snippet":"max-snippet:-1","max-image-preview":"max-image-preview:large","max-video-preview":"max-video-preview:-1"},"canonical":"https:\/\/www.couponhoarders.com\/pl\/blogs\/","og_locale":"en_US","og_type":"article","og_title":"Blog \u2013 porady, oferty i poradniki dotycz\u0105ce oszcz\u0119dzania pieni\u0119dzy","og_description":"Przeczytaj blog CouponHoarders PL, aby uzyska\u0107 najnowsze wskaz\u00f3wki dotycz\u0105ce oszcz\u0119dzania pieni\u0119dzy, przewodniki po kuponach i ekskluzywne oferty rabatowe. B\u0105d\u017a na bie\u017c\u0105co i oszcz\u0119dzaj przy ka\u017cdym zakupie.","og_url":"https:\/\/www.couponhoarders.com\/pl\/blogs\/","og_site_name":"Coupon Hoarders PL","article_modified_time":"2025-12-24T10:42:41+00:00","twitter_card":"summary_large_image","schema":{"@context":"https:\/\/schema.org","@graph":[{"@type":"WebPage","@id":"https:\/\/www.couponhoarders.com\/pl\/blogs\/","url":"https:\/\/www.couponhoarders.com\/pl\/blogs\/","name":"Blog \u2013 porady, oferty i poradniki dotycz\u0105ce oszcz\u0119dzania pieni\u0119dzy","isPartOf":{"@id":"https:\/\/www.couponhoarders.com\/pl\/#website"},"datePublished":"2024-10-07T06:34:53+00:00","dateModified":"2025-12-24T10:42:41+00:00","description":"Przeczytaj blog CouponHoarders PL, aby uzyska\u0107 najnowsze wskaz\u00f3wki dotycz\u0105ce oszcz\u0119dzania pieni\u0119dzy, przewodniki po kuponach i ekskluzywne oferty rabatowe. B\u0105d\u017a na bie\u017c\u0105co i oszcz\u0119dzaj przy ka\u017cdym zakupie.","breadcrumb":{"@id":"https:\/\/www.couponhoarders.com\/pl\/blogs\/#breadcrumb"},"inLanguage":"en-US","potentialAction":[{"@type":"ReadAction","target":["https:\/\/www.couponhoarders.com\/pl\/blogs\/"]}]},{"@type":"BreadcrumbList","@id":"https:\/\/www.couponhoarders.com\/pl\/blogs\/#breadcrumb","itemListElement":[{"@type":"ListItem","position":1,"name":"Home","item":"https:\/\/www.couponhoarders.com\/pl\/"},{"@type":"ListItem","position":2,"name":"Blogi"}]},{"@type":"WebSite","@id":"https:\/\/www.couponhoarders.com\/pl\/#website","url":"https:\/\/www.couponhoarders.com\/pl\/","name":"Coupon Hoarders PL","description":"","potentialAction":[{"@type":"SearchAction","target":{"@type":"EntryPoint","urlTemplate":"https:\/\/www.couponhoarders.com\/pl\/?s={search_term_string}"},"query-input":{"@type":"PropertyValueSpecification","valueRequired":true,"valueName":"search_term_string"}}],"inLanguage":"en-US"}]}},"_links":{"self":[{"href":"https:\/\/www.couponhoarders.com\/pl\/wp-json\/wp\/v2\/pages\/14","targetHints":{"allow":["GET"]}}],"collection":[{"href":"https:\/\/www.couponhoarders.com\/pl\/wp-json\/wp\/v2\/pages"}],"about":[{"href":"https:\/\/www.couponhoarders.com\/pl\/wp-json\/wp\/v2\/types\/page"}],"author":[{"embeddable":true,"href":"https:\/\/www.couponhoarders.com\/pl\/wp-json\/wp\/v2\/users\/2"}],"replies":[{"embeddable":true,"href":"https:\/\/www.couponhoarders.com\/pl\/wp-json\/wp\/v2\/comments?post=14"}],"version-history":[{"count":2,"href":"https:\/\/www.couponhoarders.com\/pl\/wp-json\/wp\/v2\/pages\/14\/revisions"}],"predecessor-version":[{"id":240,"href":"https:\/\/www.couponhoarders.com\/pl\/wp-json\/wp\/v2\/pages\/14\/revisions\/240"}],"wp:attachment":[{"href":"https:\/\/www.couponhoarders.com\/pl\/wp-json\/wp\/v2\/media?parent=14"}],"curies":[{"name":"wp","href":"https:\/\/api.w.org\/{rel}","templated":true}]}}