{"id":124,"date":"2024-10-10T07:42:38","date_gmt":"2024-10-10T07:42:38","guid":{"rendered":"https:\/\/www.couponhoarders.com\/?page_id=124"},"modified":"2025-12-24T10:40:56","modified_gmt":"2025-12-24T10:40:56","slug":"contact-us","status":"publish","type":"page","link":"https:\/\/www.couponhoarders.com\/pl\/contact-us\/","title":{"rendered":"Skontaktuj si\u0119 z nami"},"content":{"rendered":"<h1>Skontaktuj si\u0119 z nami<\/h1>\n<p>Zostaw wiadomo\u015b\u0107 poni\u017cej, a my skontaktujemy si\u0119 z Tob\u0105 w mgnieniu oka.<\/p>\n","protected":false},"excerpt":{"rendered":"<p>Skontaktuj si\u0119 z nami Zostaw wiadomo\u015b\u0107 poni\u017cej, a my skontaktujemy si\u0119 z Tob\u0105 w mgnieniu oka.<\/p>\n","protected":false},"author":2,"featured_media":0,"parent":0,"menu_order":0,"comment_status":"closed","ping_status":"closed","template":"pages\/pages-template.php","meta":{"_acf_changed":false,"footnotes":""},"class_list":["post-124","page","type-page","status-publish","hentry"],"acf":[],"yoast_head":"<!-- This site is optimized with the Yoast SEO plugin v26.6 - https:\/\/yoast.com\/wordpress\/plugins\/seo\/ -->\n<title>Skontaktuj si\u0119 z nami \u2013 Skontaktuj si\u0119 z naszym zespo\u0142em wsparcia<\/title>\n<meta name=\"description\" content=\"Skontaktuj si\u0119 z CouponHoarders PL, aby uzyska\u0107 wsparcie, opini\u0119 lub zada\u0107 pytania biznesowe. Skontaktuj si\u0119 z naszym zespo\u0142em w przypadku pyta\u0144 dotycz\u0105cych kupon\u00f3w i ofert rabatowych.\" \/>\n<meta name=\"robots\" content=\"index, follow, max-snippet:-1, max-image-preview:large, max-video-preview:-1\" \/>\n<link rel=\"canonical\" href=\"https:\/\/www.couponhoarders.com\/pl\/contact-us\/\" \/>\n<meta property=\"og:locale\" content=\"en_US\" \/>\n<meta property=\"og:type\" content=\"article\" \/>\n<meta property=\"og:title\" content=\"Skontaktuj si\u0119 z nami \u2013 Skontaktuj si\u0119 z naszym zespo\u0142em wsparcia\" \/>\n<meta property=\"og:description\" content=\"Skontaktuj si\u0119 z CouponHoarders PL, aby uzyska\u0107 wsparcie, opini\u0119 lub zada\u0107 pytania biznesowe. Skontaktuj si\u0119 z naszym zespo\u0142em w przypadku pyta\u0144 dotycz\u0105cych kupon\u00f3w i ofert rabatowych.\" \/>\n<meta property=\"og:url\" content=\"https:\/\/www.couponhoarders.com\/pl\/contact-us\/\" \/>\n<meta property=\"og:site_name\" content=\"Coupon Hoarders PL\" \/>\n<meta property=\"article:modified_time\" content=\"2025-12-24T10:40:56+00:00\" \/>\n<meta name=\"twitter:card\" content=\"summary_large_image\" \/>\n<meta name=\"twitter:label1\" content=\"Est. reading time\" \/>\n\t<meta name=\"twitter:data1\" content=\"1 minute\" \/>\n<script type=\"application\/ld+json\" class=\"yoast-schema-graph\">{\"@context\":\"https:\/\/schema.org\",\"@graph\":[{\"@type\":\"WebPage\",\"@id\":\"https:\/\/www.couponhoarders.com\/pl\/contact-us\/\",\"url\":\"https:\/\/www.couponhoarders.com\/pl\/contact-us\/\",\"name\":\"Skontaktuj si\u0119 z nami \u2013 Skontaktuj si\u0119 z naszym zespo\u0142em wsparcia\",\"isPartOf\":{\"@id\":\"https:\/\/www.couponhoarders.com\/pl\/#website\"},\"datePublished\":\"2024-10-10T07:42:38+00:00\",\"dateModified\":\"2025-12-24T10:40:56+00:00\",\"description\":\"Skontaktuj si\u0119 z CouponHoarders PL, aby uzyska\u0107 wsparcie, opini\u0119 lub zada\u0107 pytania biznesowe. Skontaktuj si\u0119 z naszym zespo\u0142em w przypadku pyta\u0144 dotycz\u0105cych kupon\u00f3w i ofert rabatowych.\",\"breadcrumb\":{\"@id\":\"https:\/\/www.couponhoarders.com\/pl\/contact-us\/#breadcrumb\"},\"inLanguage\":\"en-US\",\"potentialAction\":[{\"@type\":\"ReadAction\",\"target\":[\"https:\/\/www.couponhoarders.com\/pl\/contact-us\/\"]}]},{\"@type\":\"BreadcrumbList\",\"@id\":\"https:\/\/www.couponhoarders.com\/pl\/contact-us\/#breadcrumb\",\"itemListElement\":[{\"@type\":\"ListItem\",\"position\":1,\"name\":\"Home\",\"item\":\"https:\/\/www.couponhoarders.com\/pl\/\"},{\"@type\":\"ListItem\",\"position\":2,\"name\":\"Skontaktuj si\u0119 z nami\"}]},{\"@type\":\"WebSite\",\"@id\":\"https:\/\/www.couponhoarders.com\/pl\/#website\",\"url\":\"https:\/\/www.couponhoarders.com\/pl\/\",\"name\":\"Coupon Hoarders PL\",\"description\":\"\",\"potentialAction\":[{\"@type\":\"SearchAction\",\"target\":{\"@type\":\"EntryPoint\",\"urlTemplate\":\"https:\/\/www.couponhoarders.com\/pl\/?s={search_term_string}\"},\"query-input\":{\"@type\":\"PropertyValueSpecification\",\"valueRequired\":true,\"valueName\":\"search_term_string\"}}],\"inLanguage\":\"en-US\"}]}<\/script>\n<!-- \/ Yoast SEO plugin. -->","yoast_head_json":{"title":"Skontaktuj si\u0119 z nami \u2013 Skontaktuj si\u0119 z naszym zespo\u0142em wsparcia","description":"Skontaktuj si\u0119 z CouponHoarders PL, aby uzyska\u0107 wsparcie, opini\u0119 lub zada\u0107 pytania biznesowe. Skontaktuj si\u0119 z naszym zespo\u0142em w przypadku pyta\u0144 dotycz\u0105cych kupon\u00f3w i ofert rabatowych.","robots":{"index":"index","follow":"follow","max-snippet":"max-snippet:-1","max-image-preview":"max-image-preview:large","max-video-preview":"max-video-preview:-1"},"canonical":"https:\/\/www.couponhoarders.com\/pl\/contact-us\/","og_locale":"en_US","og_type":"article","og_title":"Skontaktuj si\u0119 z nami \u2013 Skontaktuj si\u0119 z naszym zespo\u0142em wsparcia","og_description":"Skontaktuj si\u0119 z CouponHoarders PL, aby uzyska\u0107 wsparcie, opini\u0119 lub zada\u0107 pytania biznesowe. Skontaktuj si\u0119 z naszym zespo\u0142em w przypadku pyta\u0144 dotycz\u0105cych kupon\u00f3w i ofert rabatowych.","og_url":"https:\/\/www.couponhoarders.com\/pl\/contact-us\/","og_site_name":"Coupon Hoarders PL","article_modified_time":"2025-12-24T10:40:56+00:00","twitter_card":"summary_large_image","twitter_misc":{"Est. reading time":"1 minute"},"schema":{"@context":"https:\/\/schema.org","@graph":[{"@type":"WebPage","@id":"https:\/\/www.couponhoarders.com\/pl\/contact-us\/","url":"https:\/\/www.couponhoarders.com\/pl\/contact-us\/","name":"Skontaktuj si\u0119 z nami \u2013 Skontaktuj si\u0119 z naszym zespo\u0142em wsparcia","isPartOf":{"@id":"https:\/\/www.couponhoarders.com\/pl\/#website"},"datePublished":"2024-10-10T07:42:38+00:00","dateModified":"2025-12-24T10:40:56+00:00","description":"Skontaktuj si\u0119 z CouponHoarders PL, aby uzyska\u0107 wsparcie, opini\u0119 lub zada\u0107 pytania biznesowe. Skontaktuj si\u0119 z naszym zespo\u0142em w przypadku pyta\u0144 dotycz\u0105cych kupon\u00f3w i ofert rabatowych.","breadcrumb":{"@id":"https:\/\/www.couponhoarders.com\/pl\/contact-us\/#breadcrumb"},"inLanguage":"en-US","potentialAction":[{"@type":"ReadAction","target":["https:\/\/www.couponhoarders.com\/pl\/contact-us\/"]}]},{"@type":"BreadcrumbList","@id":"https:\/\/www.couponhoarders.com\/pl\/contact-us\/#breadcrumb","itemListElement":[{"@type":"ListItem","position":1,"name":"Home","item":"https:\/\/www.couponhoarders.com\/pl\/"},{"@type":"ListItem","position":2,"name":"Skontaktuj si\u0119 z nami"}]},{"@type":"WebSite","@id":"https:\/\/www.couponhoarders.com\/pl\/#website","url":"https:\/\/www.couponhoarders.com\/pl\/","name":"Coupon Hoarders PL","description":"","potentialAction":[{"@type":"SearchAction","target":{"@type":"EntryPoint","urlTemplate":"https:\/\/www.couponhoarders.com\/pl\/?s={search_term_string}"},"query-input":{"@type":"PropertyValueSpecification","valueRequired":true,"valueName":"search_term_string"}}],"inLanguage":"en-US"}]}},"_links":{"self":[{"href":"https:\/\/www.couponhoarders.com\/pl\/wp-json\/wp\/v2\/pages\/124","targetHints":{"allow":["GET"]}}],"collection":[{"href":"https:\/\/www.couponhoarders.com\/pl\/wp-json\/wp\/v2\/pages"}],"about":[{"href":"https:\/\/www.couponhoarders.com\/pl\/wp-json\/wp\/v2\/types\/page"}],"author":[{"embeddable":true,"href":"https:\/\/www.couponhoarders.com\/pl\/wp-json\/wp\/v2\/users\/2"}],"replies":[{"embeddable":true,"href":"https:\/\/www.couponhoarders.com\/pl\/wp-json\/wp\/v2\/comments?post=124"}],"version-history":[{"count":2,"href":"https:\/\/www.couponhoarders.com\/pl\/wp-json\/wp\/v2\/pages\/124\/revisions"}],"predecessor-version":[{"id":236,"href":"https:\/\/www.couponhoarders.com\/pl\/wp-json\/wp\/v2\/pages\/124\/revisions\/236"}],"wp:attachment":[{"href":"https:\/\/www.couponhoarders.com\/pl\/wp-json\/wp\/v2\/media?parent=124"}],"curies":[{"name":"wp","href":"https:\/\/api.w.org\/{rel}","templated":true}]}}