{"id":122,"date":"2024-10-10T07:40:10","date_gmt":"2024-10-10T07:40:10","guid":{"rendered":"https:\/\/www.couponhoarders.com\/?page_id=122"},"modified":"2025-12-24T12:13:35","modified_gmt":"2025-12-24T12:13:35","slug":"about-us","status":"publish","type":"page","link":"https:\/\/www.couponhoarders.com\/pl\/about-us\/","title":{"rendered":"O nas"},"content":{"rendered":"<h2 style=\"text-align: center;\">O CouponHoarders<\/h2>\n<p>W CouponHoarders wierzymy, \u017ce oszcz\u0119dzanie powinno by\u0107 proste i przyjemne. Nasza misja jest jasna: pomagamy Ci oszcz\u0119dza\u0107, bez konieczno\u015bci traktowania tego jak pe\u0142noetatowej pracy. Znamy frustracj\u0119 zwi\u0105zan\u0105 z poszukiwaniem \u201e\u015bwietnych okazji\u201d, kt\u00f3re okazuj\u0105 si\u0119 wygas\u0142e lub nie dzia\u0142aj\u0105 \u2013 i nienawidzimy tego tak samo jak Ty.<\/p>\n<p>Dlatego po\u015bwi\u0119camy nasz czas na znajdowanie ofert, kt\u00f3re naprawd\u0119 s\u0105 warte uwagi. Od mody i gad\u017cet\u00f3w po produkty spo\u017cywcze i podr\u00f3\u017ce \u2013 je\u015bli pomo\u017ce Ci to oszcz\u0119dza\u0107, znajdziesz to u nas.<\/p>\n<h3>Dlaczego warto robi\u0107 zakupy u nas?<\/h3>\n<ul>\n<li><strong>Zweryfikowane oferty:<\/strong> Upewniamy si\u0119, \u017ce wszystko jest aktualne, aby\u015b nie traci\u0142 czasu na nieaktywnych linkach.<\/li>\n<li><strong>R\u00f3\u017cnorodno\u015b\u0107 sklep\u00f3w:<\/strong> Od znanych marek po ukryte pere\u0142ki \u2013 mamy wszystko.<\/li>\n<li><strong>\u0141atwe oszcz\u0119dzanie:<\/strong> Zobacz, u\u017cyj, zaoszcz\u0119d\u017a \u2013 to takie proste.<\/li>\n<\/ul>\n<h3>Dlaczego warto wybra\u0107 CouponHoarders?<\/h3>\n<p>W\u015br\u00f3d tylu stron z kuponami \u2013 co wyr\u00f3\u017cnia CouponHoarders? Oto dlaczego jeste\u015bmy Twoim niezawodnym partnerem w oszcz\u0119dzaniu:<\/p>\n<ul>\n<li><strong>Kody, kt\u00f3re dzia\u0142aj\u0105:<\/strong> Koniec z wieloma klikni\u0119ciami \u2013 nasze kupony s\u0105 testowane i weryfikowane.<\/li>\n<li><strong>Codziennie \u015bwie\u017ce oferty:<\/strong> Nowe promocje pojawiaj\u0105 si\u0119 ka\u017cdego dnia, wi\u0119c zawsze znajdziesz co\u015b do zaoszcz\u0119dzenia.<\/li>\n<li><strong>Wszystkie ulubione<\/strong> <strong>w<\/strong> <strong>jednym miejscu:<\/strong> Odkrywaj zar\u00f3wno popularne marki, jak i ukryte pere\u0142ki, kt\u00f3rych jeszcze nie pr\u00f3bowa\u0142e\u015b.<\/li>\n<li><strong>Bez konieczno\u015bci rejestracji:<\/strong> Wyszukaj, kliknij i oszcz\u0119dzaj \u2013 bez \u017cadnego wysi\u0142ku.<\/li>\n<li><strong>Szanujemy Tw\u00f3j czas:<\/strong> Robimy ci\u0119\u017ck\u0105 prac\u0119 za Ciebie, aby\u015b nie traci\u0142 godzin na przegl\u0105danie wygas\u0142ych ofert.<\/li>\n<\/ul>\n","protected":false},"excerpt":{"rendered":"<p>O CouponHoarders W CouponHoarders wierzymy, \u017ce oszcz\u0119dzanie powinno by\u0107 proste i przyjemne. Nasza misja jest jasna: pomagamy Ci oszcz\u0119dza\u0107, bez konieczno\u015bci traktowania tego jak pe\u0142noetatowej pracy. Znamy frustracj\u0119 zwi\u0105zan\u0105 z poszukiwaniem \u201e\u015bwietnych okazji\u201d, kt\u00f3re okazuj\u0105 si\u0119 wygas\u0142e lub nie dzia\u0142aj\u0105 \u2013 i nienawidzimy tego tak samo jak Ty. Dlatego po\u015bwi\u0119camy nasz czas na znajdowanie ofert, [&hellip;]<\/p>\n","protected":false},"author":2,"featured_media":0,"parent":0,"menu_order":0,"comment_status":"closed","ping_status":"closed","template":"","meta":{"_acf_changed":false,"footnotes":""},"class_list":["post-122","page","type-page","status-publish","hentry"],"acf":[],"yoast_head":"<!-- This site is optimized with the Yoast SEO plugin v26.6 - https:\/\/yoast.com\/wordpress\/plugins\/seo\/ -->\n<title>O nas \u2013 Twoje zaufane \u017ar\u00f3d\u0142o kupon\u00f3w i ofert<\/title>\n<meta name=\"description\" content=\"Dowiedz si\u0119 wi\u0119cej o nas, Twoim zaufanym miejscu, gdzie znajdziesz najnowsze kupony i oferty rabatowe. Nasz\u0105 misj\u0105 jest pom\u00f3c Ci bezproblemowo oszcz\u0119dza\u0107 pieni\u0105dze podczas zakup\u00f3w online.\" \/>\n<meta name=\"robots\" content=\"index, follow, max-snippet:-1, max-image-preview:large, max-video-preview:-1\" \/>\n<link rel=\"canonical\" href=\"https:\/\/www.couponhoarders.com\/pl\/about-us\/\" \/>\n<meta property=\"og:locale\" content=\"en_US\" \/>\n<meta property=\"og:type\" content=\"article\" \/>\n<meta property=\"og:title\" content=\"O nas \u2013 Twoje zaufane \u017ar\u00f3d\u0142o kupon\u00f3w i ofert\" \/>\n<meta property=\"og:description\" content=\"Dowiedz si\u0119 wi\u0119cej o nas, Twoim zaufanym miejscu, gdzie znajdziesz najnowsze kupony i oferty rabatowe. Nasz\u0105 misj\u0105 jest pom\u00f3c Ci bezproblemowo oszcz\u0119dza\u0107 pieni\u0105dze podczas zakup\u00f3w online.\" \/>\n<meta property=\"og:url\" content=\"https:\/\/www.couponhoarders.com\/pl\/about-us\/\" \/>\n<meta property=\"og:site_name\" content=\"Coupon Hoarders PL\" \/>\n<meta property=\"article:modified_time\" content=\"2025-12-24T12:13:35+00:00\" \/>\n<meta name=\"twitter:card\" content=\"summary_large_image\" \/>\n<meta name=\"twitter:label1\" content=\"Est. reading time\" \/>\n\t<meta name=\"twitter:data1\" content=\"1 minute\" \/>\n<script type=\"application\/ld+json\" class=\"yoast-schema-graph\">{\"@context\":\"https:\/\/schema.org\",\"@graph\":[{\"@type\":\"WebPage\",\"@id\":\"https:\/\/www.couponhoarders.com\/pl\/about-us\/\",\"url\":\"https:\/\/www.couponhoarders.com\/pl\/about-us\/\",\"name\":\"O nas \u2013 Twoje zaufane \u017ar\u00f3d\u0142o kupon\u00f3w i ofert\",\"isPartOf\":{\"@id\":\"https:\/\/www.couponhoarders.com\/pl\/#website\"},\"datePublished\":\"2024-10-10T07:40:10+00:00\",\"dateModified\":\"2025-12-24T12:13:35+00:00\",\"description\":\"Dowiedz si\u0119 wi\u0119cej o nas, Twoim zaufanym miejscu, gdzie znajdziesz najnowsze kupony i oferty rabatowe. Nasz\u0105 misj\u0105 jest pom\u00f3c Ci bezproblemowo oszcz\u0119dza\u0107 pieni\u0105dze podczas zakup\u00f3w online.\",\"breadcrumb\":{\"@id\":\"https:\/\/www.couponhoarders.com\/pl\/about-us\/#breadcrumb\"},\"inLanguage\":\"en-US\",\"potentialAction\":[{\"@type\":\"ReadAction\",\"target\":[\"https:\/\/www.couponhoarders.com\/pl\/about-us\/\"]}]},{\"@type\":\"BreadcrumbList\",\"@id\":\"https:\/\/www.couponhoarders.com\/pl\/about-us\/#breadcrumb\",\"itemListElement\":[{\"@type\":\"ListItem\",\"position\":1,\"name\":\"Home\",\"item\":\"https:\/\/www.couponhoarders.com\/pl\/\"},{\"@type\":\"ListItem\",\"position\":2,\"name\":\"O nas\"}]},{\"@type\":\"WebSite\",\"@id\":\"https:\/\/www.couponhoarders.com\/pl\/#website\",\"url\":\"https:\/\/www.couponhoarders.com\/pl\/\",\"name\":\"Coupon Hoarders PL\",\"description\":\"\",\"potentialAction\":[{\"@type\":\"SearchAction\",\"target\":{\"@type\":\"EntryPoint\",\"urlTemplate\":\"https:\/\/www.couponhoarders.com\/pl\/?s={search_term_string}\"},\"query-input\":{\"@type\":\"PropertyValueSpecification\",\"valueRequired\":true,\"valueName\":\"search_term_string\"}}],\"inLanguage\":\"en-US\"}]}<\/script>\n<!-- \/ Yoast SEO plugin. -->","yoast_head_json":{"title":"O nas \u2013 Twoje zaufane \u017ar\u00f3d\u0142o kupon\u00f3w i ofert","description":"Dowiedz si\u0119 wi\u0119cej o nas, Twoim zaufanym miejscu, gdzie znajdziesz najnowsze kupony i oferty rabatowe. Nasz\u0105 misj\u0105 jest pom\u00f3c Ci bezproblemowo oszcz\u0119dza\u0107 pieni\u0105dze podczas zakup\u00f3w online.","robots":{"index":"index","follow":"follow","max-snippet":"max-snippet:-1","max-image-preview":"max-image-preview:large","max-video-preview":"max-video-preview:-1"},"canonical":"https:\/\/www.couponhoarders.com\/pl\/about-us\/","og_locale":"en_US","og_type":"article","og_title":"O nas \u2013 Twoje zaufane \u017ar\u00f3d\u0142o kupon\u00f3w i ofert","og_description":"Dowiedz si\u0119 wi\u0119cej o nas, Twoim zaufanym miejscu, gdzie znajdziesz najnowsze kupony i oferty rabatowe. Nasz\u0105 misj\u0105 jest pom\u00f3c Ci bezproblemowo oszcz\u0119dza\u0107 pieni\u0105dze podczas zakup\u00f3w online.","og_url":"https:\/\/www.couponhoarders.com\/pl\/about-us\/","og_site_name":"Coupon Hoarders PL","article_modified_time":"2025-12-24T12:13:35+00:00","twitter_card":"summary_large_image","twitter_misc":{"Est. reading time":"1 minute"},"schema":{"@context":"https:\/\/schema.org","@graph":[{"@type":"WebPage","@id":"https:\/\/www.couponhoarders.com\/pl\/about-us\/","url":"https:\/\/www.couponhoarders.com\/pl\/about-us\/","name":"O nas \u2013 Twoje zaufane \u017ar\u00f3d\u0142o kupon\u00f3w i ofert","isPartOf":{"@id":"https:\/\/www.couponhoarders.com\/pl\/#website"},"datePublished":"2024-10-10T07:40:10+00:00","dateModified":"2025-12-24T12:13:35+00:00","description":"Dowiedz si\u0119 wi\u0119cej o nas, Twoim zaufanym miejscu, gdzie znajdziesz najnowsze kupony i oferty rabatowe. Nasz\u0105 misj\u0105 jest pom\u00f3c Ci bezproblemowo oszcz\u0119dza\u0107 pieni\u0105dze podczas zakup\u00f3w online.","breadcrumb":{"@id":"https:\/\/www.couponhoarders.com\/pl\/about-us\/#breadcrumb"},"inLanguage":"en-US","potentialAction":[{"@type":"ReadAction","target":["https:\/\/www.couponhoarders.com\/pl\/about-us\/"]}]},{"@type":"BreadcrumbList","@id":"https:\/\/www.couponhoarders.com\/pl\/about-us\/#breadcrumb","itemListElement":[{"@type":"ListItem","position":1,"name":"Home","item":"https:\/\/www.couponhoarders.com\/pl\/"},{"@type":"ListItem","position":2,"name":"O nas"}]},{"@type":"WebSite","@id":"https:\/\/www.couponhoarders.com\/pl\/#website","url":"https:\/\/www.couponhoarders.com\/pl\/","name":"Coupon Hoarders PL","description":"","potentialAction":[{"@type":"SearchAction","target":{"@type":"EntryPoint","urlTemplate":"https:\/\/www.couponhoarders.com\/pl\/?s={search_term_string}"},"query-input":{"@type":"PropertyValueSpecification","valueRequired":true,"valueName":"search_term_string"}}],"inLanguage":"en-US"}]}},"_links":{"self":[{"href":"https:\/\/www.couponhoarders.com\/pl\/wp-json\/wp\/v2\/pages\/122","targetHints":{"allow":["GET"]}}],"collection":[{"href":"https:\/\/www.couponhoarders.com\/pl\/wp-json\/wp\/v2\/pages"}],"about":[{"href":"https:\/\/www.couponhoarders.com\/pl\/wp-json\/wp\/v2\/types\/page"}],"author":[{"embeddable":true,"href":"https:\/\/www.couponhoarders.com\/pl\/wp-json\/wp\/v2\/users\/2"}],"replies":[{"embeddable":true,"href":"https:\/\/www.couponhoarders.com\/pl\/wp-json\/wp\/v2\/comments?post=122"}],"version-history":[{"count":3,"href":"https:\/\/www.couponhoarders.com\/pl\/wp-json\/wp\/v2\/pages\/122\/revisions"}],"predecessor-version":[{"id":243,"href":"https:\/\/www.couponhoarders.com\/pl\/wp-json\/wp\/v2\/pages\/122\/revisions\/243"}],"wp:attachment":[{"href":"https:\/\/www.couponhoarders.com\/pl\/wp-json\/wp\/v2\/media?parent=122"}],"curies":[{"name":"wp","href":"https:\/\/api.w.org\/{rel}","templated":true}]}}