{"id":12,"date":"2024-10-07T06:34:38","date_gmt":"2024-10-07T06:34:38","guid":{"rendered":"https:\/\/www.couponhoarders.com\/?page_id=12"},"modified":"2025-12-24T10:41:53","modified_gmt":"2025-12-24T10:41:53","slug":"categories","status":"publish","type":"page","link":"https:\/\/www.couponhoarders.com\/pl\/categories\/","title":{"rendered":"Kategorie"},"content":{"rendered":"","protected":false},"excerpt":{"rendered":"","protected":false},"author":2,"featured_media":0,"parent":0,"menu_order":0,"comment_status":"closed","ping_status":"closed","template":"all-categories-template.php","meta":{"_acf_changed":false,"footnotes":""},"class_list":["post-12","page","type-page","status-publish","hentry"],"acf":[],"yoast_head":"<!-- This site is optimized with the Yoast SEO plugin v26.6 - https:\/\/yoast.com\/wordpress\/plugins\/seo\/ -->\n<title>Najpopularniejsze kategorie \u2013 przegl\u0105daj oferty wed\u0142ug kategorii<\/title>\n<meta name=\"description\" content=\"Odkryj szerok\u0105 gam\u0119 kategorii kupon\u00f3w w CouponHoarders PL. Znajd\u017a oferty zni\u017ckowe i specjalne uporz\u0105dkowane wed\u0142ug kategorii, aby zaoszcz\u0119dzi\u0107 jeszcze wi\u0119cej przy ka\u017cdym zakupie.\" \/>\n<meta name=\"robots\" content=\"index, follow, max-snippet:-1, max-image-preview:large, max-video-preview:-1\" \/>\n<link rel=\"canonical\" href=\"https:\/\/www.couponhoarders.com\/pl\/categories\/\" \/>\n<meta property=\"og:locale\" content=\"en_US\" \/>\n<meta property=\"og:type\" content=\"article\" \/>\n<meta property=\"og:title\" content=\"Najpopularniejsze kategorie \u2013 przegl\u0105daj oferty wed\u0142ug kategorii\" \/>\n<meta property=\"og:description\" content=\"Odkryj szerok\u0105 gam\u0119 kategorii kupon\u00f3w w CouponHoarders PL. Znajd\u017a oferty zni\u017ckowe i specjalne uporz\u0105dkowane wed\u0142ug kategorii, aby zaoszcz\u0119dzi\u0107 jeszcze wi\u0119cej przy ka\u017cdym zakupie.\" \/>\n<meta property=\"og:url\" content=\"https:\/\/www.couponhoarders.com\/pl\/categories\/\" \/>\n<meta property=\"og:site_name\" content=\"Coupon Hoarders PL\" \/>\n<meta property=\"article:modified_time\" content=\"2025-12-24T10:41:53+00:00\" \/>\n<meta name=\"twitter:card\" content=\"summary_large_image\" \/>\n<script type=\"application\/ld+json\" class=\"yoast-schema-graph\">{\"@context\":\"https:\/\/schema.org\",\"@graph\":[{\"@type\":\"WebPage\",\"@id\":\"https:\/\/www.couponhoarders.com\/pl\/categories\/\",\"url\":\"https:\/\/www.couponhoarders.com\/pl\/categories\/\",\"name\":\"Najpopularniejsze kategorie \u2013 przegl\u0105daj oferty wed\u0142ug kategorii\",\"isPartOf\":{\"@id\":\"https:\/\/www.couponhoarders.com\/pl\/#website\"},\"datePublished\":\"2024-10-07T06:34:38+00:00\",\"dateModified\":\"2025-12-24T10:41:53+00:00\",\"description\":\"Odkryj szerok\u0105 gam\u0119 kategorii kupon\u00f3w w CouponHoarders PL. Znajd\u017a oferty zni\u017ckowe i specjalne uporz\u0105dkowane wed\u0142ug kategorii, aby zaoszcz\u0119dzi\u0107 jeszcze wi\u0119cej przy ka\u017cdym zakupie.\",\"breadcrumb\":{\"@id\":\"https:\/\/www.couponhoarders.com\/pl\/categories\/#breadcrumb\"},\"inLanguage\":\"en-US\",\"potentialAction\":[{\"@type\":\"ReadAction\",\"target\":[\"https:\/\/www.couponhoarders.com\/pl\/categories\/\"]}]},{\"@type\":\"BreadcrumbList\",\"@id\":\"https:\/\/www.couponhoarders.com\/pl\/categories\/#breadcrumb\",\"itemListElement\":[{\"@type\":\"ListItem\",\"position\":1,\"name\":\"Home\",\"item\":\"https:\/\/www.couponhoarders.com\/pl\/\"},{\"@type\":\"ListItem\",\"position\":2,\"name\":\"Kategorie\"}]},{\"@type\":\"WebSite\",\"@id\":\"https:\/\/www.couponhoarders.com\/pl\/#website\",\"url\":\"https:\/\/www.couponhoarders.com\/pl\/\",\"name\":\"Coupon Hoarders PL\",\"description\":\"\",\"potentialAction\":[{\"@type\":\"SearchAction\",\"target\":{\"@type\":\"EntryPoint\",\"urlTemplate\":\"https:\/\/www.couponhoarders.com\/pl\/?s={search_term_string}\"},\"query-input\":{\"@type\":\"PropertyValueSpecification\",\"valueRequired\":true,\"valueName\":\"search_term_string\"}}],\"inLanguage\":\"en-US\"}]}<\/script>\n<!-- \/ Yoast SEO plugin. -->","yoast_head_json":{"title":"Najpopularniejsze kategorie \u2013 przegl\u0105daj oferty wed\u0142ug kategorii","description":"Odkryj szerok\u0105 gam\u0119 kategorii kupon\u00f3w w CouponHoarders PL. Znajd\u017a oferty zni\u017ckowe i specjalne uporz\u0105dkowane wed\u0142ug kategorii, aby zaoszcz\u0119dzi\u0107 jeszcze wi\u0119cej przy ka\u017cdym zakupie.","robots":{"index":"index","follow":"follow","max-snippet":"max-snippet:-1","max-image-preview":"max-image-preview:large","max-video-preview":"max-video-preview:-1"},"canonical":"https:\/\/www.couponhoarders.com\/pl\/categories\/","og_locale":"en_US","og_type":"article","og_title":"Najpopularniejsze kategorie \u2013 przegl\u0105daj oferty wed\u0142ug kategorii","og_description":"Odkryj szerok\u0105 gam\u0119 kategorii kupon\u00f3w w CouponHoarders PL. Znajd\u017a oferty zni\u017ckowe i specjalne uporz\u0105dkowane wed\u0142ug kategorii, aby zaoszcz\u0119dzi\u0107 jeszcze wi\u0119cej przy ka\u017cdym zakupie.","og_url":"https:\/\/www.couponhoarders.com\/pl\/categories\/","og_site_name":"Coupon Hoarders PL","article_modified_time":"2025-12-24T10:41:53+00:00","twitter_card":"summary_large_image","schema":{"@context":"https:\/\/schema.org","@graph":[{"@type":"WebPage","@id":"https:\/\/www.couponhoarders.com\/pl\/categories\/","url":"https:\/\/www.couponhoarders.com\/pl\/categories\/","name":"Najpopularniejsze kategorie \u2013 przegl\u0105daj oferty wed\u0142ug kategorii","isPartOf":{"@id":"https:\/\/www.couponhoarders.com\/pl\/#website"},"datePublished":"2024-10-07T06:34:38+00:00","dateModified":"2025-12-24T10:41:53+00:00","description":"Odkryj szerok\u0105 gam\u0119 kategorii kupon\u00f3w w CouponHoarders PL. Znajd\u017a oferty zni\u017ckowe i specjalne uporz\u0105dkowane wed\u0142ug kategorii, aby zaoszcz\u0119dzi\u0107 jeszcze wi\u0119cej przy ka\u017cdym zakupie.","breadcrumb":{"@id":"https:\/\/www.couponhoarders.com\/pl\/categories\/#breadcrumb"},"inLanguage":"en-US","potentialAction":[{"@type":"ReadAction","target":["https:\/\/www.couponhoarders.com\/pl\/categories\/"]}]},{"@type":"BreadcrumbList","@id":"https:\/\/www.couponhoarders.com\/pl\/categories\/#breadcrumb","itemListElement":[{"@type":"ListItem","position":1,"name":"Home","item":"https:\/\/www.couponhoarders.com\/pl\/"},{"@type":"ListItem","position":2,"name":"Kategorie"}]},{"@type":"WebSite","@id":"https:\/\/www.couponhoarders.com\/pl\/#website","url":"https:\/\/www.couponhoarders.com\/pl\/","name":"Coupon Hoarders PL","description":"","potentialAction":[{"@type":"SearchAction","target":{"@type":"EntryPoint","urlTemplate":"https:\/\/www.couponhoarders.com\/pl\/?s={search_term_string}"},"query-input":{"@type":"PropertyValueSpecification","valueRequired":true,"valueName":"search_term_string"}}],"inLanguage":"en-US"}]}},"_links":{"self":[{"href":"https:\/\/www.couponhoarders.com\/pl\/wp-json\/wp\/v2\/pages\/12","targetHints":{"allow":["GET"]}}],"collection":[{"href":"https:\/\/www.couponhoarders.com\/pl\/wp-json\/wp\/v2\/pages"}],"about":[{"href":"https:\/\/www.couponhoarders.com\/pl\/wp-json\/wp\/v2\/types\/page"}],"author":[{"embeddable":true,"href":"https:\/\/www.couponhoarders.com\/pl\/wp-json\/wp\/v2\/users\/2"}],"replies":[{"embeddable":true,"href":"https:\/\/www.couponhoarders.com\/pl\/wp-json\/wp\/v2\/comments?post=12"}],"version-history":[{"count":2,"href":"https:\/\/www.couponhoarders.com\/pl\/wp-json\/wp\/v2\/pages\/12\/revisions"}],"predecessor-version":[{"id":238,"href":"https:\/\/www.couponhoarders.com\/pl\/wp-json\/wp\/v2\/pages\/12\/revisions\/238"}],"wp:attachment":[{"href":"https:\/\/www.couponhoarders.com\/pl\/wp-json\/wp\/v2\/media?parent=12"}],"curies":[{"name":"wp","href":"https:\/\/api.w.org\/{rel}","templated":true}]}}