{"id":118,"date":"2024-10-09T08:39:57","date_gmt":"2024-10-09T08:39:57","guid":{"rendered":"https:\/\/www.couponhoarders.com\/?page_id=118"},"modified":"2025-12-24T13:18:45","modified_gmt":"2025-12-24T13:18:45","slug":"faqs","status":"publish","type":"page","link":"https:\/\/www.couponhoarders.com\/pl\/faqs\/","title":{"rendered":"Cz\u0119sto zadawane pytania"},"content":{"rendered":"<h2 style=\"text-align: center;\">Cz\u0119sto zadawane pytania<\/h2>\n<h3>Masz pytanie?<\/h3>\n<p>Jeste\u015b we w\u0142a\u015bciwym miejscu! Zebrali\u015bmy najcz\u0119\u015bciej zadawane pytania, aby\u015b m\u00f3g\u0142 szybko uzyska\u0107 odpowiedzi \u2013 bez nieko\u0144cz\u0105cego si\u0119 przewijania i skomplikowanego j\u0119zyka.<\/p>\n<p><strong>Czym jest kod CouponHoarders?<\/strong><br \/>\nCouponHoarders to strona z prawdziwymi, dzia\u0142aj\u0105cymi rabatami. Zbieramy najnowsze kody promocyjne, kupony i oferty specjalne od topowych marek, aby\u015b nie musia\u0142 sam ich szuka\u0107.<\/p>\n<p><strong>Jak u\u017cy\u0107 kuponu z CouponHoarders?<\/strong><br \/>\nKliknij przycisk \u201ePobierz kod\u201d lub \u201eZobacz ofert\u0119\u201d obok interesuj\u0105cej Ci\u0119 promocji. Je\u015bli to kod, skopiuj go i wklej podczas sk\u0142adania zam\u00f3wienia. Je\u015bli to oferta, przekierujemy Ci\u0119 bezpo\u015brednio na stron\u0119 sklepu.<\/p>\n<p><strong>Czy musz\u0119 za\u0142o\u017cy\u0107 konto, aby korzysta\u0107 z kupon\u00f3w?<\/strong><br \/>\nNie! Nie musisz si\u0119 rejestrowa\u0107 ani zak\u0142ada\u0107 konta, aby korzysta\u0107 z naszych kupon\u00f3w.<\/p>\n<p><strong>Czy korzystanie z ofert na CouponHoarders jest bezp\u0142atne?<\/strong><br \/>\nOczywi\u015bcie! Przegl\u0105danie i u\u017cywanie naszych kupon\u00f3w jest ca\u0142kowicie darmowe.<\/p>\n<p><strong>Jak cz\u0119sto aktualizowane s\u0105 kupony i oferty?<\/strong><br \/>\nNasze oferty aktualizujemy codziennie, aby\u015b nie traci\u0142 czasu na wygas\u0142e lub nieaktualne promocje.<\/p>\n<p><strong>Czy mog\u0119 u\u017cy\u0107 wi\u0119cej ni\u017c jednego kuponu w tym samym zam\u00f3wieniu?<\/strong><br \/>\nTo zale\u017cy od sklepu. Niekt\u00f3re pozwalaj\u0105 \u0142\u0105czy\u0107 kody, ale wi\u0119kszo\u015b\u0107 akceptuje tylko jeden kupon na zam\u00f3wienie.<\/p>\n<p><strong>Co zrobi\u0107, je\u015bli kupon nie dzia\u0142a?<\/strong><br \/>\nCzasami si\u0119 zdarza. Skontaktuj si\u0119 z nami przez stron\u0119 kontaktow\u0105, a postaramy si\u0119 zapewni\u0107 Ci wa\u017cny kupon zast\u0119pczy.<\/p>\n<p><strong>Czy oferujecie tylko kupony online, czy tak\u017ce do sklep\u00f3w stacjonarnych?<\/strong><br \/>\nG\u0142\u00f3wnie skupiamy si\u0119 na kuponach online, ale prezentujemy tak\u017ce oferty do sklep\u00f3w stacjonarnych, je\u015bli s\u0105 dost\u0119pne.<\/p>\n","protected":false},"excerpt":{"rendered":"<p>Cz\u0119sto zadawane pytania Masz pytanie? Jeste\u015b we w\u0142a\u015bciwym miejscu! Zebrali\u015bmy najcz\u0119\u015bciej zadawane pytania, aby\u015b m\u00f3g\u0142 szybko uzyska\u0107 odpowiedzi \u2013 bez nieko\u0144cz\u0105cego si\u0119 przewijania i skomplikowanego j\u0119zyka. Czym jest kod CouponHoarders? CouponHoarders to strona z prawdziwymi, dzia\u0142aj\u0105cymi rabatami. Zbieramy najnowsze kody promocyjne, kupony i oferty specjalne od topowych marek, aby\u015b nie musia\u0142 sam ich szuka\u0107. Jak [&hellip;]<\/p>\n","protected":false},"author":2,"featured_media":0,"parent":0,"menu_order":0,"comment_status":"closed","ping_status":"closed","template":"","meta":{"_acf_changed":false,"footnotes":""},"class_list":["post-118","page","type-page","status-publish","hentry"],"acf":[],"yoast_head":"<!-- This site is optimized with the Yoast SEO plugin v26.6 - https:\/\/yoast.com\/wordpress\/plugins\/seo\/ -->\n<title>FAQ \u2013 Kupony, kody promocyjne i oferty Pomoc<\/title>\n<meta name=\"description\" content=\"Znajd\u017a odpowiedzi na cz\u0119sto zadawane pytania dotycz\u0105ce kupon\u00f3w i ofert rabatowych na CouponHoarders. Dowiedz si\u0119, jak oszcz\u0119dza\u0107 pieni\u0105dze i korzysta\u0107 z najlepszych ofert.\" \/>\n<meta name=\"robots\" content=\"index, follow, max-snippet:-1, max-image-preview:large, max-video-preview:-1\" \/>\n<link rel=\"canonical\" href=\"https:\/\/www.couponhoarders.com\/pl\/faqs\/\" \/>\n<meta property=\"og:locale\" content=\"en_US\" \/>\n<meta property=\"og:type\" content=\"article\" \/>\n<meta property=\"og:title\" content=\"FAQ \u2013 Kupony, kody promocyjne i oferty Pomoc\" \/>\n<meta property=\"og:description\" content=\"Znajd\u017a odpowiedzi na cz\u0119sto zadawane pytania dotycz\u0105ce kupon\u00f3w i ofert rabatowych na CouponHoarders. Dowiedz si\u0119, jak oszcz\u0119dza\u0107 pieni\u0105dze i korzysta\u0107 z najlepszych ofert.\" \/>\n<meta property=\"og:url\" content=\"https:\/\/www.couponhoarders.com\/pl\/faqs\/\" \/>\n<meta property=\"og:site_name\" content=\"Coupon Hoarders PL\" \/>\n<meta property=\"article:modified_time\" content=\"2025-12-24T13:18:45+00:00\" \/>\n<meta name=\"twitter:card\" content=\"summary_large_image\" \/>\n<meta name=\"twitter:label1\" content=\"Est. reading time\" \/>\n\t<meta name=\"twitter:data1\" content=\"1 minute\" \/>\n<script type=\"application\/ld+json\" class=\"yoast-schema-graph\">{\"@context\":\"https:\/\/schema.org\",\"@graph\":[{\"@type\":\"WebPage\",\"@id\":\"https:\/\/www.couponhoarders.com\/pl\/faqs\/\",\"url\":\"https:\/\/www.couponhoarders.com\/pl\/faqs\/\",\"name\":\"FAQ \u2013 Kupony, kody promocyjne i oferty Pomoc\",\"isPartOf\":{\"@id\":\"https:\/\/www.couponhoarders.com\/pl\/#website\"},\"datePublished\":\"2024-10-09T08:39:57+00:00\",\"dateModified\":\"2025-12-24T13:18:45+00:00\",\"description\":\"Znajd\u017a odpowiedzi na cz\u0119sto zadawane pytania dotycz\u0105ce kupon\u00f3w i ofert rabatowych na CouponHoarders. Dowiedz si\u0119, jak oszcz\u0119dza\u0107 pieni\u0105dze i korzysta\u0107 z najlepszych ofert.\",\"breadcrumb\":{\"@id\":\"https:\/\/www.couponhoarders.com\/pl\/faqs\/#breadcrumb\"},\"inLanguage\":\"en-US\",\"potentialAction\":[{\"@type\":\"ReadAction\",\"target\":[\"https:\/\/www.couponhoarders.com\/pl\/faqs\/\"]}]},{\"@type\":\"BreadcrumbList\",\"@id\":\"https:\/\/www.couponhoarders.com\/pl\/faqs\/#breadcrumb\",\"itemListElement\":[{\"@type\":\"ListItem\",\"position\":1,\"name\":\"Home\",\"item\":\"https:\/\/www.couponhoarders.com\/pl\/\"},{\"@type\":\"ListItem\",\"position\":2,\"name\":\"Cz\u0119sto zadawane pytania\"}]},{\"@type\":\"WebSite\",\"@id\":\"https:\/\/www.couponhoarders.com\/pl\/#website\",\"url\":\"https:\/\/www.couponhoarders.com\/pl\/\",\"name\":\"Coupon Hoarders PL\",\"description\":\"\",\"potentialAction\":[{\"@type\":\"SearchAction\",\"target\":{\"@type\":\"EntryPoint\",\"urlTemplate\":\"https:\/\/www.couponhoarders.com\/pl\/?s={search_term_string}\"},\"query-input\":{\"@type\":\"PropertyValueSpecification\",\"valueRequired\":true,\"valueName\":\"search_term_string\"}}],\"inLanguage\":\"en-US\"}]}<\/script>\n<!-- \/ Yoast SEO plugin. -->","yoast_head_json":{"title":"FAQ \u2013 Kupony, kody promocyjne i oferty Pomoc","description":"Znajd\u017a odpowiedzi na cz\u0119sto zadawane pytania dotycz\u0105ce kupon\u00f3w i ofert rabatowych na CouponHoarders. Dowiedz si\u0119, jak oszcz\u0119dza\u0107 pieni\u0105dze i korzysta\u0107 z najlepszych ofert.","robots":{"index":"index","follow":"follow","max-snippet":"max-snippet:-1","max-image-preview":"max-image-preview:large","max-video-preview":"max-video-preview:-1"},"canonical":"https:\/\/www.couponhoarders.com\/pl\/faqs\/","og_locale":"en_US","og_type":"article","og_title":"FAQ \u2013 Kupony, kody promocyjne i oferty Pomoc","og_description":"Znajd\u017a odpowiedzi na cz\u0119sto zadawane pytania dotycz\u0105ce kupon\u00f3w i ofert rabatowych na CouponHoarders. Dowiedz si\u0119, jak oszcz\u0119dza\u0107 pieni\u0105dze i korzysta\u0107 z najlepszych ofert.","og_url":"https:\/\/www.couponhoarders.com\/pl\/faqs\/","og_site_name":"Coupon Hoarders PL","article_modified_time":"2025-12-24T13:18:45+00:00","twitter_card":"summary_large_image","twitter_misc":{"Est. reading time":"1 minute"},"schema":{"@context":"https:\/\/schema.org","@graph":[{"@type":"WebPage","@id":"https:\/\/www.couponhoarders.com\/pl\/faqs\/","url":"https:\/\/www.couponhoarders.com\/pl\/faqs\/","name":"FAQ \u2013 Kupony, kody promocyjne i oferty Pomoc","isPartOf":{"@id":"https:\/\/www.couponhoarders.com\/pl\/#website"},"datePublished":"2024-10-09T08:39:57+00:00","dateModified":"2025-12-24T13:18:45+00:00","description":"Znajd\u017a odpowiedzi na cz\u0119sto zadawane pytania dotycz\u0105ce kupon\u00f3w i ofert rabatowych na CouponHoarders. Dowiedz si\u0119, jak oszcz\u0119dza\u0107 pieni\u0105dze i korzysta\u0107 z najlepszych ofert.","breadcrumb":{"@id":"https:\/\/www.couponhoarders.com\/pl\/faqs\/#breadcrumb"},"inLanguage":"en-US","potentialAction":[{"@type":"ReadAction","target":["https:\/\/www.couponhoarders.com\/pl\/faqs\/"]}]},{"@type":"BreadcrumbList","@id":"https:\/\/www.couponhoarders.com\/pl\/faqs\/#breadcrumb","itemListElement":[{"@type":"ListItem","position":1,"name":"Home","item":"https:\/\/www.couponhoarders.com\/pl\/"},{"@type":"ListItem","position":2,"name":"Cz\u0119sto zadawane pytania"}]},{"@type":"WebSite","@id":"https:\/\/www.couponhoarders.com\/pl\/#website","url":"https:\/\/www.couponhoarders.com\/pl\/","name":"Coupon Hoarders PL","description":"","potentialAction":[{"@type":"SearchAction","target":{"@type":"EntryPoint","urlTemplate":"https:\/\/www.couponhoarders.com\/pl\/?s={search_term_string}"},"query-input":{"@type":"PropertyValueSpecification","valueRequired":true,"valueName":"search_term_string"}}],"inLanguage":"en-US"}]}},"_links":{"self":[{"href":"https:\/\/www.couponhoarders.com\/pl\/wp-json\/wp\/v2\/pages\/118","targetHints":{"allow":["GET"]}}],"collection":[{"href":"https:\/\/www.couponhoarders.com\/pl\/wp-json\/wp\/v2\/pages"}],"about":[{"href":"https:\/\/www.couponhoarders.com\/pl\/wp-json\/wp\/v2\/types\/page"}],"author":[{"embeddable":true,"href":"https:\/\/www.couponhoarders.com\/pl\/wp-json\/wp\/v2\/users\/2"}],"replies":[{"embeddable":true,"href":"https:\/\/www.couponhoarders.com\/pl\/wp-json\/wp\/v2\/comments?post=118"}],"version-history":[{"count":3,"href":"https:\/\/www.couponhoarders.com\/pl\/wp-json\/wp\/v2\/pages\/118\/revisions"}],"predecessor-version":[{"id":244,"href":"https:\/\/www.couponhoarders.com\/pl\/wp-json\/wp\/v2\/pages\/118\/revisions\/244"}],"wp:attachment":[{"href":"https:\/\/www.couponhoarders.com\/pl\/wp-json\/wp\/v2\/media?parent=118"}],"curies":[{"name":"wp","href":"https:\/\/api.w.org\/{rel}","templated":true}]}}