{"id":122,"date":"2024-10-10T07:40:10","date_gmt":"2024-10-10T07:40:10","guid":{"rendered":"https:\/\/www.couponhoarders.com\/?page_id=122"},"modified":"2025-12-24T12:29:35","modified_gmt":"2025-12-24T12:29:35","slug":"about-us","status":"publish","type":"page","link":"https:\/\/www.couponhoarders.com\/no\/about-us\/","title":{"rendered":"About Us"},"content":{"rendered":"<h2 style=\"text-align: center;\">Om CouponHoarders<\/h2>\n<p>Hos CouponHoarders mener vi at det \u00e5 spare penger skal v\u00e6re enkelt og g\u00f8y. V\u00e5r misjon er klar: \u00e5 hjelpe deg med \u00e5 spare uten at det blir en heltidsjobb. Vi vet hvor frustrerende det er \u00e5 jage \u201cfantastiske tilbud\u201d bare for \u00e5 oppdage at de er utl\u00f8pt eller ikke fungerer \u2013 og vi hater det like mye som deg.<\/p>\n<p>Derfor bruker vi tiden v\u00e5r p\u00e5 \u00e5 finne tilbud som virkelig er verdt oppmerksomheten din. Fra mote og gadgets til dagligvarer og reiser \u2013 hvis det hjelper deg \u00e5 spare, finner du det her.<\/p>\n<h3>Hvorfor handle hos oss?<\/h3>\n<ul>\n<li><strong>Verifiserte tilbud:<\/strong> Vi s\u00f8rger for at alt er oppdatert, s\u00e5 du slipper \u00e5 bruke tid p\u00e5 \u00f8delagte lenker.<\/li>\n<li><strong>Varierte butikker:<\/strong> Fra kjente merker til skjulte perler \u2013 vi har alt.<\/li>\n<li><strong>Enkel sparing:<\/strong> Se, bruk, spar \u2013 s\u00e5 enkelt er det.<\/li>\n<\/ul>\n<h3>Hvorfor velge CouponHoarders?<\/h3>\n<p>Med s\u00e5 mange kupongsider, hva gj\u00f8r CouponHoarders unikt? Her er hvorfor vi er din p\u00e5litelige sparingspartner:<\/p>\n<ul>\n<li><strong>Koder som faktisk fungerer<\/strong>: Slutt p\u00e5 \u00e5 klikke i det uendelige \u2013 v\u00e5re kuponger er testet og verifisert.<\/li>\n<li><strong>Daglige nye tilbud<\/strong>: Nye tilbud legges til hver dag, s\u00e5 det er alltid noe \u00e5 spare p\u00e5.<\/li>\n<li><strong>Alle favorittene dine p\u00e5 ett sted<\/strong>: Oppdag b\u00e5de popul\u00e6re merker og skjulte perler du ikke har pr\u00f8vd enda.<\/li>\n<li><strong>Ingen registrering n\u00f8dvendig<\/strong>: S\u00f8k, klikk og spar \u2013 uten problemer.<\/li>\n<li><strong>Vi verdsetter tiden din<\/strong>: Vi gj\u00f8r jobben for deg, s\u00e5 du slipper \u00e5 bruke timer p\u00e5 utl\u00f8pte tilbud.<\/li>\n<\/ul>\n","protected":false},"excerpt":{"rendered":"<p>Om CouponHoarders Hos CouponHoarders mener vi at det \u00e5 spare penger skal v\u00e6re enkelt og g\u00f8y. V\u00e5r misjon er klar: \u00e5 hjelpe deg med \u00e5 spare uten at det blir en heltidsjobb. Vi vet hvor frustrerende det er \u00e5 jage \u201cfantastiske tilbud\u201d bare for \u00e5 oppdage at de er utl\u00f8pt eller ikke fungerer \u2013 og [&hellip;]<\/p>\n","protected":false},"author":2,"featured_media":0,"parent":0,"menu_order":0,"comment_status":"closed","ping_status":"closed","template":"pages\/about-us.php","meta":{"_acf_changed":false,"footnotes":""},"class_list":["post-122","page","type-page","status-publish","hentry"],"acf":[],"yoast_head":"<!-- This site is optimized with the Yoast SEO plugin v26.6 - https:\/\/yoast.com\/wordpress\/plugins\/seo\/ -->\n<title>Om oss \u2013 Din p\u00e5litelige kilde for kuponger og tilbud<\/title>\n<meta name=\"description\" content=\"L\u00e6r om oss, din p\u00e5litelige destinasjon for de nyeste kupongene og rabatttilbudene. V\u00e5rt oppdrag er \u00e5 hjelpe deg med \u00e5 spare penger uanstrengt n\u00e5r du handler p\u00e5 nett.\" \/>\n<meta name=\"robots\" content=\"index, follow, max-snippet:-1, max-image-preview:large, max-video-preview:-1\" \/>\n<link rel=\"canonical\" href=\"https:\/\/www.couponhoarders.com\/no\/about-us\/\" \/>\n<meta property=\"og:locale\" content=\"en_US\" \/>\n<meta property=\"og:type\" content=\"article\" \/>\n<meta property=\"og:title\" content=\"Om oss \u2013 Din p\u00e5litelige kilde for kuponger og tilbud\" \/>\n<meta property=\"og:description\" content=\"L\u00e6r om oss, din p\u00e5litelige destinasjon for de nyeste kupongene og rabatttilbudene. V\u00e5rt oppdrag er \u00e5 hjelpe deg med \u00e5 spare penger uanstrengt n\u00e5r du handler p\u00e5 nett.\" \/>\n<meta property=\"og:url\" content=\"https:\/\/www.couponhoarders.com\/no\/about-us\/\" \/>\n<meta property=\"og:site_name\" content=\"Coupon Hoarders NO\" \/>\n<meta property=\"article:modified_time\" content=\"2025-12-24T12:29:35+00:00\" \/>\n<meta name=\"twitter:card\" content=\"summary_large_image\" \/>\n<meta name=\"twitter:label1\" content=\"Est. reading time\" \/>\n\t<meta name=\"twitter:data1\" content=\"2 minutes\" \/>\n<script type=\"application\/ld+json\" class=\"yoast-schema-graph\">{\"@context\":\"https:\/\/schema.org\",\"@graph\":[{\"@type\":\"WebPage\",\"@id\":\"https:\/\/www.couponhoarders.com\/no\/about-us\/\",\"url\":\"https:\/\/www.couponhoarders.com\/no\/about-us\/\",\"name\":\"Om oss \u2013 Din p\u00e5litelige kilde for kuponger og tilbud\",\"isPartOf\":{\"@id\":\"https:\/\/www.couponhoarders.com\/no\/#website\"},\"datePublished\":\"2024-10-10T07:40:10+00:00\",\"dateModified\":\"2025-12-24T12:29:35+00:00\",\"description\":\"L\u00e6r om oss, din p\u00e5litelige destinasjon for de nyeste kupongene og rabatttilbudene. V\u00e5rt oppdrag er \u00e5 hjelpe deg med \u00e5 spare penger uanstrengt n\u00e5r du handler p\u00e5 nett.\",\"breadcrumb\":{\"@id\":\"https:\/\/www.couponhoarders.com\/no\/about-us\/#breadcrumb\"},\"inLanguage\":\"en-US\",\"potentialAction\":[{\"@type\":\"ReadAction\",\"target\":[\"https:\/\/www.couponhoarders.com\/no\/about-us\/\"]}]},{\"@type\":\"BreadcrumbList\",\"@id\":\"https:\/\/www.couponhoarders.com\/no\/about-us\/#breadcrumb\",\"itemListElement\":[{\"@type\":\"ListItem\",\"position\":1,\"name\":\"Home\",\"item\":\"https:\/\/www.couponhoarders.com\/no\/\"},{\"@type\":\"ListItem\",\"position\":2,\"name\":\"About Us\"}]},{\"@type\":\"WebSite\",\"@id\":\"https:\/\/www.couponhoarders.com\/no\/#website\",\"url\":\"https:\/\/www.couponhoarders.com\/no\/\",\"name\":\"Coupon Hoarders NO\",\"description\":\"\",\"potentialAction\":[{\"@type\":\"SearchAction\",\"target\":{\"@type\":\"EntryPoint\",\"urlTemplate\":\"https:\/\/www.couponhoarders.com\/no\/?s={search_term_string}\"},\"query-input\":{\"@type\":\"PropertyValueSpecification\",\"valueRequired\":true,\"valueName\":\"search_term_string\"}}],\"inLanguage\":\"en-US\"}]}<\/script>\n<!-- \/ Yoast SEO plugin. -->","yoast_head_json":{"title":"Om oss \u2013 Din p\u00e5litelige kilde for kuponger og tilbud","description":"L\u00e6r om oss, din p\u00e5litelige destinasjon for de nyeste kupongene og rabatttilbudene. V\u00e5rt oppdrag er \u00e5 hjelpe deg med \u00e5 spare penger uanstrengt n\u00e5r du handler p\u00e5 nett.","robots":{"index":"index","follow":"follow","max-snippet":"max-snippet:-1","max-image-preview":"max-image-preview:large","max-video-preview":"max-video-preview:-1"},"canonical":"https:\/\/www.couponhoarders.com\/no\/about-us\/","og_locale":"en_US","og_type":"article","og_title":"Om oss \u2013 Din p\u00e5litelige kilde for kuponger og tilbud","og_description":"L\u00e6r om oss, din p\u00e5litelige destinasjon for de nyeste kupongene og rabatttilbudene. V\u00e5rt oppdrag er \u00e5 hjelpe deg med \u00e5 spare penger uanstrengt n\u00e5r du handler p\u00e5 nett.","og_url":"https:\/\/www.couponhoarders.com\/no\/about-us\/","og_site_name":"Coupon Hoarders NO","article_modified_time":"2025-12-24T12:29:35+00:00","twitter_card":"summary_large_image","twitter_misc":{"Est. reading time":"2 minutes"},"schema":{"@context":"https:\/\/schema.org","@graph":[{"@type":"WebPage","@id":"https:\/\/www.couponhoarders.com\/no\/about-us\/","url":"https:\/\/www.couponhoarders.com\/no\/about-us\/","name":"Om oss \u2013 Din p\u00e5litelige kilde for kuponger og tilbud","isPartOf":{"@id":"https:\/\/www.couponhoarders.com\/no\/#website"},"datePublished":"2024-10-10T07:40:10+00:00","dateModified":"2025-12-24T12:29:35+00:00","description":"L\u00e6r om oss, din p\u00e5litelige destinasjon for de nyeste kupongene og rabatttilbudene. V\u00e5rt oppdrag er \u00e5 hjelpe deg med \u00e5 spare penger uanstrengt n\u00e5r du handler p\u00e5 nett.","breadcrumb":{"@id":"https:\/\/www.couponhoarders.com\/no\/about-us\/#breadcrumb"},"inLanguage":"en-US","potentialAction":[{"@type":"ReadAction","target":["https:\/\/www.couponhoarders.com\/no\/about-us\/"]}]},{"@type":"BreadcrumbList","@id":"https:\/\/www.couponhoarders.com\/no\/about-us\/#breadcrumb","itemListElement":[{"@type":"ListItem","position":1,"name":"Home","item":"https:\/\/www.couponhoarders.com\/no\/"},{"@type":"ListItem","position":2,"name":"About Us"}]},{"@type":"WebSite","@id":"https:\/\/www.couponhoarders.com\/no\/#website","url":"https:\/\/www.couponhoarders.com\/no\/","name":"Coupon Hoarders NO","description":"","potentialAction":[{"@type":"SearchAction","target":{"@type":"EntryPoint","urlTemplate":"https:\/\/www.couponhoarders.com\/no\/?s={search_term_string}"},"query-input":{"@type":"PropertyValueSpecification","valueRequired":true,"valueName":"search_term_string"}}],"inLanguage":"en-US"}]}},"_links":{"self":[{"href":"https:\/\/www.couponhoarders.com\/no\/wp-json\/wp\/v2\/pages\/122","targetHints":{"allow":["GET"]}}],"collection":[{"href":"https:\/\/www.couponhoarders.com\/no\/wp-json\/wp\/v2\/pages"}],"about":[{"href":"https:\/\/www.couponhoarders.com\/no\/wp-json\/wp\/v2\/types\/page"}],"author":[{"embeddable":true,"href":"https:\/\/www.couponhoarders.com\/no\/wp-json\/wp\/v2\/users\/2"}],"replies":[{"embeddable":true,"href":"https:\/\/www.couponhoarders.com\/no\/wp-json\/wp\/v2\/comments?post=122"}],"version-history":[{"count":3,"href":"https:\/\/www.couponhoarders.com\/no\/wp-json\/wp\/v2\/pages\/122\/revisions"}],"predecessor-version":[{"id":531,"href":"https:\/\/www.couponhoarders.com\/no\/wp-json\/wp\/v2\/pages\/122\/revisions\/531"}],"wp:attachment":[{"href":"https:\/\/www.couponhoarders.com\/no\/wp-json\/wp\/v2\/media?parent=122"}],"curies":[{"name":"wp","href":"https:\/\/api.w.org\/{rel}","templated":true}]}}