{"id":118,"date":"2024-10-09T08:39:57","date_gmt":"2024-10-09T08:39:57","guid":{"rendered":"https:\/\/www.couponhoarders.com\/?page_id=118"},"modified":"2025-12-24T13:47:28","modified_gmt":"2025-12-24T13:47:28","slug":"faqs","status":"publish","type":"page","link":"https:\/\/www.couponhoarders.com\/no\/faqs\/","title":{"rendered":"Vanlige sp\u00f8rsm\u00e5l"},"content":{"rendered":"<h2 style=\"text-align: center;\">Ofte stilte sp\u00f8rsm\u00e5l<\/h2>\n<h3>Har du et sp\u00f8rsm\u00e5l?<\/h3>\n<p>Da er du p\u00e5 rett sted! Vi har samlet de vanligste sp\u00f8rsm\u00e5lene slik at du raskt kan finne svar \u2013 uten endel\u00f8s scrolling eller forvirrende begreper.<\/p>\n<p><strong>Hva er en CouponHoarders-kode?<\/strong><br \/>\nCouponHoarders er ditt foretrukne nettsted for ekte og fungerende rabatter. Vi samler de nyeste kampanjekodene, kupongene og spesialtilbudene fra kjente merkevarer, slik at du kan spare penger uten \u00e5 m\u00e5tte lete selv.<\/p>\n<p><strong>Hvordan bruker jeg en kupong fra CouponHoarders?<\/strong><br \/>\nKlikk ganske enkelt p\u00e5 knappen \u00abHent kode\u00bb eller \u00abHent tilbud\u00bb ved siden av tilbudet du \u00f8nsker. Hvis det er en kode, kopierer du den og legger den inn i kassen ved betaling. Hvis det er et tilbud, sender vi deg direkte til butikkens tilbudsside.<\/p>\n<p><strong>M\u00e5 jeg ha en konto for \u00e5 bruke kupongene deres?<\/strong><br \/>\nNei, absolutt ikke! Du trenger ikke \u00e5 registrere deg eller opprette en konto for \u00e5 bruke kupongene v\u00e5re.<\/p>\n<p><strong>Er tilbudene p\u00e5 CouponHoarders gratis \u00e5 bruke?<\/strong><br \/>\nJa! Det er helt gratis \u00e5 bla gjennom og bruke kupongene v\u00e5re.<\/p>\n<p><strong>Hvor ofte oppdateres kuponger og tilbud?<\/strong><br \/>\nVi oppdaterer tilbudene v\u00e5re daglig, slik at du slipper \u00e5 kaste bort tid p\u00e5 utl\u00f8pte eller ugyldige rabatter.<\/p>\n<p><strong>Kan jeg bruke mer enn \u00e9n kupong p\u00e5 samme bestilling?<\/strong><br \/>\nDet avhenger av butikken. Noen forhandlere tillater bruk av flere koder, men de fleste godtar kun \u00e9n kupong per bestilling.<\/p>\n<p><strong>Hva b\u00f8r jeg gj\u00f8re hvis en kupong ikke fungerer?<\/strong><br \/>\nNoen ganger kan en kupong ikke fungere. Hvis det skjer, ta kontakt med oss via kontaktsiden, s\u00e5 vil vi pr\u00f8ve \u00e5 finne en gyldig erstatning.<\/p>\n<p><strong>Tilbyr dere kun nettkuponger, eller finnes det ogs\u00e5 kuponger for fysiske butikker?<\/strong><br \/>\nVi fokuserer hovedsakelig p\u00e5 nettkuponger, men vi fremhever ogs\u00e5 tilbud i fysiske butikker n\u00e5r de er tilgjengelige.<\/p>\n","protected":false},"excerpt":{"rendered":"<p>Ofte stilte sp\u00f8rsm\u00e5l Har du et sp\u00f8rsm\u00e5l? Da er du p\u00e5 rett sted! Vi har samlet de vanligste sp\u00f8rsm\u00e5lene slik at du raskt kan finne svar \u2013 uten endel\u00f8s scrolling eller forvirrende begreper. Hva er en CouponHoarders-kode? CouponHoarders er ditt foretrukne nettsted for ekte og fungerende rabatter. Vi samler de nyeste kampanjekodene, kupongene og spesialtilbudene [&hellip;]<\/p>\n","protected":false},"author":2,"featured_media":0,"parent":0,"menu_order":0,"comment_status":"closed","ping_status":"closed","template":"","meta":{"_acf_changed":false,"footnotes":""},"class_list":["post-118","page","type-page","status-publish","hentry"],"acf":[],"yoast_head":"<!-- This site is optimized with the Yoast SEO plugin v26.6 - https:\/\/yoast.com\/wordpress\/plugins\/seo\/ -->\n<title>Vanlige sp\u00f8rsm\u00e5l \u2013 Hjelp med kuponger, kampanjekoder og tilbud<\/title>\n<meta name=\"description\" content=\"Finn svar p\u00e5 vanlige sp\u00f8rsm\u00e5l om kuponger og rabatttilbud hos CouponHoarders. L\u00e6r hvordan du sparer penger og f\u00e5r de beste tilbudene.\" \/>\n<meta name=\"robots\" content=\"index, follow, max-snippet:-1, max-image-preview:large, max-video-preview:-1\" \/>\n<link rel=\"canonical\" href=\"https:\/\/www.couponhoarders.com\/no\/faqs\/\" \/>\n<meta property=\"og:locale\" content=\"en_US\" \/>\n<meta property=\"og:type\" content=\"article\" \/>\n<meta property=\"og:title\" content=\"Vanlige sp\u00f8rsm\u00e5l \u2013 Hjelp med kuponger, kampanjekoder og tilbud\" \/>\n<meta property=\"og:description\" content=\"Finn svar p\u00e5 vanlige sp\u00f8rsm\u00e5l om kuponger og rabatttilbud hos CouponHoarders. L\u00e6r hvordan du sparer penger og f\u00e5r de beste tilbudene.\" \/>\n<meta property=\"og:url\" content=\"https:\/\/www.couponhoarders.com\/no\/faqs\/\" \/>\n<meta property=\"og:site_name\" content=\"Coupon Hoarders NO\" \/>\n<meta property=\"article:modified_time\" content=\"2025-12-24T13:47:28+00:00\" \/>\n<meta name=\"twitter:card\" content=\"summary_large_image\" \/>\n<meta name=\"twitter:label1\" content=\"Est. reading time\" \/>\n\t<meta name=\"twitter:data1\" content=\"2 minutes\" \/>\n<script type=\"application\/ld+json\" class=\"yoast-schema-graph\">{\"@context\":\"https:\/\/schema.org\",\"@graph\":[{\"@type\":\"WebPage\",\"@id\":\"https:\/\/www.couponhoarders.com\/no\/faqs\/\",\"url\":\"https:\/\/www.couponhoarders.com\/no\/faqs\/\",\"name\":\"Vanlige sp\u00f8rsm\u00e5l \u2013 Hjelp med kuponger, kampanjekoder og tilbud\",\"isPartOf\":{\"@id\":\"https:\/\/www.couponhoarders.com\/no\/#website\"},\"datePublished\":\"2024-10-09T08:39:57+00:00\",\"dateModified\":\"2025-12-24T13:47:28+00:00\",\"description\":\"Finn svar p\u00e5 vanlige sp\u00f8rsm\u00e5l om kuponger og rabatttilbud hos CouponHoarders. L\u00e6r hvordan du sparer penger og f\u00e5r de beste tilbudene.\",\"breadcrumb\":{\"@id\":\"https:\/\/www.couponhoarders.com\/no\/faqs\/#breadcrumb\"},\"inLanguage\":\"en-US\",\"potentialAction\":[{\"@type\":\"ReadAction\",\"target\":[\"https:\/\/www.couponhoarders.com\/no\/faqs\/\"]}]},{\"@type\":\"BreadcrumbList\",\"@id\":\"https:\/\/www.couponhoarders.com\/no\/faqs\/#breadcrumb\",\"itemListElement\":[{\"@type\":\"ListItem\",\"position\":1,\"name\":\"Home\",\"item\":\"https:\/\/www.couponhoarders.com\/no\/\"},{\"@type\":\"ListItem\",\"position\":2,\"name\":\"Vanlige sp\u00f8rsm\u00e5l\"}]},{\"@type\":\"WebSite\",\"@id\":\"https:\/\/www.couponhoarders.com\/no\/#website\",\"url\":\"https:\/\/www.couponhoarders.com\/no\/\",\"name\":\"Coupon Hoarders NO\",\"description\":\"\",\"potentialAction\":[{\"@type\":\"SearchAction\",\"target\":{\"@type\":\"EntryPoint\",\"urlTemplate\":\"https:\/\/www.couponhoarders.com\/no\/?s={search_term_string}\"},\"query-input\":{\"@type\":\"PropertyValueSpecification\",\"valueRequired\":true,\"valueName\":\"search_term_string\"}}],\"inLanguage\":\"en-US\"}]}<\/script>\n<!-- \/ Yoast SEO plugin. -->","yoast_head_json":{"title":"Vanlige sp\u00f8rsm\u00e5l \u2013 Hjelp med kuponger, kampanjekoder og tilbud","description":"Finn svar p\u00e5 vanlige sp\u00f8rsm\u00e5l om kuponger og rabatttilbud hos CouponHoarders. L\u00e6r hvordan du sparer penger og f\u00e5r de beste tilbudene.","robots":{"index":"index","follow":"follow","max-snippet":"max-snippet:-1","max-image-preview":"max-image-preview:large","max-video-preview":"max-video-preview:-1"},"canonical":"https:\/\/www.couponhoarders.com\/no\/faqs\/","og_locale":"en_US","og_type":"article","og_title":"Vanlige sp\u00f8rsm\u00e5l \u2013 Hjelp med kuponger, kampanjekoder og tilbud","og_description":"Finn svar p\u00e5 vanlige sp\u00f8rsm\u00e5l om kuponger og rabatttilbud hos CouponHoarders. L\u00e6r hvordan du sparer penger og f\u00e5r de beste tilbudene.","og_url":"https:\/\/www.couponhoarders.com\/no\/faqs\/","og_site_name":"Coupon Hoarders NO","article_modified_time":"2025-12-24T13:47:28+00:00","twitter_card":"summary_large_image","twitter_misc":{"Est. reading time":"2 minutes"},"schema":{"@context":"https:\/\/schema.org","@graph":[{"@type":"WebPage","@id":"https:\/\/www.couponhoarders.com\/no\/faqs\/","url":"https:\/\/www.couponhoarders.com\/no\/faqs\/","name":"Vanlige sp\u00f8rsm\u00e5l \u2013 Hjelp med kuponger, kampanjekoder og tilbud","isPartOf":{"@id":"https:\/\/www.couponhoarders.com\/no\/#website"},"datePublished":"2024-10-09T08:39:57+00:00","dateModified":"2025-12-24T13:47:28+00:00","description":"Finn svar p\u00e5 vanlige sp\u00f8rsm\u00e5l om kuponger og rabatttilbud hos CouponHoarders. L\u00e6r hvordan du sparer penger og f\u00e5r de beste tilbudene.","breadcrumb":{"@id":"https:\/\/www.couponhoarders.com\/no\/faqs\/#breadcrumb"},"inLanguage":"en-US","potentialAction":[{"@type":"ReadAction","target":["https:\/\/www.couponhoarders.com\/no\/faqs\/"]}]},{"@type":"BreadcrumbList","@id":"https:\/\/www.couponhoarders.com\/no\/faqs\/#breadcrumb","itemListElement":[{"@type":"ListItem","position":1,"name":"Home","item":"https:\/\/www.couponhoarders.com\/no\/"},{"@type":"ListItem","position":2,"name":"Vanlige sp\u00f8rsm\u00e5l"}]},{"@type":"WebSite","@id":"https:\/\/www.couponhoarders.com\/no\/#website","url":"https:\/\/www.couponhoarders.com\/no\/","name":"Coupon Hoarders NO","description":"","potentialAction":[{"@type":"SearchAction","target":{"@type":"EntryPoint","urlTemplate":"https:\/\/www.couponhoarders.com\/no\/?s={search_term_string}"},"query-input":{"@type":"PropertyValueSpecification","valueRequired":true,"valueName":"search_term_string"}}],"inLanguage":"en-US"}]}},"_links":{"self":[{"href":"https:\/\/www.couponhoarders.com\/no\/wp-json\/wp\/v2\/pages\/118","targetHints":{"allow":["GET"]}}],"collection":[{"href":"https:\/\/www.couponhoarders.com\/no\/wp-json\/wp\/v2\/pages"}],"about":[{"href":"https:\/\/www.couponhoarders.com\/no\/wp-json\/wp\/v2\/types\/page"}],"author":[{"embeddable":true,"href":"https:\/\/www.couponhoarders.com\/no\/wp-json\/wp\/v2\/users\/2"}],"replies":[{"embeddable":true,"href":"https:\/\/www.couponhoarders.com\/no\/wp-json\/wp\/v2\/comments?post=118"}],"version-history":[{"count":3,"href":"https:\/\/www.couponhoarders.com\/no\/wp-json\/wp\/v2\/pages\/118\/revisions"}],"predecessor-version":[{"id":532,"href":"https:\/\/www.couponhoarders.com\/no\/wp-json\/wp\/v2\/pages\/118\/revisions\/532"}],"wp:attachment":[{"href":"https:\/\/www.couponhoarders.com\/no\/wp-json\/wp\/v2\/media?parent=118"}],"curies":[{"name":"wp","href":"https:\/\/api.w.org\/{rel}","templated":true}]}}