{"id":122,"date":"2024-10-10T07:40:10","date_gmt":"2024-10-10T07:40:10","guid":{"rendered":"https:\/\/www.couponhoarders.com\/?page_id=122"},"modified":"2025-12-24T12:26:00","modified_gmt":"2025-12-24T12:26:00","slug":"about-us","status":"publish","type":"page","link":"https:\/\/www.couponhoarders.com\/fr\/about-us\/","title":{"rendered":"\u00c0 propos de nous"},"content":{"rendered":"<h2 style=\"text-align: center;\">\u00c0 propos de CouponHoarders<\/h2>\n<p>Chez CouponHoarders, nous pensons que faire des \u00e9conomies doit \u00eatre simple et agr\u00e9able. Notre mission est claire : vous aider \u00e0 \u00e9conomiser sans que cela devienne un travail \u00e0 temps plein. Nous connaissons la frustration de courir apr\u00e8s des \u00ab offres incroyables \u00bb pour d\u00e9couvrir qu\u2019elles sont expir\u00e9es ou ne fonctionnent pas \u2013 et nous d\u00e9testons \u00e7a autant que vous.<\/p>\n<p>C\u2019est pourquoi nous consacrons notre temps \u00e0 d\u00e9nicher des offres qui valent vraiment le coup. De la mode et des gadgets aux courses et aux voyages, si cela vous aide \u00e0 \u00e9conomiser, vous le trouverez ici.<\/p>\n<h3>Pourquoi faire vos achats chez nous ?<\/h3>\n<ul>\n<li><strong>Offres v\u00e9rifi\u00e9es<\/strong> : Nous nous assurons que tout est \u00e0 jour afin que vous ne perdiez pas de temps avec des liens obsol\u00e8tes.<\/li>\n<li><strong>Vari\u00e9t\u00e9 de magasins<\/strong> : Des grandes marques aux tr\u00e9sors cach\u00e9s, nous couvrons tout.<\/li>\n<li><strong>\u00c9conomies faciles<\/strong> : Voir, utiliser, \u00e9conomiser \u2013 c\u2019est aussi simple que \u00e7a.<\/li>\n<\/ul>\n<h3>Pourquoi choisir CouponHoarders ?<\/h3>\n<p>Avec tant de sites de coupons, qu\u2019est-ce qui distingue CouponHoarders ? Voici pourquoi nous sommes votre compagnon de confiance pour \u00e9conomiser :<\/p>\n<ul>\n<li><strong>Codes qui fonctionnent r\u00e9ellement<\/strong> : Fini les clics sans fin \u2013 nos coupons sont test\u00e9s et v\u00e9rifi\u00e9s.<\/li>\n<li><strong>Offres fra\u00eeches chaque jour<\/strong> : De nouvelles offres sont ajout\u00e9es quotidiennement ; vous avez donc toujours quelque chose sur quoi \u00e9conomiser.<\/li>\n<li><strong>Tous vos favoris en un seul endroit<\/strong> : D\u00e9couvrez \u00e0 la fois des marques populaires et des tr\u00e9sors cach\u00e9s que vous n\u2019avez pas encore essay\u00e9s.<\/li>\n<li><strong>Aucune inscription requise<\/strong> : Cherchez, cliquez et \u00e9conomisez \u2013 sans tracas.<\/li>\n<li><strong>Nous respectons votre temps<\/strong> : nous faisons le travail pour vous afin que vous ne perdiez pas des heures \u00e0 parcourir des offres expir\u00e9es.<\/li>\n<\/ul>\n","protected":false},"excerpt":{"rendered":"<p>\u00c0 propos de CouponHoarders Chez CouponHoarders, nous pensons que faire des \u00e9conomies doit \u00eatre simple et agr\u00e9able. Notre mission est claire : vous aider \u00e0 \u00e9conomiser sans que cela devienne un travail \u00e0 temps plein. Nous connaissons la frustration de courir apr\u00e8s des \u00ab offres incroyables \u00bb pour d\u00e9couvrir qu\u2019elles sont expir\u00e9es ou ne fonctionnent [&hellip;]<\/p>\n","protected":false},"author":2,"featured_media":0,"parent":0,"menu_order":0,"comment_status":"closed","ping_status":"closed","template":"","meta":{"_acf_changed":false,"footnotes":""},"class_list":["post-122","page","type-page","status-publish","hentry"],"acf":[],"yoast_head":"<!-- This site is optimized with the Yoast SEO plugin v26.6 - https:\/\/yoast.com\/wordpress\/plugins\/seo\/ -->\n<title>\u00c0 propos de nous \u2013 Votre source de confiance pour les coupons et les offres<\/title>\n<meta name=\"description\" content=\"D\u00e9couvrez-nous, votre destination de confiance pour les derniers coupons et offres promotionnelles. Notre mission est de vous aider \u00e0 \u00e9conomiser facilement lors de vos achats en ligne.\" \/>\n<meta name=\"robots\" content=\"index, follow, max-snippet:-1, max-image-preview:large, max-video-preview:-1\" \/>\n<link rel=\"canonical\" href=\"https:\/\/www.couponhoarders.com\/fr\/about-us\/\" \/>\n<meta property=\"og:locale\" content=\"en_US\" \/>\n<meta property=\"og:type\" content=\"article\" \/>\n<meta property=\"og:title\" content=\"\u00c0 propos de nous \u2013 Votre source de confiance pour les coupons et les offres\" \/>\n<meta property=\"og:description\" content=\"D\u00e9couvrez-nous, votre destination de confiance pour les derniers coupons et offres promotionnelles. Notre mission est de vous aider \u00e0 \u00e9conomiser facilement lors de vos achats en ligne.\" \/>\n<meta property=\"og:url\" content=\"https:\/\/www.couponhoarders.com\/fr\/about-us\/\" \/>\n<meta property=\"og:site_name\" content=\"Coupon Hoarders FR\" \/>\n<meta property=\"article:modified_time\" content=\"2025-12-24T12:26:00+00:00\" \/>\n<meta name=\"twitter:card\" content=\"summary_large_image\" \/>\n<meta name=\"twitter:label1\" content=\"Est. reading time\" \/>\n\t<meta name=\"twitter:data1\" content=\"2 minutes\" \/>\n<script type=\"application\/ld+json\" class=\"yoast-schema-graph\">{\"@context\":\"https:\/\/schema.org\",\"@graph\":[{\"@type\":\"WebPage\",\"@id\":\"https:\/\/www.couponhoarders.com\/fr\/about-us\/\",\"url\":\"https:\/\/www.couponhoarders.com\/fr\/about-us\/\",\"name\":\"\u00c0 propos de nous \u2013 Votre source de confiance pour les coupons et les offres\",\"isPartOf\":{\"@id\":\"https:\/\/www.couponhoarders.com\/fr\/#website\"},\"datePublished\":\"2024-10-10T07:40:10+00:00\",\"dateModified\":\"2025-12-24T12:26:00+00:00\",\"description\":\"D\u00e9couvrez-nous, votre destination de confiance pour les derniers coupons et offres promotionnelles. Notre mission est de vous aider \u00e0 \u00e9conomiser facilement lors de vos achats en ligne.\",\"breadcrumb\":{\"@id\":\"https:\/\/www.couponhoarders.com\/fr\/about-us\/#breadcrumb\"},\"inLanguage\":\"en-US\",\"potentialAction\":[{\"@type\":\"ReadAction\",\"target\":[\"https:\/\/www.couponhoarders.com\/fr\/about-us\/\"]}]},{\"@type\":\"BreadcrumbList\",\"@id\":\"https:\/\/www.couponhoarders.com\/fr\/about-us\/#breadcrumb\",\"itemListElement\":[{\"@type\":\"ListItem\",\"position\":1,\"name\":\"Home\",\"item\":\"https:\/\/www.couponhoarders.com\/fr\/\"},{\"@type\":\"ListItem\",\"position\":2,\"name\":\"\u00c0 propos de nous\"}]},{\"@type\":\"WebSite\",\"@id\":\"https:\/\/www.couponhoarders.com\/fr\/#website\",\"url\":\"https:\/\/www.couponhoarders.com\/fr\/\",\"name\":\"Coupon Hoarders FR\",\"description\":\"\",\"potentialAction\":[{\"@type\":\"SearchAction\",\"target\":{\"@type\":\"EntryPoint\",\"urlTemplate\":\"https:\/\/www.couponhoarders.com\/fr\/?s={search_term_string}\"},\"query-input\":{\"@type\":\"PropertyValueSpecification\",\"valueRequired\":true,\"valueName\":\"search_term_string\"}}],\"inLanguage\":\"en-US\"}]}<\/script>\n<!-- \/ Yoast SEO plugin. -->","yoast_head_json":{"title":"\u00c0 propos de nous \u2013 Votre source de confiance pour les coupons et les offres","description":"D\u00e9couvrez-nous, votre destination de confiance pour les derniers coupons et offres promotionnelles. Notre mission est de vous aider \u00e0 \u00e9conomiser facilement lors de vos achats en ligne.","robots":{"index":"index","follow":"follow","max-snippet":"max-snippet:-1","max-image-preview":"max-image-preview:large","max-video-preview":"max-video-preview:-1"},"canonical":"https:\/\/www.couponhoarders.com\/fr\/about-us\/","og_locale":"en_US","og_type":"article","og_title":"\u00c0 propos de nous \u2013 Votre source de confiance pour les coupons et les offres","og_description":"D\u00e9couvrez-nous, votre destination de confiance pour les derniers coupons et offres promotionnelles. Notre mission est de vous aider \u00e0 \u00e9conomiser facilement lors de vos achats en ligne.","og_url":"https:\/\/www.couponhoarders.com\/fr\/about-us\/","og_site_name":"Coupon Hoarders FR","article_modified_time":"2025-12-24T12:26:00+00:00","twitter_card":"summary_large_image","twitter_misc":{"Est. reading time":"2 minutes"},"schema":{"@context":"https:\/\/schema.org","@graph":[{"@type":"WebPage","@id":"https:\/\/www.couponhoarders.com\/fr\/about-us\/","url":"https:\/\/www.couponhoarders.com\/fr\/about-us\/","name":"\u00c0 propos de nous \u2013 Votre source de confiance pour les coupons et les offres","isPartOf":{"@id":"https:\/\/www.couponhoarders.com\/fr\/#website"},"datePublished":"2024-10-10T07:40:10+00:00","dateModified":"2025-12-24T12:26:00+00:00","description":"D\u00e9couvrez-nous, votre destination de confiance pour les derniers coupons et offres promotionnelles. Notre mission est de vous aider \u00e0 \u00e9conomiser facilement lors de vos achats en ligne.","breadcrumb":{"@id":"https:\/\/www.couponhoarders.com\/fr\/about-us\/#breadcrumb"},"inLanguage":"en-US","potentialAction":[{"@type":"ReadAction","target":["https:\/\/www.couponhoarders.com\/fr\/about-us\/"]}]},{"@type":"BreadcrumbList","@id":"https:\/\/www.couponhoarders.com\/fr\/about-us\/#breadcrumb","itemListElement":[{"@type":"ListItem","position":1,"name":"Home","item":"https:\/\/www.couponhoarders.com\/fr\/"},{"@type":"ListItem","position":2,"name":"\u00c0 propos de nous"}]},{"@type":"WebSite","@id":"https:\/\/www.couponhoarders.com\/fr\/#website","url":"https:\/\/www.couponhoarders.com\/fr\/","name":"Coupon Hoarders FR","description":"","potentialAction":[{"@type":"SearchAction","target":{"@type":"EntryPoint","urlTemplate":"https:\/\/www.couponhoarders.com\/fr\/?s={search_term_string}"},"query-input":{"@type":"PropertyValueSpecification","valueRequired":true,"valueName":"search_term_string"}}],"inLanguage":"en-US"}]}},"_links":{"self":[{"href":"https:\/\/www.couponhoarders.com\/fr\/wp-json\/wp\/v2\/pages\/122","targetHints":{"allow":["GET"]}}],"collection":[{"href":"https:\/\/www.couponhoarders.com\/fr\/wp-json\/wp\/v2\/pages"}],"about":[{"href":"https:\/\/www.couponhoarders.com\/fr\/wp-json\/wp\/v2\/types\/page"}],"author":[{"embeddable":true,"href":"https:\/\/www.couponhoarders.com\/fr\/wp-json\/wp\/v2\/users\/2"}],"replies":[{"embeddable":true,"href":"https:\/\/www.couponhoarders.com\/fr\/wp-json\/wp\/v2\/comments?post=122"}],"version-history":[{"count":3,"href":"https:\/\/www.couponhoarders.com\/fr\/wp-json\/wp\/v2\/pages\/122\/revisions"}],"predecessor-version":[{"id":908,"href":"https:\/\/www.couponhoarders.com\/fr\/wp-json\/wp\/v2\/pages\/122\/revisions\/908"}],"wp:attachment":[{"href":"https:\/\/www.couponhoarders.com\/fr\/wp-json\/wp\/v2\/media?parent=122"}],"curies":[{"name":"wp","href":"https:\/\/api.w.org\/{rel}","templated":true}]}}