{"id":12,"date":"2024-10-07T06:34:38","date_gmt":"2024-10-07T06:34:38","guid":{"rendered":"https:\/\/www.couponhoarders.com\/?page_id=12"},"modified":"2025-12-24T10:30:38","modified_gmt":"2025-12-24T10:30:38","slug":"categories","status":"publish","type":"page","link":"https:\/\/www.couponhoarders.com\/fr\/categories\/","title":{"rendered":"Cat\u00e9gories"},"content":{"rendered":"","protected":false},"excerpt":{"rendered":"","protected":false},"author":2,"featured_media":0,"parent":0,"menu_order":0,"comment_status":"closed","ping_status":"closed","template":"all-categories-template.php","meta":{"_acf_changed":false,"footnotes":""},"class_list":["post-12","page","type-page","status-publish","hentry"],"acf":[],"yoast_head":"<!-- This site is optimized with the Yoast SEO plugin v26.6 - https:\/\/yoast.com\/wordpress\/plugins\/seo\/ -->\n<title>Principales cat\u00e9gories \u2013 Parcourez les offres par cat\u00e9gorie<\/title>\n<meta name=\"description\" content=\"Explorez un large choix de coupons sur CouponHoarders. Trouvez des r\u00e9ductions et des offres sp\u00e9ciales class\u00e9es par cat\u00e9gories pour \u00e9conomiser sur tous vos achats.\" \/>\n<meta name=\"robots\" content=\"index, follow, max-snippet:-1, max-image-preview:large, max-video-preview:-1\" \/>\n<link rel=\"canonical\" href=\"https:\/\/www.couponhoarders.com\/fr\/categories\/\" \/>\n<meta property=\"og:locale\" content=\"en_US\" \/>\n<meta property=\"og:type\" content=\"article\" \/>\n<meta property=\"og:title\" content=\"Principales cat\u00e9gories \u2013 Parcourez les offres par cat\u00e9gorie\" \/>\n<meta property=\"og:description\" content=\"Explorez un large choix de coupons sur CouponHoarders. Trouvez des r\u00e9ductions et des offres sp\u00e9ciales class\u00e9es par cat\u00e9gories pour \u00e9conomiser sur tous vos achats.\" \/>\n<meta property=\"og:url\" content=\"https:\/\/www.couponhoarders.com\/fr\/categories\/\" \/>\n<meta property=\"og:site_name\" content=\"Coupon Hoarders FR\" \/>\n<meta property=\"article:modified_time\" content=\"2025-12-24T10:30:38+00:00\" \/>\n<meta name=\"twitter:card\" content=\"summary_large_image\" \/>\n<script type=\"application\/ld+json\" class=\"yoast-schema-graph\">{\"@context\":\"https:\/\/schema.org\",\"@graph\":[{\"@type\":\"WebPage\",\"@id\":\"https:\/\/www.couponhoarders.com\/fr\/categories\/\",\"url\":\"https:\/\/www.couponhoarders.com\/fr\/categories\/\",\"name\":\"Principales cat\u00e9gories \u2013 Parcourez les offres par cat\u00e9gorie\",\"isPartOf\":{\"@id\":\"https:\/\/www.couponhoarders.com\/fr\/#website\"},\"datePublished\":\"2024-10-07T06:34:38+00:00\",\"dateModified\":\"2025-12-24T10:30:38+00:00\",\"description\":\"Explorez un large choix de coupons sur CouponHoarders. Trouvez des r\u00e9ductions et des offres sp\u00e9ciales class\u00e9es par cat\u00e9gories pour \u00e9conomiser sur tous vos achats.\",\"breadcrumb\":{\"@id\":\"https:\/\/www.couponhoarders.com\/fr\/categories\/#breadcrumb\"},\"inLanguage\":\"en-US\",\"potentialAction\":[{\"@type\":\"ReadAction\",\"target\":[\"https:\/\/www.couponhoarders.com\/fr\/categories\/\"]}]},{\"@type\":\"BreadcrumbList\",\"@id\":\"https:\/\/www.couponhoarders.com\/fr\/categories\/#breadcrumb\",\"itemListElement\":[{\"@type\":\"ListItem\",\"position\":1,\"name\":\"Home\",\"item\":\"https:\/\/www.couponhoarders.com\/fr\/\"},{\"@type\":\"ListItem\",\"position\":2,\"name\":\"Cat\u00e9gories\"}]},{\"@type\":\"WebSite\",\"@id\":\"https:\/\/www.couponhoarders.com\/fr\/#website\",\"url\":\"https:\/\/www.couponhoarders.com\/fr\/\",\"name\":\"Coupon Hoarders FR\",\"description\":\"\",\"potentialAction\":[{\"@type\":\"SearchAction\",\"target\":{\"@type\":\"EntryPoint\",\"urlTemplate\":\"https:\/\/www.couponhoarders.com\/fr\/?s={search_term_string}\"},\"query-input\":{\"@type\":\"PropertyValueSpecification\",\"valueRequired\":true,\"valueName\":\"search_term_string\"}}],\"inLanguage\":\"en-US\"}]}<\/script>\n<!-- \/ Yoast SEO plugin. -->","yoast_head_json":{"title":"Principales cat\u00e9gories \u2013 Parcourez les offres par cat\u00e9gorie","description":"Explorez un large choix de coupons sur CouponHoarders. Trouvez des r\u00e9ductions et des offres sp\u00e9ciales class\u00e9es par cat\u00e9gories pour \u00e9conomiser sur tous vos achats.","robots":{"index":"index","follow":"follow","max-snippet":"max-snippet:-1","max-image-preview":"max-image-preview:large","max-video-preview":"max-video-preview:-1"},"canonical":"https:\/\/www.couponhoarders.com\/fr\/categories\/","og_locale":"en_US","og_type":"article","og_title":"Principales cat\u00e9gories \u2013 Parcourez les offres par cat\u00e9gorie","og_description":"Explorez un large choix de coupons sur CouponHoarders. Trouvez des r\u00e9ductions et des offres sp\u00e9ciales class\u00e9es par cat\u00e9gories pour \u00e9conomiser sur tous vos achats.","og_url":"https:\/\/www.couponhoarders.com\/fr\/categories\/","og_site_name":"Coupon Hoarders FR","article_modified_time":"2025-12-24T10:30:38+00:00","twitter_card":"summary_large_image","schema":{"@context":"https:\/\/schema.org","@graph":[{"@type":"WebPage","@id":"https:\/\/www.couponhoarders.com\/fr\/categories\/","url":"https:\/\/www.couponhoarders.com\/fr\/categories\/","name":"Principales cat\u00e9gories \u2013 Parcourez les offres par cat\u00e9gorie","isPartOf":{"@id":"https:\/\/www.couponhoarders.com\/fr\/#website"},"datePublished":"2024-10-07T06:34:38+00:00","dateModified":"2025-12-24T10:30:38+00:00","description":"Explorez un large choix de coupons sur CouponHoarders. Trouvez des r\u00e9ductions et des offres sp\u00e9ciales class\u00e9es par cat\u00e9gories pour \u00e9conomiser sur tous vos achats.","breadcrumb":{"@id":"https:\/\/www.couponhoarders.com\/fr\/categories\/#breadcrumb"},"inLanguage":"en-US","potentialAction":[{"@type":"ReadAction","target":["https:\/\/www.couponhoarders.com\/fr\/categories\/"]}]},{"@type":"BreadcrumbList","@id":"https:\/\/www.couponhoarders.com\/fr\/categories\/#breadcrumb","itemListElement":[{"@type":"ListItem","position":1,"name":"Home","item":"https:\/\/www.couponhoarders.com\/fr\/"},{"@type":"ListItem","position":2,"name":"Cat\u00e9gories"}]},{"@type":"WebSite","@id":"https:\/\/www.couponhoarders.com\/fr\/#website","url":"https:\/\/www.couponhoarders.com\/fr\/","name":"Coupon Hoarders FR","description":"","potentialAction":[{"@type":"SearchAction","target":{"@type":"EntryPoint","urlTemplate":"https:\/\/www.couponhoarders.com\/fr\/?s={search_term_string}"},"query-input":{"@type":"PropertyValueSpecification","valueRequired":true,"valueName":"search_term_string"}}],"inLanguage":"en-US"}]}},"_links":{"self":[{"href":"https:\/\/www.couponhoarders.com\/fr\/wp-json\/wp\/v2\/pages\/12","targetHints":{"allow":["GET"]}}],"collection":[{"href":"https:\/\/www.couponhoarders.com\/fr\/wp-json\/wp\/v2\/pages"}],"about":[{"href":"https:\/\/www.couponhoarders.com\/fr\/wp-json\/wp\/v2\/types\/page"}],"author":[{"embeddable":true,"href":"https:\/\/www.couponhoarders.com\/fr\/wp-json\/wp\/v2\/users\/2"}],"replies":[{"embeddable":true,"href":"https:\/\/www.couponhoarders.com\/fr\/wp-json\/wp\/v2\/comments?post=12"}],"version-history":[{"count":2,"href":"https:\/\/www.couponhoarders.com\/fr\/wp-json\/wp\/v2\/pages\/12\/revisions"}],"predecessor-version":[{"id":895,"href":"https:\/\/www.couponhoarders.com\/fr\/wp-json\/wp\/v2\/pages\/12\/revisions\/895"}],"wp:attachment":[{"href":"https:\/\/www.couponhoarders.com\/fr\/wp-json\/wp\/v2\/media?parent=12"}],"curies":[{"name":"wp","href":"https:\/\/api.w.org\/{rel}","templated":true}]}}