{"id":118,"date":"2024-10-09T08:39:57","date_gmt":"2024-10-09T08:39:57","guid":{"rendered":"https:\/\/www.couponhoarders.com\/?page_id=118"},"modified":"2025-12-24T13:20:49","modified_gmt":"2025-12-24T13:20:49","slug":"faqs","status":"publish","type":"page","link":"https:\/\/www.couponhoarders.com\/fr\/faqs\/","title":{"rendered":"FAQ"},"content":{"rendered":"<h2 style=\"text-align: center;\">Foire aux questions<\/h2>\n<h3>Vous avez une question ?<\/h3>\n<p>Vous \u00eates au bon endroit ! Nous avons rassembl\u00e9 les questions les plus fr\u00e9quentes pour que vous puissiez obtenir des r\u00e9ponses rapidement, sans avoir \u00e0 faire d\u00e9filer des pages interminables ni \u00e0 vous perdre dans le jargon.<\/p>\n<p><strong>Qu\u2019est-ce qu\u2019un code CouponHoarders ?<\/strong><br \/>\nCouponHoarders est votre site de r\u00e9f\u00e9rence pour des r\u00e9ductions r\u00e9elles et fonctionnelles. Nous collectons les derniers codes promo, coupons et offres sp\u00e9ciales des grandes marques pour que vous puissiez \u00e9conomiser sans avoir \u00e0 les chercher vous-m\u00eame.<\/p>\n<p><strong>Comment utiliser un coupon de CouponHoarders ?<\/strong><br \/>\nCliquez simplement sur le bouton \u00ab Obtenir le code \u00bb ou \u00ab Voir l\u2019offre \u00bb \u00e0 c\u00f4t\u00e9 de l\u2019offre qui vous int\u00e9resse. S\u2019il s\u2019agit d\u2019un code, copiez-le, puis saisissez-le lors du paiement. Pour une offre, nous vous redirigerons directement vers la page du magasin.<\/p>\n<p><strong>Dois-je cr\u00e9er un compte pour utiliser vos coupons ?<\/strong><br \/>\nPas du tout ! Vous n\u2019avez pas besoin de vous inscrire ni de cr\u00e9er un compte pour utiliser nos coupons.<\/p>\n<p><strong>Les offres sur CouponHoarders sont-elles gratuites ?<\/strong><br \/>\nOui ! Naviguer et utiliser nos coupons sont enti\u00e8rement gratuits.<\/p>\n<p><strong>\u00c0 quelle fr\u00e9quence vos coupons et offres sont-ils mis \u00e0 jour ?<\/strong><br \/>\nNous actualisons nos offres chaque jour afin que vous ne perdiez pas de temps avec des promotions expir\u00e9es ou invalides.<\/p>\n<p><strong>Puis-je utiliser plusieurs coupons sur la m\u00eame commande ?<\/strong><br \/>\nCela d\u00e9pend du magasin. Certains permettent de cumuler plusieurs codes, mais la plupart n\u2019acceptent qu\u2019un seul code par commande.<\/p>\n<p><strong>Que faire si un coupon ne fonctionne pas ?<\/strong><br \/>\nIl arrive parfois qu\u2019un coupon ne fonctionne pas. Dans ce cas, contactez-nous via notre page de contact et nous ferons de notre mieux pour vous fournir un coupon valide.<\/p>\n<p><strong>Proposez-vous uniquement des coupons en ligne ou \u00e9galement en magasin ?<\/strong><br \/>\nNous nous concentrons principalement sur les coupons en ligne, mais nous pr\u00e9sentons \u00e9galement des offres en magasin lorsqu\u2019elles sont disponibles.<\/p>\n","protected":false},"excerpt":{"rendered":"<p>Foire aux questions Vous avez une question ? Vous \u00eates au bon endroit ! Nous avons rassembl\u00e9 les questions les plus fr\u00e9quentes pour que vous puissiez obtenir des r\u00e9ponses rapidement, sans avoir \u00e0 faire d\u00e9filer des pages interminables ni \u00e0 vous perdre dans le jargon. Qu\u2019est-ce qu\u2019un code CouponHoarders ? CouponHoarders est votre site de [&hellip;]<\/p>\n","protected":false},"author":2,"featured_media":0,"parent":0,"menu_order":0,"comment_status":"closed","ping_status":"closed","template":"","meta":{"_acf_changed":false,"footnotes":""},"class_list":["post-118","page","type-page","status-publish","hentry"],"acf":[],"yoast_head":"<!-- This site is optimized with the Yoast SEO plugin v26.6 - https:\/\/yoast.com\/wordpress\/plugins\/seo\/ -->\n<title>FAQ \u2013 Coupons, codes promo et offres<\/title>\n<meta name=\"description\" content=\"Trouvez les r\u00e9ponses aux questions fr\u00e9quentes sur les coupons et les bons de r\u00e9duction sur CouponHoarders. D\u00e9couvrez comment \u00e9conomiser et profiter des meilleures offres.\" \/>\n<meta name=\"robots\" content=\"index, follow, max-snippet:-1, max-image-preview:large, max-video-preview:-1\" \/>\n<link rel=\"canonical\" href=\"https:\/\/www.couponhoarders.com\/fr\/faqs\/\" \/>\n<meta property=\"og:locale\" content=\"en_US\" \/>\n<meta property=\"og:type\" content=\"article\" \/>\n<meta property=\"og:title\" content=\"FAQ \u2013 Coupons, codes promo et offres\" \/>\n<meta property=\"og:description\" content=\"Trouvez les r\u00e9ponses aux questions fr\u00e9quentes sur les coupons et les bons de r\u00e9duction sur CouponHoarders. D\u00e9couvrez comment \u00e9conomiser et profiter des meilleures offres.\" \/>\n<meta property=\"og:url\" content=\"https:\/\/www.couponhoarders.com\/fr\/faqs\/\" \/>\n<meta property=\"og:site_name\" content=\"Coupon Hoarders FR\" \/>\n<meta property=\"article:modified_time\" content=\"2025-12-24T13:20:49+00:00\" \/>\n<meta name=\"twitter:card\" content=\"summary_large_image\" \/>\n<meta name=\"twitter:label1\" content=\"Est. reading time\" \/>\n\t<meta name=\"twitter:data1\" content=\"2 minutes\" \/>\n<script type=\"application\/ld+json\" class=\"yoast-schema-graph\">{\"@context\":\"https:\/\/schema.org\",\"@graph\":[{\"@type\":\"WebPage\",\"@id\":\"https:\/\/www.couponhoarders.com\/fr\/faqs\/\",\"url\":\"https:\/\/www.couponhoarders.com\/fr\/faqs\/\",\"name\":\"FAQ \u2013 Coupons, codes promo et offres\",\"isPartOf\":{\"@id\":\"https:\/\/www.couponhoarders.com\/fr\/#website\"},\"datePublished\":\"2024-10-09T08:39:57+00:00\",\"dateModified\":\"2025-12-24T13:20:49+00:00\",\"description\":\"Trouvez les r\u00e9ponses aux questions fr\u00e9quentes sur les coupons et les bons de r\u00e9duction sur CouponHoarders. D\u00e9couvrez comment \u00e9conomiser et profiter des meilleures offres.\",\"breadcrumb\":{\"@id\":\"https:\/\/www.couponhoarders.com\/fr\/faqs\/#breadcrumb\"},\"inLanguage\":\"en-US\",\"potentialAction\":[{\"@type\":\"ReadAction\",\"target\":[\"https:\/\/www.couponhoarders.com\/fr\/faqs\/\"]}]},{\"@type\":\"BreadcrumbList\",\"@id\":\"https:\/\/www.couponhoarders.com\/fr\/faqs\/#breadcrumb\",\"itemListElement\":[{\"@type\":\"ListItem\",\"position\":1,\"name\":\"Home\",\"item\":\"https:\/\/www.couponhoarders.com\/fr\/\"},{\"@type\":\"ListItem\",\"position\":2,\"name\":\"FAQ\"}]},{\"@type\":\"WebSite\",\"@id\":\"https:\/\/www.couponhoarders.com\/fr\/#website\",\"url\":\"https:\/\/www.couponhoarders.com\/fr\/\",\"name\":\"Coupon Hoarders FR\",\"description\":\"\",\"potentialAction\":[{\"@type\":\"SearchAction\",\"target\":{\"@type\":\"EntryPoint\",\"urlTemplate\":\"https:\/\/www.couponhoarders.com\/fr\/?s={search_term_string}\"},\"query-input\":{\"@type\":\"PropertyValueSpecification\",\"valueRequired\":true,\"valueName\":\"search_term_string\"}}],\"inLanguage\":\"en-US\"}]}<\/script>\n<!-- \/ Yoast SEO plugin. -->","yoast_head_json":{"title":"FAQ \u2013 Coupons, codes promo et offres","description":"Trouvez les r\u00e9ponses aux questions fr\u00e9quentes sur les coupons et les bons de r\u00e9duction sur CouponHoarders. D\u00e9couvrez comment \u00e9conomiser et profiter des meilleures offres.","robots":{"index":"index","follow":"follow","max-snippet":"max-snippet:-1","max-image-preview":"max-image-preview:large","max-video-preview":"max-video-preview:-1"},"canonical":"https:\/\/www.couponhoarders.com\/fr\/faqs\/","og_locale":"en_US","og_type":"article","og_title":"FAQ \u2013 Coupons, codes promo et offres","og_description":"Trouvez les r\u00e9ponses aux questions fr\u00e9quentes sur les coupons et les bons de r\u00e9duction sur CouponHoarders. D\u00e9couvrez comment \u00e9conomiser et profiter des meilleures offres.","og_url":"https:\/\/www.couponhoarders.com\/fr\/faqs\/","og_site_name":"Coupon Hoarders FR","article_modified_time":"2025-12-24T13:20:49+00:00","twitter_card":"summary_large_image","twitter_misc":{"Est. reading time":"2 minutes"},"schema":{"@context":"https:\/\/schema.org","@graph":[{"@type":"WebPage","@id":"https:\/\/www.couponhoarders.com\/fr\/faqs\/","url":"https:\/\/www.couponhoarders.com\/fr\/faqs\/","name":"FAQ \u2013 Coupons, codes promo et offres","isPartOf":{"@id":"https:\/\/www.couponhoarders.com\/fr\/#website"},"datePublished":"2024-10-09T08:39:57+00:00","dateModified":"2025-12-24T13:20:49+00:00","description":"Trouvez les r\u00e9ponses aux questions fr\u00e9quentes sur les coupons et les bons de r\u00e9duction sur CouponHoarders. D\u00e9couvrez comment \u00e9conomiser et profiter des meilleures offres.","breadcrumb":{"@id":"https:\/\/www.couponhoarders.com\/fr\/faqs\/#breadcrumb"},"inLanguage":"en-US","potentialAction":[{"@type":"ReadAction","target":["https:\/\/www.couponhoarders.com\/fr\/faqs\/"]}]},{"@type":"BreadcrumbList","@id":"https:\/\/www.couponhoarders.com\/fr\/faqs\/#breadcrumb","itemListElement":[{"@type":"ListItem","position":1,"name":"Home","item":"https:\/\/www.couponhoarders.com\/fr\/"},{"@type":"ListItem","position":2,"name":"FAQ"}]},{"@type":"WebSite","@id":"https:\/\/www.couponhoarders.com\/fr\/#website","url":"https:\/\/www.couponhoarders.com\/fr\/","name":"Coupon Hoarders FR","description":"","potentialAction":[{"@type":"SearchAction","target":{"@type":"EntryPoint","urlTemplate":"https:\/\/www.couponhoarders.com\/fr\/?s={search_term_string}"},"query-input":{"@type":"PropertyValueSpecification","valueRequired":true,"valueName":"search_term_string"}}],"inLanguage":"en-US"}]}},"_links":{"self":[{"href":"https:\/\/www.couponhoarders.com\/fr\/wp-json\/wp\/v2\/pages\/118","targetHints":{"allow":["GET"]}}],"collection":[{"href":"https:\/\/www.couponhoarders.com\/fr\/wp-json\/wp\/v2\/pages"}],"about":[{"href":"https:\/\/www.couponhoarders.com\/fr\/wp-json\/wp\/v2\/types\/page"}],"author":[{"embeddable":true,"href":"https:\/\/www.couponhoarders.com\/fr\/wp-json\/wp\/v2\/users\/2"}],"replies":[{"embeddable":true,"href":"https:\/\/www.couponhoarders.com\/fr\/wp-json\/wp\/v2\/comments?post=118"}],"version-history":[{"count":3,"href":"https:\/\/www.couponhoarders.com\/fr\/wp-json\/wp\/v2\/pages\/118\/revisions"}],"predecessor-version":[{"id":909,"href":"https:\/\/www.couponhoarders.com\/fr\/wp-json\/wp\/v2\/pages\/118\/revisions\/909"}],"wp:attachment":[{"href":"https:\/\/www.couponhoarders.com\/fr\/wp-json\/wp\/v2\/media?parent=118"}],"curies":[{"name":"wp","href":"https:\/\/api.w.org\/{rel}","templated":true}]}}