{"id":122,"date":"2024-10-10T07:40:10","date_gmt":"2024-10-10T07:40:10","guid":{"rendered":"https:\/\/www.couponhoarders.com\/?page_id=122"},"modified":"2025-12-24T12:15:20","modified_gmt":"2025-12-24T12:15:20","slug":"about-us","status":"publish","type":"page","link":"https:\/\/www.couponhoarders.com\/es\/about-us\/","title":{"rendered":"Sobre nosotras"},"content":{"rendered":"<h2 style=\"text-align: center;\">Acerca de CouponHoarders<\/h2>\n<p>En CouponHoarders creemos que ahorrar dinero debe ser sencillo y divertido. Nuestra misi\u00f3n es clara: ayudarte a ahorrar sin que se convierta en un trabajo a tiempo completo. Conocemos la frustraci\u00f3n de buscar \u201cofertas incre\u00edbles\u201d solo para descubrir que est\u00e1n caducadas o no funcionan, y lo odiamos tanto como t\u00fa.<\/p>\n<p>Por eso dedicamos nuestro tiempo a encontrar ofertas que realmente valen la pena. Desde moda y gadgets hasta comestibles y viajes, si te ayuda a ahorrar, lo encontrar\u00e1s aqu\u00ed.<\/p>\n<h3>\u00bfPor qu\u00e9 comprar con nosotros?<\/h3>\n<ul>\n<li><strong>Ofertas verificadas:<\/strong> Nos aseguramos de que todo est\u00e9 actualizado para que no pierdas tiempo con enlaces rotos.<\/li>\n<li><strong>Variedad de tiendas:<\/strong> desde marcas conocidas hasta tesoros ocultos. Cubrimos todo.<\/li>\n<li><strong>Ahorro sin complicaciones:<\/strong> ver, usar y ahorrar, as\u00ed de f\u00e1cil.<\/li>\n<\/ul>\n<h3>\u00bfPor qu\u00e9 elegir CouponHoarders?<\/h3>\n<p>Con tantas p\u00e1ginas de cupones, \u00bfqu\u00e9 hace a CouponHoarders diferente? Aqu\u00ed te explicamos por qu\u00e9 somos tu compa\u00f1ero confiable para ahorrar:<\/p>\n<ul>\n<li><strong>C\u00f3digos que realmente funcionan:<\/strong> Olv\u00eddate de hacer clic una y otra vez; nuestros cupones est\u00e1n probados y verificados.<\/li>\n<li><strong>Ofertas nuevas todos los d\u00edas:<\/strong> Cada d\u00eda a\u00f1adimos nuevas promociones, as\u00ed que siempre hay algo en lo que ahorrar.<\/li>\n<li><strong>Todos tus favoritos en un solo lugar:<\/strong> Descubre marcas populares y tesoros ocultos que a\u00fan no has probado.<\/li>\n<li><strong>Sin necesidad de registrarse:<\/strong> solo busca, haz clic y ahorra, sin complicaciones.<\/li>\n<li><strong>Valoramos tu tiempo:<\/strong> Hacemos el trabajo pesado por ti para que no pierdas horas revisando ofertas caducadas.<\/li>\n<\/ul>\n","protected":false},"excerpt":{"rendered":"<p>Acerca de CouponHoarders En CouponHoarders creemos que ahorrar dinero debe ser sencillo y divertido. Nuestra misi\u00f3n es clara: ayudarte a ahorrar sin que se convierta en un trabajo a tiempo completo. Conocemos la frustraci\u00f3n de buscar \u201cofertas incre\u00edbles\u201d solo para descubrir que est\u00e1n caducadas o no funcionan, y lo odiamos tanto como t\u00fa. Por eso [&hellip;]<\/p>\n","protected":false},"author":1,"featured_media":0,"parent":0,"menu_order":0,"comment_status":"closed","ping_status":"closed","template":"pages\/about-us.php","meta":{"_acf_changed":false,"footnotes":""},"class_list":["post-122","page","type-page","status-publish","hentry"],"acf":[],"yoast_head":"<!-- This site is optimized with the Yoast SEO plugin v26.6 - https:\/\/yoast.com\/wordpress\/plugins\/seo\/ -->\n<title>Acerca de nosotros: su fuente confiable de cupones y ofertas<\/title>\n<meta name=\"description\" content=\"Con\u00f3cenos, tu sitio de confianza para encontrar los \u00faltimos cupones y descuentos. Nuestra misi\u00f3n es ayudarte a ahorrar dinero f\u00e1cilmente al comprar en l\u00ednea.\" \/>\n<meta name=\"robots\" content=\"index, follow, max-snippet:-1, max-image-preview:large, max-video-preview:-1\" \/>\n<link rel=\"canonical\" href=\"https:\/\/www.couponhoarders.com\/es\/about-us\/\" \/>\n<meta property=\"og:locale\" content=\"en_US\" \/>\n<meta property=\"og:type\" content=\"article\" \/>\n<meta property=\"og:title\" content=\"Acerca de nosotros: su fuente confiable de cupones y ofertas\" \/>\n<meta property=\"og:description\" content=\"Con\u00f3cenos, tu sitio de confianza para encontrar los \u00faltimos cupones y descuentos. Nuestra misi\u00f3n es ayudarte a ahorrar dinero f\u00e1cilmente al comprar en l\u00ednea.\" \/>\n<meta property=\"og:url\" content=\"https:\/\/www.couponhoarders.com\/es\/about-us\/\" \/>\n<meta property=\"og:site_name\" content=\"Coupon Hoarders ES\" \/>\n<meta property=\"article:modified_time\" content=\"2025-12-24T12:15:20+00:00\" \/>\n<meta name=\"twitter:card\" content=\"summary_large_image\" \/>\n<meta name=\"twitter:label1\" content=\"Est. reading time\" \/>\n\t<meta name=\"twitter:data1\" content=\"2 minutes\" \/>\n<script type=\"application\/ld+json\" class=\"yoast-schema-graph\">{\"@context\":\"https:\/\/schema.org\",\"@graph\":[{\"@type\":\"WebPage\",\"@id\":\"https:\/\/www.couponhoarders.com\/es\/about-us\/\",\"url\":\"https:\/\/www.couponhoarders.com\/es\/about-us\/\",\"name\":\"Acerca de nosotros: su fuente confiable de cupones y ofertas\",\"isPartOf\":{\"@id\":\"https:\/\/www.couponhoarders.com\/es\/#website\"},\"datePublished\":\"2024-10-10T07:40:10+00:00\",\"dateModified\":\"2025-12-24T12:15:20+00:00\",\"description\":\"Con\u00f3cenos, tu sitio de confianza para encontrar los \u00faltimos cupones y descuentos. Nuestra misi\u00f3n es ayudarte a ahorrar dinero f\u00e1cilmente al comprar en l\u00ednea.\",\"breadcrumb\":{\"@id\":\"https:\/\/www.couponhoarders.com\/es\/about-us\/#breadcrumb\"},\"inLanguage\":\"en-US\",\"potentialAction\":[{\"@type\":\"ReadAction\",\"target\":[\"https:\/\/www.couponhoarders.com\/es\/about-us\/\"]}]},{\"@type\":\"BreadcrumbList\",\"@id\":\"https:\/\/www.couponhoarders.com\/es\/about-us\/#breadcrumb\",\"itemListElement\":[{\"@type\":\"ListItem\",\"position\":1,\"name\":\"Home\",\"item\":\"https:\/\/www.couponhoarders.com\/es\/\"},{\"@type\":\"ListItem\",\"position\":2,\"name\":\"Sobre nosotras\"}]},{\"@type\":\"WebSite\",\"@id\":\"https:\/\/www.couponhoarders.com\/es\/#website\",\"url\":\"https:\/\/www.couponhoarders.com\/es\/\",\"name\":\"Coupon Hoarders ES\",\"description\":\"\",\"potentialAction\":[{\"@type\":\"SearchAction\",\"target\":{\"@type\":\"EntryPoint\",\"urlTemplate\":\"https:\/\/www.couponhoarders.com\/es\/?s={search_term_string}\"},\"query-input\":{\"@type\":\"PropertyValueSpecification\",\"valueRequired\":true,\"valueName\":\"search_term_string\"}}],\"inLanguage\":\"en-US\"}]}<\/script>\n<!-- \/ Yoast SEO plugin. -->","yoast_head_json":{"title":"Acerca de nosotros: su fuente confiable de cupones y ofertas","description":"Con\u00f3cenos, tu sitio de confianza para encontrar los \u00faltimos cupones y descuentos. Nuestra misi\u00f3n es ayudarte a ahorrar dinero f\u00e1cilmente al comprar en l\u00ednea.","robots":{"index":"index","follow":"follow","max-snippet":"max-snippet:-1","max-image-preview":"max-image-preview:large","max-video-preview":"max-video-preview:-1"},"canonical":"https:\/\/www.couponhoarders.com\/es\/about-us\/","og_locale":"en_US","og_type":"article","og_title":"Acerca de nosotros: su fuente confiable de cupones y ofertas","og_description":"Con\u00f3cenos, tu sitio de confianza para encontrar los \u00faltimos cupones y descuentos. Nuestra misi\u00f3n es ayudarte a ahorrar dinero f\u00e1cilmente al comprar en l\u00ednea.","og_url":"https:\/\/www.couponhoarders.com\/es\/about-us\/","og_site_name":"Coupon Hoarders ES","article_modified_time":"2025-12-24T12:15:20+00:00","twitter_card":"summary_large_image","twitter_misc":{"Est. reading time":"2 minutes"},"schema":{"@context":"https:\/\/schema.org","@graph":[{"@type":"WebPage","@id":"https:\/\/www.couponhoarders.com\/es\/about-us\/","url":"https:\/\/www.couponhoarders.com\/es\/about-us\/","name":"Acerca de nosotros: su fuente confiable de cupones y ofertas","isPartOf":{"@id":"https:\/\/www.couponhoarders.com\/es\/#website"},"datePublished":"2024-10-10T07:40:10+00:00","dateModified":"2025-12-24T12:15:20+00:00","description":"Con\u00f3cenos, tu sitio de confianza para encontrar los \u00faltimos cupones y descuentos. Nuestra misi\u00f3n es ayudarte a ahorrar dinero f\u00e1cilmente al comprar en l\u00ednea.","breadcrumb":{"@id":"https:\/\/www.couponhoarders.com\/es\/about-us\/#breadcrumb"},"inLanguage":"en-US","potentialAction":[{"@type":"ReadAction","target":["https:\/\/www.couponhoarders.com\/es\/about-us\/"]}]},{"@type":"BreadcrumbList","@id":"https:\/\/www.couponhoarders.com\/es\/about-us\/#breadcrumb","itemListElement":[{"@type":"ListItem","position":1,"name":"Home","item":"https:\/\/www.couponhoarders.com\/es\/"},{"@type":"ListItem","position":2,"name":"Sobre nosotras"}]},{"@type":"WebSite","@id":"https:\/\/www.couponhoarders.com\/es\/#website","url":"https:\/\/www.couponhoarders.com\/es\/","name":"Coupon Hoarders ES","description":"","potentialAction":[{"@type":"SearchAction","target":{"@type":"EntryPoint","urlTemplate":"https:\/\/www.couponhoarders.com\/es\/?s={search_term_string}"},"query-input":{"@type":"PropertyValueSpecification","valueRequired":true,"valueName":"search_term_string"}}],"inLanguage":"en-US"}]}},"_links":{"self":[{"href":"https:\/\/www.couponhoarders.com\/es\/wp-json\/wp\/v2\/pages\/122","targetHints":{"allow":["GET"]}}],"collection":[{"href":"https:\/\/www.couponhoarders.com\/es\/wp-json\/wp\/v2\/pages"}],"about":[{"href":"https:\/\/www.couponhoarders.com\/es\/wp-json\/wp\/v2\/types\/page"}],"author":[{"embeddable":true,"href":"https:\/\/www.couponhoarders.com\/es\/wp-json\/wp\/v2\/users\/1"}],"replies":[{"embeddable":true,"href":"https:\/\/www.couponhoarders.com\/es\/wp-json\/wp\/v2\/comments?post=122"}],"version-history":[{"count":3,"href":"https:\/\/www.couponhoarders.com\/es\/wp-json\/wp\/v2\/pages\/122\/revisions"}],"predecessor-version":[{"id":316,"href":"https:\/\/www.couponhoarders.com\/es\/wp-json\/wp\/v2\/pages\/122\/revisions\/316"}],"wp:attachment":[{"href":"https:\/\/www.couponhoarders.com\/es\/wp-json\/wp\/v2\/media?parent=122"}],"curies":[{"name":"wp","href":"https:\/\/api.w.org\/{rel}","templated":true}]}}