{"id":118,"date":"2024-10-09T08:39:57","date_gmt":"2024-10-09T08:39:57","guid":{"rendered":"https:\/\/www.couponhoarders.com\/?page_id=118"},"modified":"2025-12-24T13:16:42","modified_gmt":"2025-12-24T13:16:42","slug":"faqs","status":"publish","type":"page","link":"https:\/\/www.couponhoarders.com\/es\/faqs\/","title":{"rendered":"Preguntas frecuentes"},"content":{"rendered":"<h2 style=\"text-align: center;\">Preguntas frecuentes<\/h2>\n<h3>\u00bfTienes alguna pregunta?<\/h3>\n<p>\u00a1Est\u00e1s en el lugar correcto! Hemos recopilado las preguntas m\u00e1s frecuentes para que obtengas respuestas r\u00e1pidamente, sin desplazarte mucho ni lidiar con jerga complicada.<\/p>\n<p><strong>\u00bfQu\u00e9 es un c\u00f3digo de CouponHoarders?<\/strong><br \/>\nCouponHoarders es tu sitio de referencia para descuentos reales y v\u00e1lidos. Reunimos los \u00faltimos c\u00f3digos promocionales, cupones y ofertas especiales de las mejores marcas para que puedas ahorrar sin tener que buscarlos t\u00fa mismo.<\/p>\n<p><strong>\u00bfC\u00f3mo utilizo un cup\u00f3n de CouponHoarders?<\/strong><br \/>\nSimplemente haz clic en el bot\u00f3n \u201cObtener c\u00f3digo\u201d o \u201cVer oferta\u201d junto a la promoci\u00f3n que te interesa. Si es un c\u00f3digo, c\u00f3pialo y p\u00e9galo al realizar tu compra. Si es una oferta, te redirigiremos directamente a la p\u00e1gina del comercio.<\/p>\n<p><strong>\u00bfNecesito crear una cuenta para usar sus cupones?<\/strong><br \/>\n\u00a1Para nada! No necesitas registrarte ni crear una cuenta para usar nuestros cupones.<\/p>\n<p><strong>\u00bfLas ofertas en CouponHoarders son gratuitas?<\/strong><br \/>\n\u00a1S\u00ed! Navegar y utilizar nuestros cupones es completamente gratuito.<\/p>\n<p><strong>\u00bfCon qu\u00e9 frecuencia actualizan los cupones y las ofertas?<\/strong><br \/>\nActualizamos nuestras promociones todos los d\u00edas para que no pierdas tiempo con ofertas caducadas o inv\u00e1lidas.<\/p>\n<p><strong>\u00bfPuedo usar m\u00e1s de un cup\u00f3n en el mismo pedido?<\/strong><br \/>\nDepende de la tienda. Algunos comercios permiten combinar c\u00f3digos, pero la mayor\u00eda solo acepta uno por pedido.<\/p>\n<p><strong>\u00bfQu\u00e9 debo hacer si un cup\u00f3n no funciona?<\/strong><br \/>\nA veces puede ocurrir. Si eso ocurre, cont\u00e1ctanos a trav\u00e9s de nuestra p\u00e1gina de contacto y haremos lo posible por proporcionarte un cup\u00f3n v\u00e1lido.<\/p>\n<p><strong>\u00bfSolo tienen cupones online o tambi\u00e9n para tiendas f\u00edsicas?<\/strong><br \/>\nPrincipalmente ofrecemos cupones online, pero tambi\u00e9n incluimos ofertas para tiendas f\u00edsicas cuando est\u00e1n disponibles.<\/p>\n","protected":false},"excerpt":{"rendered":"<p>Preguntas frecuentes \u00bfTienes alguna pregunta? \u00a1Est\u00e1s en el lugar correcto! Hemos recopilado las preguntas m\u00e1s frecuentes para que obtengas respuestas r\u00e1pidamente, sin desplazarte mucho ni lidiar con jerga complicada. \u00bfQu\u00e9 es un c\u00f3digo de CouponHoarders? CouponHoarders es tu sitio de referencia para descuentos reales y v\u00e1lidos. Reunimos los \u00faltimos c\u00f3digos promocionales, cupones y ofertas especiales [&hellip;]<\/p>\n","protected":false},"author":1,"featured_media":0,"parent":0,"menu_order":0,"comment_status":"closed","ping_status":"closed","template":"","meta":{"_acf_changed":false,"footnotes":""},"class_list":["post-118","page","type-page","status-publish","hentry"],"acf":[],"yoast_head":"<!-- This site is optimized with the Yoast SEO plugin v26.6 - https:\/\/yoast.com\/wordpress\/plugins\/seo\/ -->\n<title>Preguntas frecuentes: cupones, c\u00f3digos promocionales y ofertas<\/title>\n<meta name=\"description\" content=\"Encuentra respuestas a preguntas frecuentes sobre cupones y descuentos en CouponHoarders. Aprende a ahorrar dinero y a conseguir las mejores ofertas.\" \/>\n<meta name=\"robots\" content=\"index, follow, max-snippet:-1, max-image-preview:large, max-video-preview:-1\" \/>\n<link rel=\"canonical\" href=\"https:\/\/www.couponhoarders.com\/es\/faqs\/\" \/>\n<meta property=\"og:locale\" content=\"en_US\" \/>\n<meta property=\"og:type\" content=\"article\" \/>\n<meta property=\"og:title\" content=\"Preguntas frecuentes: cupones, c\u00f3digos promocionales y ofertas\" \/>\n<meta property=\"og:description\" content=\"Encuentra respuestas a preguntas frecuentes sobre cupones y descuentos en CouponHoarders. Aprende a ahorrar dinero y a conseguir las mejores ofertas.\" \/>\n<meta property=\"og:url\" content=\"https:\/\/www.couponhoarders.com\/es\/faqs\/\" \/>\n<meta property=\"og:site_name\" content=\"Coupon Hoarders ES\" \/>\n<meta property=\"article:modified_time\" content=\"2025-12-24T13:16:42+00:00\" \/>\n<meta name=\"twitter:card\" content=\"summary_large_image\" \/>\n<meta name=\"twitter:label1\" content=\"Est. reading time\" \/>\n\t<meta name=\"twitter:data1\" content=\"2 minutes\" \/>\n<script type=\"application\/ld+json\" class=\"yoast-schema-graph\">{\"@context\":\"https:\/\/schema.org\",\"@graph\":[{\"@type\":\"WebPage\",\"@id\":\"https:\/\/www.couponhoarders.com\/es\/faqs\/\",\"url\":\"https:\/\/www.couponhoarders.com\/es\/faqs\/\",\"name\":\"Preguntas frecuentes: cupones, c\u00f3digos promocionales y ofertas\",\"isPartOf\":{\"@id\":\"https:\/\/www.couponhoarders.com\/es\/#website\"},\"datePublished\":\"2024-10-09T08:39:57+00:00\",\"dateModified\":\"2025-12-24T13:16:42+00:00\",\"description\":\"Encuentra respuestas a preguntas frecuentes sobre cupones y descuentos en CouponHoarders. Aprende a ahorrar dinero y a conseguir las mejores ofertas.\",\"breadcrumb\":{\"@id\":\"https:\/\/www.couponhoarders.com\/es\/faqs\/#breadcrumb\"},\"inLanguage\":\"en-US\",\"potentialAction\":[{\"@type\":\"ReadAction\",\"target\":[\"https:\/\/www.couponhoarders.com\/es\/faqs\/\"]}]},{\"@type\":\"BreadcrumbList\",\"@id\":\"https:\/\/www.couponhoarders.com\/es\/faqs\/#breadcrumb\",\"itemListElement\":[{\"@type\":\"ListItem\",\"position\":1,\"name\":\"Home\",\"item\":\"https:\/\/www.couponhoarders.com\/es\/\"},{\"@type\":\"ListItem\",\"position\":2,\"name\":\"Preguntas frecuentes\"}]},{\"@type\":\"WebSite\",\"@id\":\"https:\/\/www.couponhoarders.com\/es\/#website\",\"url\":\"https:\/\/www.couponhoarders.com\/es\/\",\"name\":\"Coupon Hoarders ES\",\"description\":\"\",\"potentialAction\":[{\"@type\":\"SearchAction\",\"target\":{\"@type\":\"EntryPoint\",\"urlTemplate\":\"https:\/\/www.couponhoarders.com\/es\/?s={search_term_string}\"},\"query-input\":{\"@type\":\"PropertyValueSpecification\",\"valueRequired\":true,\"valueName\":\"search_term_string\"}}],\"inLanguage\":\"en-US\"}]}<\/script>\n<!-- \/ Yoast SEO plugin. -->","yoast_head_json":{"title":"Preguntas frecuentes: cupones, c\u00f3digos promocionales y ofertas","description":"Encuentra respuestas a preguntas frecuentes sobre cupones y descuentos en CouponHoarders. Aprende a ahorrar dinero y a conseguir las mejores ofertas.","robots":{"index":"index","follow":"follow","max-snippet":"max-snippet:-1","max-image-preview":"max-image-preview:large","max-video-preview":"max-video-preview:-1"},"canonical":"https:\/\/www.couponhoarders.com\/es\/faqs\/","og_locale":"en_US","og_type":"article","og_title":"Preguntas frecuentes: cupones, c\u00f3digos promocionales y ofertas","og_description":"Encuentra respuestas a preguntas frecuentes sobre cupones y descuentos en CouponHoarders. Aprende a ahorrar dinero y a conseguir las mejores ofertas.","og_url":"https:\/\/www.couponhoarders.com\/es\/faqs\/","og_site_name":"Coupon Hoarders ES","article_modified_time":"2025-12-24T13:16:42+00:00","twitter_card":"summary_large_image","twitter_misc":{"Est. reading time":"2 minutes"},"schema":{"@context":"https:\/\/schema.org","@graph":[{"@type":"WebPage","@id":"https:\/\/www.couponhoarders.com\/es\/faqs\/","url":"https:\/\/www.couponhoarders.com\/es\/faqs\/","name":"Preguntas frecuentes: cupones, c\u00f3digos promocionales y ofertas","isPartOf":{"@id":"https:\/\/www.couponhoarders.com\/es\/#website"},"datePublished":"2024-10-09T08:39:57+00:00","dateModified":"2025-12-24T13:16:42+00:00","description":"Encuentra respuestas a preguntas frecuentes sobre cupones y descuentos en CouponHoarders. Aprende a ahorrar dinero y a conseguir las mejores ofertas.","breadcrumb":{"@id":"https:\/\/www.couponhoarders.com\/es\/faqs\/#breadcrumb"},"inLanguage":"en-US","potentialAction":[{"@type":"ReadAction","target":["https:\/\/www.couponhoarders.com\/es\/faqs\/"]}]},{"@type":"BreadcrumbList","@id":"https:\/\/www.couponhoarders.com\/es\/faqs\/#breadcrumb","itemListElement":[{"@type":"ListItem","position":1,"name":"Home","item":"https:\/\/www.couponhoarders.com\/es\/"},{"@type":"ListItem","position":2,"name":"Preguntas frecuentes"}]},{"@type":"WebSite","@id":"https:\/\/www.couponhoarders.com\/es\/#website","url":"https:\/\/www.couponhoarders.com\/es\/","name":"Coupon Hoarders ES","description":"","potentialAction":[{"@type":"SearchAction","target":{"@type":"EntryPoint","urlTemplate":"https:\/\/www.couponhoarders.com\/es\/?s={search_term_string}"},"query-input":{"@type":"PropertyValueSpecification","valueRequired":true,"valueName":"search_term_string"}}],"inLanguage":"en-US"}]}},"_links":{"self":[{"href":"https:\/\/www.couponhoarders.com\/es\/wp-json\/wp\/v2\/pages\/118","targetHints":{"allow":["GET"]}}],"collection":[{"href":"https:\/\/www.couponhoarders.com\/es\/wp-json\/wp\/v2\/pages"}],"about":[{"href":"https:\/\/www.couponhoarders.com\/es\/wp-json\/wp\/v2\/types\/page"}],"author":[{"embeddable":true,"href":"https:\/\/www.couponhoarders.com\/es\/wp-json\/wp\/v2\/users\/1"}],"replies":[{"embeddable":true,"href":"https:\/\/www.couponhoarders.com\/es\/wp-json\/wp\/v2\/comments?post=118"}],"version-history":[{"count":4,"href":"https:\/\/www.couponhoarders.com\/es\/wp-json\/wp\/v2\/pages\/118\/revisions"}],"predecessor-version":[{"id":318,"href":"https:\/\/www.couponhoarders.com\/es\/wp-json\/wp\/v2\/pages\/118\/revisions\/318"}],"wp:attachment":[{"href":"https:\/\/www.couponhoarders.com\/es\/wp-json\/wp\/v2\/media?parent=118"}],"curies":[{"name":"wp","href":"https:\/\/api.w.org\/{rel}","templated":true}]}}