{"id":124,"date":"2024-10-10T07:42:38","date_gmt":"2024-10-10T07:42:38","guid":{"rendered":"https:\/\/www.couponhoarders.com\/?page_id=124"},"modified":"2025-12-24T09:39:58","modified_gmt":"2025-12-24T09:39:58","slug":"contact-us","status":"publish","type":"page","link":"https:\/\/www.couponhoarders.com\/dk\/contact-us\/","title":{"rendered":"Kontakt os"},"content":{"rendered":"<h1>Kontakt os<\/h1>\n<p>Skriv en besked nedenfor, s\u00e5 vender vi tilbage til dig om et \u00f8jeblik.<\/p>\n","protected":false},"excerpt":{"rendered":"<p>Kontakt os Skriv en besked nedenfor, s\u00e5 vender vi tilbage til dig om et \u00f8jeblik.<\/p>\n","protected":false},"author":2,"featured_media":0,"parent":0,"menu_order":0,"comment_status":"closed","ping_status":"closed","template":"pages\/pages-template.php","meta":{"_acf_changed":false,"footnotes":""},"class_list":["post-124","page","type-page","status-publish","hentry"],"acf":[],"yoast_head":"<!-- This site is optimized with the Yoast SEO plugin v26.6 - https:\/\/yoast.com\/wordpress\/plugins\/seo\/ -->\n<title>Kontakt os \u2013 Kontakt CouponHoaders supportteam<\/title>\n<meta name=\"description\" content=\"Kontakt CouponHoarders for support, feedback eller forretningsforesp\u00f8rgsler. Kontakt vores team, hvis du har sp\u00f8rgsm\u00e5l om kuponer og rabattilbud.\" \/>\n<meta name=\"robots\" content=\"index, follow, max-snippet:-1, max-image-preview:large, max-video-preview:-1\" \/>\n<link rel=\"canonical\" href=\"https:\/\/www.couponhoarders.com\/dk\/contact-us\/\" \/>\n<meta property=\"og:locale\" content=\"en_US\" \/>\n<meta property=\"og:type\" content=\"article\" \/>\n<meta property=\"og:title\" content=\"Kontakt os \u2013 Kontakt CouponHoaders supportteam\" \/>\n<meta property=\"og:description\" content=\"Kontakt CouponHoarders for support, feedback eller forretningsforesp\u00f8rgsler. Kontakt vores team, hvis du har sp\u00f8rgsm\u00e5l om kuponer og rabattilbud.\" \/>\n<meta property=\"og:url\" content=\"https:\/\/www.couponhoarders.com\/dk\/contact-us\/\" \/>\n<meta property=\"og:site_name\" content=\"Coupon Hoarders DK\" \/>\n<meta property=\"article:modified_time\" content=\"2025-12-24T09:39:58+00:00\" \/>\n<meta name=\"twitter:card\" content=\"summary_large_image\" \/>\n<meta name=\"twitter:label1\" content=\"Est. reading time\" \/>\n\t<meta name=\"twitter:data1\" content=\"1 minute\" \/>\n<script type=\"application\/ld+json\" class=\"yoast-schema-graph\">{\"@context\":\"https:\/\/schema.org\",\"@graph\":[{\"@type\":\"WebPage\",\"@id\":\"https:\/\/www.couponhoarders.com\/dk\/contact-us\/\",\"url\":\"https:\/\/www.couponhoarders.com\/dk\/contact-us\/\",\"name\":\"Kontakt os \u2013 Kontakt CouponHoaders supportteam\",\"isPartOf\":{\"@id\":\"https:\/\/www.couponhoarders.com\/dk\/#website\"},\"datePublished\":\"2024-10-10T07:42:38+00:00\",\"dateModified\":\"2025-12-24T09:39:58+00:00\",\"description\":\"Kontakt CouponHoarders for support, feedback eller forretningsforesp\u00f8rgsler. Kontakt vores team, hvis du har sp\u00f8rgsm\u00e5l om kuponer og rabattilbud.\",\"breadcrumb\":{\"@id\":\"https:\/\/www.couponhoarders.com\/dk\/contact-us\/#breadcrumb\"},\"inLanguage\":\"en-US\",\"potentialAction\":[{\"@type\":\"ReadAction\",\"target\":[\"https:\/\/www.couponhoarders.com\/dk\/contact-us\/\"]}]},{\"@type\":\"BreadcrumbList\",\"@id\":\"https:\/\/www.couponhoarders.com\/dk\/contact-us\/#breadcrumb\",\"itemListElement\":[{\"@type\":\"ListItem\",\"position\":1,\"name\":\"Home\",\"item\":\"https:\/\/www.couponhoarders.com\/dk\/\"},{\"@type\":\"ListItem\",\"position\":2,\"name\":\"Kontakt os\"}]},{\"@type\":\"WebSite\",\"@id\":\"https:\/\/www.couponhoarders.com\/dk\/#website\",\"url\":\"https:\/\/www.couponhoarders.com\/dk\/\",\"name\":\"Coupon Hoarders DK\",\"description\":\"\",\"potentialAction\":[{\"@type\":\"SearchAction\",\"target\":{\"@type\":\"EntryPoint\",\"urlTemplate\":\"https:\/\/www.couponhoarders.com\/dk\/?s={search_term_string}\"},\"query-input\":{\"@type\":\"PropertyValueSpecification\",\"valueRequired\":true,\"valueName\":\"search_term_string\"}}],\"inLanguage\":\"en-US\"}]}<\/script>\n<!-- \/ Yoast SEO plugin. -->","yoast_head_json":{"title":"Kontakt os \u2013 Kontakt CouponHoaders supportteam","description":"Kontakt CouponHoarders for support, feedback eller forretningsforesp\u00f8rgsler. Kontakt vores team, hvis du har sp\u00f8rgsm\u00e5l om kuponer og rabattilbud.","robots":{"index":"index","follow":"follow","max-snippet":"max-snippet:-1","max-image-preview":"max-image-preview:large","max-video-preview":"max-video-preview:-1"},"canonical":"https:\/\/www.couponhoarders.com\/dk\/contact-us\/","og_locale":"en_US","og_type":"article","og_title":"Kontakt os \u2013 Kontakt CouponHoaders supportteam","og_description":"Kontakt CouponHoarders for support, feedback eller forretningsforesp\u00f8rgsler. Kontakt vores team, hvis du har sp\u00f8rgsm\u00e5l om kuponer og rabattilbud.","og_url":"https:\/\/www.couponhoarders.com\/dk\/contact-us\/","og_site_name":"Coupon Hoarders DK","article_modified_time":"2025-12-24T09:39:58+00:00","twitter_card":"summary_large_image","twitter_misc":{"Est. reading time":"1 minute"},"schema":{"@context":"https:\/\/schema.org","@graph":[{"@type":"WebPage","@id":"https:\/\/www.couponhoarders.com\/dk\/contact-us\/","url":"https:\/\/www.couponhoarders.com\/dk\/contact-us\/","name":"Kontakt os \u2013 Kontakt CouponHoaders supportteam","isPartOf":{"@id":"https:\/\/www.couponhoarders.com\/dk\/#website"},"datePublished":"2024-10-10T07:42:38+00:00","dateModified":"2025-12-24T09:39:58+00:00","description":"Kontakt CouponHoarders for support, feedback eller forretningsforesp\u00f8rgsler. Kontakt vores team, hvis du har sp\u00f8rgsm\u00e5l om kuponer og rabattilbud.","breadcrumb":{"@id":"https:\/\/www.couponhoarders.com\/dk\/contact-us\/#breadcrumb"},"inLanguage":"en-US","potentialAction":[{"@type":"ReadAction","target":["https:\/\/www.couponhoarders.com\/dk\/contact-us\/"]}]},{"@type":"BreadcrumbList","@id":"https:\/\/www.couponhoarders.com\/dk\/contact-us\/#breadcrumb","itemListElement":[{"@type":"ListItem","position":1,"name":"Home","item":"https:\/\/www.couponhoarders.com\/dk\/"},{"@type":"ListItem","position":2,"name":"Kontakt os"}]},{"@type":"WebSite","@id":"https:\/\/www.couponhoarders.com\/dk\/#website","url":"https:\/\/www.couponhoarders.com\/dk\/","name":"Coupon Hoarders DK","description":"","potentialAction":[{"@type":"SearchAction","target":{"@type":"EntryPoint","urlTemplate":"https:\/\/www.couponhoarders.com\/dk\/?s={search_term_string}"},"query-input":{"@type":"PropertyValueSpecification","valueRequired":true,"valueName":"search_term_string"}}],"inLanguage":"en-US"}]}},"_links":{"self":[{"href":"https:\/\/www.couponhoarders.com\/dk\/wp-json\/wp\/v2\/pages\/124","targetHints":{"allow":["GET"]}}],"collection":[{"href":"https:\/\/www.couponhoarders.com\/dk\/wp-json\/wp\/v2\/pages"}],"about":[{"href":"https:\/\/www.couponhoarders.com\/dk\/wp-json\/wp\/v2\/types\/page"}],"author":[{"embeddable":true,"href":"https:\/\/www.couponhoarders.com\/dk\/wp-json\/wp\/v2\/users\/2"}],"replies":[{"embeddable":true,"href":"https:\/\/www.couponhoarders.com\/dk\/wp-json\/wp\/v2\/comments?post=124"}],"version-history":[{"count":2,"href":"https:\/\/www.couponhoarders.com\/dk\/wp-json\/wp\/v2\/pages\/124\/revisions"}],"predecessor-version":[{"id":570,"href":"https:\/\/www.couponhoarders.com\/dk\/wp-json\/wp\/v2\/pages\/124\/revisions\/570"}],"wp:attachment":[{"href":"https:\/\/www.couponhoarders.com\/dk\/wp-json\/wp\/v2\/media?parent=124"}],"curies":[{"name":"wp","href":"https:\/\/api.w.org\/{rel}","templated":true}]}}