{"id":122,"date":"2024-10-10T07:40:10","date_gmt":"2024-10-10T07:40:10","guid":{"rendered":"https:\/\/www.couponhoarders.com\/?page_id=122"},"modified":"2025-12-24T12:38:23","modified_gmt":"2025-12-24T12:38:23","slug":"about-us","status":"publish","type":"page","link":"https:\/\/www.couponhoarders.com\/dk\/about-us\/","title":{"rendered":"Om os"},"content":{"rendered":"<h2 style=\"text-align: center;\">Om CouponHoarders<\/h2>\n<p>Hos CouponHoarders mener vi, at det at spare penge skal v\u00e6re nemt og sjovt. Vores mission er klar: at hj\u00e6lpe dig med at spare uden, at det bliver et fuldtidsjob. Vi kender frustrationen ved at jagte \u201cfantastiske tilbud\u201d kun for at opdage, at de er udl\u00f8bet eller ikke virker \u2013 og det hader vi lige s\u00e5 meget som dig.<\/p>\n<p>Derfor bruger vi vores tid p\u00e5 at finde tilbud, der virkelig er v\u00e6rd at tjekke ud. Fra mode og gadgets til dagligvarer og rejser \u2013 hvis det hj\u00e6lper dig med at spare, finder du det her.<\/p>\n<h3>Hvorfor handle hos os?<\/h3>\n<ul>\n<li><strong>Verificerede tilbud:<\/strong> Vi s\u00f8rger for, at alt er opdateret, s\u00e5 du ikke spilder tid p\u00e5 d\u00f8de links.<\/li>\n<li><strong>Mange forskellige butikker:<\/strong> Fra kendte m\u00e6rker til skjulte perler \u2013 vi har det hele.<\/li>\n<li><strong>Nem besparelse:<\/strong> Se det, brug det, spar \u2013 s\u00e5 enkelt er det.<\/li>\n<\/ul>\n<h3>Hvorfor v\u00e6lge CouponHoarders?<\/h3>\n<p>Med s\u00e5 mange kuponsider, hvad g\u00f8r CouponHoarders specielt? Her er hvorfor vi er din p\u00e5lidelige sparringspartner:<\/p>\n<ul>\n<li><strong>Koder der faktisk virker<\/strong>: Slut med uendeligt klik \u2013 vores kuponer er testet og verificeret.<\/li>\n<li><strong>Dagligt friske tilbud<\/strong>: Nye tilbud tilf\u00f8jes hver dag, s\u00e5 der er altid noget at spare p\u00e5.<\/li>\n<li><strong>Alle dine favoritter samlet \u00e9t sted<\/strong>: Opdag b\u00e5de popul\u00e6re m\u00e6rker og skjulte perler, du endnu ikke har pr\u00f8vet.<\/li>\n<li><strong>Ingen tilmelding n\u00f8dvendig<\/strong>: S\u00f8g, klik og spar \u2013 uden besv\u00e6r.<\/li>\n<li><strong>Vi v\u00e6rds\u00e6tter din tid<\/strong>: Vi g\u00f8r det h\u00e5rde arbejde for dig, s\u00e5 du ikke spilder timer p\u00e5 udl\u00f8bne tilbud.<\/li>\n<\/ul>\n","protected":false},"excerpt":{"rendered":"<p>Om CouponHoarders Hos CouponHoarders mener vi, at det at spare penge skal v\u00e6re nemt og sjovt. Vores mission er klar: at hj\u00e6lpe dig med at spare uden, at det bliver et fuldtidsjob. Vi kender frustrationen ved at jagte \u201cfantastiske tilbud\u201d kun for at opdage, at de er udl\u00f8bet eller ikke virker \u2013 og det hader [&hellip;]<\/p>\n","protected":false},"author":2,"featured_media":0,"parent":0,"menu_order":0,"comment_status":"closed","ping_status":"closed","template":"pages\/about-us.php","meta":{"_acf_changed":false,"footnotes":""},"class_list":["post-122","page","type-page","status-publish","hentry"],"acf":[],"yoast_head":"<!-- This site is optimized with the Yoast SEO plugin v26.6 - https:\/\/yoast.com\/wordpress\/plugins\/seo\/ -->\n<title>Om os \u2013 Din p\u00e5lidelige kilde til kuponer og tilbud<\/title>\n<meta name=\"description\" content=\"L\u00e6r om os, din betroede destination for de nyeste kuponer og rabatter. Vores mission er at hj\u00e6lpe dig med at spare penge ubesv\u00e6ret, n\u00e5r du shopper online.\" \/>\n<meta name=\"robots\" content=\"index, follow, max-snippet:-1, max-image-preview:large, max-video-preview:-1\" \/>\n<link rel=\"canonical\" href=\"https:\/\/www.couponhoarders.com\/dk\/about-us\/\" \/>\n<meta property=\"og:locale\" content=\"en_US\" \/>\n<meta property=\"og:type\" content=\"article\" \/>\n<meta property=\"og:title\" content=\"Om os \u2013 Din p\u00e5lidelige kilde til kuponer og tilbud\" \/>\n<meta property=\"og:description\" content=\"L\u00e6r om os, din betroede destination for de nyeste kuponer og rabatter. Vores mission er at hj\u00e6lpe dig med at spare penge ubesv\u00e6ret, n\u00e5r du shopper online.\" \/>\n<meta property=\"og:url\" content=\"https:\/\/www.couponhoarders.com\/dk\/about-us\/\" \/>\n<meta property=\"og:site_name\" content=\"Coupon Hoarders DK\" \/>\n<meta property=\"article:modified_time\" content=\"2025-12-24T12:38:23+00:00\" \/>\n<meta name=\"twitter:card\" content=\"summary_large_image\" \/>\n<meta name=\"twitter:label1\" content=\"Est. reading time\" \/>\n\t<meta name=\"twitter:data1\" content=\"2 minutes\" \/>\n<script type=\"application\/ld+json\" class=\"yoast-schema-graph\">{\"@context\":\"https:\/\/schema.org\",\"@graph\":[{\"@type\":\"WebPage\",\"@id\":\"https:\/\/www.couponhoarders.com\/dk\/about-us\/\",\"url\":\"https:\/\/www.couponhoarders.com\/dk\/about-us\/\",\"name\":\"Om os \u2013 Din p\u00e5lidelige kilde til kuponer og tilbud\",\"isPartOf\":{\"@id\":\"https:\/\/www.couponhoarders.com\/dk\/#website\"},\"datePublished\":\"2024-10-10T07:40:10+00:00\",\"dateModified\":\"2025-12-24T12:38:23+00:00\",\"description\":\"L\u00e6r om os, din betroede destination for de nyeste kuponer og rabatter. Vores mission er at hj\u00e6lpe dig med at spare penge ubesv\u00e6ret, n\u00e5r du shopper online.\",\"breadcrumb\":{\"@id\":\"https:\/\/www.couponhoarders.com\/dk\/about-us\/#breadcrumb\"},\"inLanguage\":\"en-US\",\"potentialAction\":[{\"@type\":\"ReadAction\",\"target\":[\"https:\/\/www.couponhoarders.com\/dk\/about-us\/\"]}]},{\"@type\":\"BreadcrumbList\",\"@id\":\"https:\/\/www.couponhoarders.com\/dk\/about-us\/#breadcrumb\",\"itemListElement\":[{\"@type\":\"ListItem\",\"position\":1,\"name\":\"Home\",\"item\":\"https:\/\/www.couponhoarders.com\/dk\/\"},{\"@type\":\"ListItem\",\"position\":2,\"name\":\"Om os\"}]},{\"@type\":\"WebSite\",\"@id\":\"https:\/\/www.couponhoarders.com\/dk\/#website\",\"url\":\"https:\/\/www.couponhoarders.com\/dk\/\",\"name\":\"Coupon Hoarders DK\",\"description\":\"\",\"potentialAction\":[{\"@type\":\"SearchAction\",\"target\":{\"@type\":\"EntryPoint\",\"urlTemplate\":\"https:\/\/www.couponhoarders.com\/dk\/?s={search_term_string}\"},\"query-input\":{\"@type\":\"PropertyValueSpecification\",\"valueRequired\":true,\"valueName\":\"search_term_string\"}}],\"inLanguage\":\"en-US\"}]}<\/script>\n<!-- \/ Yoast SEO plugin. -->","yoast_head_json":{"title":"Om os \u2013 Din p\u00e5lidelige kilde til kuponer og tilbud","description":"L\u00e6r om os, din betroede destination for de nyeste kuponer og rabatter. Vores mission er at hj\u00e6lpe dig med at spare penge ubesv\u00e6ret, n\u00e5r du shopper online.","robots":{"index":"index","follow":"follow","max-snippet":"max-snippet:-1","max-image-preview":"max-image-preview:large","max-video-preview":"max-video-preview:-1"},"canonical":"https:\/\/www.couponhoarders.com\/dk\/about-us\/","og_locale":"en_US","og_type":"article","og_title":"Om os \u2013 Din p\u00e5lidelige kilde til kuponer og tilbud","og_description":"L\u00e6r om os, din betroede destination for de nyeste kuponer og rabatter. Vores mission er at hj\u00e6lpe dig med at spare penge ubesv\u00e6ret, n\u00e5r du shopper online.","og_url":"https:\/\/www.couponhoarders.com\/dk\/about-us\/","og_site_name":"Coupon Hoarders DK","article_modified_time":"2025-12-24T12:38:23+00:00","twitter_card":"summary_large_image","twitter_misc":{"Est. reading time":"2 minutes"},"schema":{"@context":"https:\/\/schema.org","@graph":[{"@type":"WebPage","@id":"https:\/\/www.couponhoarders.com\/dk\/about-us\/","url":"https:\/\/www.couponhoarders.com\/dk\/about-us\/","name":"Om os \u2013 Din p\u00e5lidelige kilde til kuponer og tilbud","isPartOf":{"@id":"https:\/\/www.couponhoarders.com\/dk\/#website"},"datePublished":"2024-10-10T07:40:10+00:00","dateModified":"2025-12-24T12:38:23+00:00","description":"L\u00e6r om os, din betroede destination for de nyeste kuponer og rabatter. Vores mission er at hj\u00e6lpe dig med at spare penge ubesv\u00e6ret, n\u00e5r du shopper online.","breadcrumb":{"@id":"https:\/\/www.couponhoarders.com\/dk\/about-us\/#breadcrumb"},"inLanguage":"en-US","potentialAction":[{"@type":"ReadAction","target":["https:\/\/www.couponhoarders.com\/dk\/about-us\/"]}]},{"@type":"BreadcrumbList","@id":"https:\/\/www.couponhoarders.com\/dk\/about-us\/#breadcrumb","itemListElement":[{"@type":"ListItem","position":1,"name":"Home","item":"https:\/\/www.couponhoarders.com\/dk\/"},{"@type":"ListItem","position":2,"name":"Om os"}]},{"@type":"WebSite","@id":"https:\/\/www.couponhoarders.com\/dk\/#website","url":"https:\/\/www.couponhoarders.com\/dk\/","name":"Coupon Hoarders DK","description":"","potentialAction":[{"@type":"SearchAction","target":{"@type":"EntryPoint","urlTemplate":"https:\/\/www.couponhoarders.com\/dk\/?s={search_term_string}"},"query-input":{"@type":"PropertyValueSpecification","valueRequired":true,"valueName":"search_term_string"}}],"inLanguage":"en-US"}]}},"_links":{"self":[{"href":"https:\/\/www.couponhoarders.com\/dk\/wp-json\/wp\/v2\/pages\/122","targetHints":{"allow":["GET"]}}],"collection":[{"href":"https:\/\/www.couponhoarders.com\/dk\/wp-json\/wp\/v2\/pages"}],"about":[{"href":"https:\/\/www.couponhoarders.com\/dk\/wp-json\/wp\/v2\/types\/page"}],"author":[{"embeddable":true,"href":"https:\/\/www.couponhoarders.com\/dk\/wp-json\/wp\/v2\/users\/2"}],"replies":[{"embeddable":true,"href":"https:\/\/www.couponhoarders.com\/dk\/wp-json\/wp\/v2\/comments?post=122"}],"version-history":[{"count":3,"href":"https:\/\/www.couponhoarders.com\/dk\/wp-json\/wp\/v2\/pages\/122\/revisions"}],"predecessor-version":[{"id":577,"href":"https:\/\/www.couponhoarders.com\/dk\/wp-json\/wp\/v2\/pages\/122\/revisions\/577"}],"wp:attachment":[{"href":"https:\/\/www.couponhoarders.com\/dk\/wp-json\/wp\/v2\/media?parent=122"}],"curies":[{"name":"wp","href":"https:\/\/api.w.org\/{rel}","templated":true}]}}