{"id":122,"date":"2024-10-10T07:40:10","date_gmt":"2024-10-10T07:40:10","guid":{"rendered":"https:\/\/www.couponhoarders.com\/?page_id=122"},"modified":"2025-12-24T12:11:00","modified_gmt":"2025-12-24T12:11:00","slug":"about-us","status":"publish","type":"page","link":"https:\/\/www.couponhoarders.com\/de\/about-us\/","title":{"rendered":"\u00dcber uns"},"content":{"rendered":"<h2 style=\"text-align: center;\">\u00dcber CouponHoarders<\/h2>\n<p>Bei CouponHoarders glauben wir, dass Geld zu sparen einfach und zugleich unterhaltsam sein sollte. Unsere Mission ist klar: Wir helfen Ihnen beim Sparen, ohne dass es zu einem Vollzeitjob wird. Wir kennen die Frustration, nach \u201etollen Angeboten\u201c zu jagen, nur um festzustellen, dass sie abgelaufen sind oder nicht funktionieren \u2013 und wir hassen das genauso wie Sie.<\/p>\n<p>Deshalb widmen wir unsere Zeit der Suche nach Angeboten, die wirklich lohnenswert sind. Von Mode und Gadgets bis hin zu Lebensmitteln und Reisen \u2013 wenn es Ihnen beim Sparen hilft, finden Sie es hier.<\/p>\n<h3>Warum bei uns einkaufen?<\/h3>\n<ul>\n<li><strong>Verifizierte Angebote:<\/strong> Wir stellen sicher, dass alles aktuell ist, damit Sie keine Zeit mit ung\u00fcltigen Links verschwenden.<\/li>\n<li><strong>Vielfalt an Shops:<\/strong> Von bekannten Marken bis hin zu verborgenen Sch\u00e4tzen \u2013 wir decken alles ab.<\/li>\n<li><strong>Einfaches Sparen:<\/strong> Sehen, nutzen, sparen \u2013 so einfach ist das.<\/li>\n<\/ul>\n<h3>Warum CouponHoarders w\u00e4hlen?<\/h3>\n<p>Bei so vielen Gutscheinseiten \u2013 was macht CouponHoarders besonders aus? Hier ist der Grund, warum wir Ihr verl\u00e4sslicher Sparpartner sind:<\/p>\n<ul>\n<li><strong>Funktionierende Codes:<\/strong> Keine endlosen Klicks mehr \u2013 unsere Gutscheine werden getestet und verifiziert.<\/li>\n<li><strong>T\u00e4glich neue Angebote:<\/strong> Jeden Tag kommen neue Deals hinzu, sodass Sie immer etwas sparen k\u00f6nnen.<\/li>\n<li><strong>Alle Favoriten an einem<\/strong> Ort: Entdecken Sie sowohl bekannte Marken als auch verborgene Sch\u00e4tze, die Sie noch nicht ausprobiert haben.<\/li>\n<li><strong>Keine Anmeldung n\u00f6tig:<\/strong> Einfach suchen, klicken und sparen \u2013 ohne Aufwand.<\/li>\n<li><strong>Wir sparen Ihnen Zeit:<\/strong> Wir erledigen die Arbeit, damit Sie keine Stunden mit abgelaufenen Angeboten verschwenden.<\/li>\n<\/ul>\n","protected":false},"excerpt":{"rendered":"<p>\u00dcber CouponHoarders Bei CouponHoarders glauben wir, dass Geld zu sparen einfach und zugleich unterhaltsam sein sollte. Unsere Mission ist klar: Wir helfen Ihnen beim Sparen, ohne dass es zu einem Vollzeitjob wird. Wir kennen die Frustration, nach \u201etollen Angeboten\u201c zu jagen, nur um festzustellen, dass sie abgelaufen sind oder nicht funktionieren \u2013 und wir hassen [&hellip;]<\/p>\n","protected":false},"author":2,"featured_media":0,"parent":0,"menu_order":0,"comment_status":"closed","ping_status":"closed","template":"pages\/about-us.php","meta":{"_acf_changed":false,"footnotes":""},"class_list":["post-122","page","type-page","status-publish","hentry"],"acf":[],"yoast_head":"<!-- This site is optimized with the Yoast SEO plugin v26.6 - https:\/\/yoast.com\/wordpress\/plugins\/seo\/ -->\n<title>\u00dcber uns \u2013 Ihre vertrauensw\u00fcrdige Quelle f\u00fcr Gutscheine und Angebote<\/title>\n<meta name=\"description\" content=\"Lernen Sie uns kennen \u2013 Ihre zuverl\u00e4ssige Anlaufstelle f\u00fcr die neuesten Gutscheine und Rabattangebote. Unsere Mission ist es, Ihnen beim Online-Shopping m\u00fchelos Geld zu sparen.\" \/>\n<meta name=\"robots\" content=\"index, follow, max-snippet:-1, max-image-preview:large, max-video-preview:-1\" \/>\n<link rel=\"canonical\" href=\"https:\/\/www.couponhoarders.com\/de\/about-us\/\" \/>\n<meta property=\"og:locale\" content=\"en_US\" \/>\n<meta property=\"og:type\" content=\"article\" \/>\n<meta property=\"og:title\" content=\"\u00dcber uns \u2013 Ihre vertrauensw\u00fcrdige Quelle f\u00fcr Gutscheine und Angebote\" \/>\n<meta property=\"og:description\" content=\"Lernen Sie uns kennen \u2013 Ihre zuverl\u00e4ssige Anlaufstelle f\u00fcr die neuesten Gutscheine und Rabattangebote. Unsere Mission ist es, Ihnen beim Online-Shopping m\u00fchelos Geld zu sparen.\" \/>\n<meta property=\"og:url\" content=\"https:\/\/www.couponhoarders.com\/de\/about-us\/\" \/>\n<meta property=\"og:site_name\" content=\"Coupon Hoarders DE\" \/>\n<meta property=\"article:modified_time\" content=\"2025-12-24T12:11:00+00:00\" \/>\n<meta name=\"twitter:card\" content=\"summary_large_image\" \/>\n<meta name=\"twitter:label1\" content=\"Est. reading time\" \/>\n\t<meta name=\"twitter:data1\" content=\"2 minutes\" \/>\n<script type=\"application\/ld+json\" class=\"yoast-schema-graph\">{\"@context\":\"https:\/\/schema.org\",\"@graph\":[{\"@type\":\"WebPage\",\"@id\":\"https:\/\/www.couponhoarders.com\/de\/about-us\/\",\"url\":\"https:\/\/www.couponhoarders.com\/de\/about-us\/\",\"name\":\"\u00dcber uns \u2013 Ihre vertrauensw\u00fcrdige Quelle f\u00fcr Gutscheine und Angebote\",\"isPartOf\":{\"@id\":\"https:\/\/www.couponhoarders.com\/de\/#website\"},\"datePublished\":\"2024-10-10T07:40:10+00:00\",\"dateModified\":\"2025-12-24T12:11:00+00:00\",\"description\":\"Lernen Sie uns kennen \u2013 Ihre zuverl\u00e4ssige Anlaufstelle f\u00fcr die neuesten Gutscheine und Rabattangebote. Unsere Mission ist es, Ihnen beim Online-Shopping m\u00fchelos Geld zu sparen.\",\"breadcrumb\":{\"@id\":\"https:\/\/www.couponhoarders.com\/de\/about-us\/#breadcrumb\"},\"inLanguage\":\"en-US\",\"potentialAction\":[{\"@type\":\"ReadAction\",\"target\":[\"https:\/\/www.couponhoarders.com\/de\/about-us\/\"]}]},{\"@type\":\"BreadcrumbList\",\"@id\":\"https:\/\/www.couponhoarders.com\/de\/about-us\/#breadcrumb\",\"itemListElement\":[{\"@type\":\"ListItem\",\"position\":1,\"name\":\"Home\",\"item\":\"https:\/\/www.couponhoarders.com\/de\/\"},{\"@type\":\"ListItem\",\"position\":2,\"name\":\"\u00dcber uns\"}]},{\"@type\":\"WebSite\",\"@id\":\"https:\/\/www.couponhoarders.com\/de\/#website\",\"url\":\"https:\/\/www.couponhoarders.com\/de\/\",\"name\":\"Coupon Hoarders DE\",\"description\":\"\",\"potentialAction\":[{\"@type\":\"SearchAction\",\"target\":{\"@type\":\"EntryPoint\",\"urlTemplate\":\"https:\/\/www.couponhoarders.com\/de\/?s={search_term_string}\"},\"query-input\":{\"@type\":\"PropertyValueSpecification\",\"valueRequired\":true,\"valueName\":\"search_term_string\"}}],\"inLanguage\":\"en-US\"}]}<\/script>\n<!-- \/ Yoast SEO plugin. -->","yoast_head_json":{"title":"\u00dcber uns \u2013 Ihre vertrauensw\u00fcrdige Quelle f\u00fcr Gutscheine und Angebote","description":"Lernen Sie uns kennen \u2013 Ihre zuverl\u00e4ssige Anlaufstelle f\u00fcr die neuesten Gutscheine und Rabattangebote. Unsere Mission ist es, Ihnen beim Online-Shopping m\u00fchelos Geld zu sparen.","robots":{"index":"index","follow":"follow","max-snippet":"max-snippet:-1","max-image-preview":"max-image-preview:large","max-video-preview":"max-video-preview:-1"},"canonical":"https:\/\/www.couponhoarders.com\/de\/about-us\/","og_locale":"en_US","og_type":"article","og_title":"\u00dcber uns \u2013 Ihre vertrauensw\u00fcrdige Quelle f\u00fcr Gutscheine und Angebote","og_description":"Lernen Sie uns kennen \u2013 Ihre zuverl\u00e4ssige Anlaufstelle f\u00fcr die neuesten Gutscheine und Rabattangebote. Unsere Mission ist es, Ihnen beim Online-Shopping m\u00fchelos Geld zu sparen.","og_url":"https:\/\/www.couponhoarders.com\/de\/about-us\/","og_site_name":"Coupon Hoarders DE","article_modified_time":"2025-12-24T12:11:00+00:00","twitter_card":"summary_large_image","twitter_misc":{"Est. reading time":"2 minutes"},"schema":{"@context":"https:\/\/schema.org","@graph":[{"@type":"WebPage","@id":"https:\/\/www.couponhoarders.com\/de\/about-us\/","url":"https:\/\/www.couponhoarders.com\/de\/about-us\/","name":"\u00dcber uns \u2013 Ihre vertrauensw\u00fcrdige Quelle f\u00fcr Gutscheine und Angebote","isPartOf":{"@id":"https:\/\/www.couponhoarders.com\/de\/#website"},"datePublished":"2024-10-10T07:40:10+00:00","dateModified":"2025-12-24T12:11:00+00:00","description":"Lernen Sie uns kennen \u2013 Ihre zuverl\u00e4ssige Anlaufstelle f\u00fcr die neuesten Gutscheine und Rabattangebote. Unsere Mission ist es, Ihnen beim Online-Shopping m\u00fchelos Geld zu sparen.","breadcrumb":{"@id":"https:\/\/www.couponhoarders.com\/de\/about-us\/#breadcrumb"},"inLanguage":"en-US","potentialAction":[{"@type":"ReadAction","target":["https:\/\/www.couponhoarders.com\/de\/about-us\/"]}]},{"@type":"BreadcrumbList","@id":"https:\/\/www.couponhoarders.com\/de\/about-us\/#breadcrumb","itemListElement":[{"@type":"ListItem","position":1,"name":"Home","item":"https:\/\/www.couponhoarders.com\/de\/"},{"@type":"ListItem","position":2,"name":"\u00dcber uns"}]},{"@type":"WebSite","@id":"https:\/\/www.couponhoarders.com\/de\/#website","url":"https:\/\/www.couponhoarders.com\/de\/","name":"Coupon Hoarders DE","description":"","potentialAction":[{"@type":"SearchAction","target":{"@type":"EntryPoint","urlTemplate":"https:\/\/www.couponhoarders.com\/de\/?s={search_term_string}"},"query-input":{"@type":"PropertyValueSpecification","valueRequired":true,"valueName":"search_term_string"}}],"inLanguage":"en-US"}]}},"_links":{"self":[{"href":"https:\/\/www.couponhoarders.com\/de\/wp-json\/wp\/v2\/pages\/122","targetHints":{"allow":["GET"]}}],"collection":[{"href":"https:\/\/www.couponhoarders.com\/de\/wp-json\/wp\/v2\/pages"}],"about":[{"href":"https:\/\/www.couponhoarders.com\/de\/wp-json\/wp\/v2\/types\/page"}],"author":[{"embeddable":true,"href":"https:\/\/www.couponhoarders.com\/de\/wp-json\/wp\/v2\/users\/2"}],"replies":[{"embeddable":true,"href":"https:\/\/www.couponhoarders.com\/de\/wp-json\/wp\/v2\/comments?post=122"}],"version-history":[{"count":3,"href":"https:\/\/www.couponhoarders.com\/de\/wp-json\/wp\/v2\/pages\/122\/revisions"}],"predecessor-version":[{"id":486,"href":"https:\/\/www.couponhoarders.com\/de\/wp-json\/wp\/v2\/pages\/122\/revisions\/486"}],"wp:attachment":[{"href":"https:\/\/www.couponhoarders.com\/de\/wp-json\/wp\/v2\/media?parent=122"}],"curies":[{"name":"wp","href":"https:\/\/api.w.org\/{rel}","templated":true}]}}