{"id":118,"date":"2024-10-09T08:39:57","date_gmt":"2024-10-09T08:39:57","guid":{"rendered":"https:\/\/www.couponhoarders.com\/?page_id=118"},"modified":"2025-12-24T13:14:13","modified_gmt":"2025-12-24T13:14:13","slug":"faqs","status":"publish","type":"page","link":"https:\/\/www.couponhoarders.com\/de\/faqs\/","title":{"rendered":"FAQs"},"content":{"rendered":"<h2 style=\"text-align: center;\">Stellen Sie h\u00e4ufig Fragen<\/h2>\n<h3>Haben Sie eine Frage?<\/h3>\n<p>Sie sind hier genau richtig! Wir haben die h\u00e4ufigsten Fragen gesammelt, damit Sie schnell Antworten erhalten \u2013 ohne endloses Scrollen oder verwirrendes Fachchinesisch.<\/p>\n<p><strong>Was ist ein CouponHoarders-Code?<\/strong><br \/>\nCouponHoarders ist Ihre Anlaufstelle f\u00fcr echte, funktionierende Rabatte. Wir sammeln die neuesten Promo-Codes, Gutscheine und Sonderangebote von Top-Marken, damit Sie Geld sparen k\u00f6nnen, ohne selbst danach suchen zu m\u00fcssen.<\/p>\n<p><strong>Wie benutze ich einen Gutschein von CouponHoarders?<\/strong><br \/>\nKlicken Sie einfach auf die Schaltfl\u00e4che \u201eCode anzeigen\u201c oder \u201eZum Angebot\u201c neben dem gew\u00fcnschten Angebot. Kopieren Sie den Code und geben Sie ihn beim Bezahlen ein. Bei einem Deal werden Sie direkt zur Angebotsseite des Shops weitergeleitet.<\/p>\n<p><strong>Muss ich ein Konto erstellen, um Ihre Gutscheine zu nutzen?<\/strong><br \/>\nNein! Sie m\u00fcssen sich weder anmelden noch ein Konto erstellen, um unsere Gutscheine zu verwenden.<\/p>\n<p><strong>Sind die Angebote auf CouponHoarders kostenlos nutzbar?<\/strong><br \/>\nJa! Das Durchst\u00f6bern und Verwenden unserer Gutscheine ist v\u00f6llig kostenlos.<\/p>\n<p><strong>Wie oft werden Ihre Gutscheine und Angebote aktualisiert?<\/strong><br \/>\nWir aktualisieren unsere Angebote t\u00e4glich, sodass Sie keine Zeit mit abgelaufenen oder ung\u00fcltigen Gutscheinen verschwenden.<\/p>\n<p><strong>Kann ich mehr als einen Gutschein f\u00fcr dieselbe Bestellung verwenden?<\/strong><br \/>\nDas h\u00e4ngt vom Shop ab. Einige H\u00e4ndler erlauben die Kombination von Codes; die meisten akzeptieren jedoch nur einen Gutschein pro Bestellung.<\/p>\n<p><strong>Was soll ich tun, wenn ein Gutschein nicht funktioniert?<\/strong><br \/>\nManchmal kann es vorkommen, dass ein Gutschein nicht funktioniert. Kontaktieren Sie uns einfach \u00fcber unsere Kontaktseite, und wir versuchen, Ihnen einen g\u00fcltigen Ersatz anzubieten.<\/p>\n<p><strong>Bieten Sie nur Online-Gutscheine an oder auch Gutscheine f\u00fcr Filialen?<\/strong><br \/>\nDer Schwerpunkt liegt auf Online-Gutscheinen, aber wir stellen auch Angebote f\u00fcr den station\u00e4ren Handel vor, sofern diese verf\u00fcgbar sind.<\/p>\n","protected":false},"excerpt":{"rendered":"<p>Stellen Sie h\u00e4ufig Fragen Haben Sie eine Frage? Sie sind hier genau richtig! Wir haben die h\u00e4ufigsten Fragen gesammelt, damit Sie schnell Antworten erhalten \u2013 ohne endloses Scrollen oder verwirrendes Fachchinesisch. Was ist ein CouponHoarders-Code? CouponHoarders ist Ihre Anlaufstelle f\u00fcr echte, funktionierende Rabatte. Wir sammeln die neuesten Promo-Codes, Gutscheine und Sonderangebote von Top-Marken, damit Sie [&hellip;]<\/p>\n","protected":false},"author":2,"featured_media":0,"parent":0,"menu_order":0,"comment_status":"closed","ping_status":"closed","template":"","meta":{"_acf_changed":false,"footnotes":""},"class_list":["post-118","page","type-page","status-publish","hentry"],"acf":[],"yoast_head":"<!-- This site is optimized with the Yoast SEO plugin v26.6 - https:\/\/yoast.com\/wordpress\/plugins\/seo\/ -->\n<title>H\u00e4ufig gestellte Fragen \u2013 Hilfe zu Gutscheinen, Aktionscodes und Angeboten<\/title>\n<meta name=\"description\" content=\"Bei CouponHoarders finden Sie Antworten auf h\u00e4ufig gestellte Fragen zu Gutscheinen und Rabattaktionen. Erfahren Sie, wie Sie Geld sparen und die besten Angebote nutzen k\u00f6nnen.\" \/>\n<meta name=\"robots\" content=\"index, follow, max-snippet:-1, max-image-preview:large, max-video-preview:-1\" \/>\n<link rel=\"canonical\" href=\"https:\/\/www.couponhoarders.com\/de\/faqs\/\" \/>\n<meta property=\"og:locale\" content=\"en_US\" \/>\n<meta property=\"og:type\" content=\"article\" \/>\n<meta property=\"og:title\" content=\"H\u00e4ufig gestellte Fragen \u2013 Hilfe zu Gutscheinen, Aktionscodes und Angeboten\" \/>\n<meta property=\"og:description\" content=\"Bei CouponHoarders finden Sie Antworten auf h\u00e4ufig gestellte Fragen zu Gutscheinen und Rabattaktionen. Erfahren Sie, wie Sie Geld sparen und die besten Angebote nutzen k\u00f6nnen.\" \/>\n<meta property=\"og:url\" content=\"https:\/\/www.couponhoarders.com\/de\/faqs\/\" \/>\n<meta property=\"og:site_name\" content=\"Coupon Hoarders DE\" \/>\n<meta property=\"article:modified_time\" content=\"2025-12-24T13:14:13+00:00\" \/>\n<meta name=\"twitter:card\" content=\"summary_large_image\" \/>\n<meta name=\"twitter:label1\" content=\"Est. reading time\" \/>\n\t<meta name=\"twitter:data1\" content=\"2 minutes\" \/>\n<script type=\"application\/ld+json\" class=\"yoast-schema-graph\">{\"@context\":\"https:\/\/schema.org\",\"@graph\":[{\"@type\":\"WebPage\",\"@id\":\"https:\/\/www.couponhoarders.com\/de\/faqs\/\",\"url\":\"https:\/\/www.couponhoarders.com\/de\/faqs\/\",\"name\":\"H\u00e4ufig gestellte Fragen \u2013 Hilfe zu Gutscheinen, Aktionscodes und Angeboten\",\"isPartOf\":{\"@id\":\"https:\/\/www.couponhoarders.com\/de\/#website\"},\"datePublished\":\"2024-10-09T08:39:57+00:00\",\"dateModified\":\"2025-12-24T13:14:13+00:00\",\"description\":\"Bei CouponHoarders finden Sie Antworten auf h\u00e4ufig gestellte Fragen zu Gutscheinen und Rabattaktionen. Erfahren Sie, wie Sie Geld sparen und die besten Angebote nutzen k\u00f6nnen.\",\"breadcrumb\":{\"@id\":\"https:\/\/www.couponhoarders.com\/de\/faqs\/#breadcrumb\"},\"inLanguage\":\"en-US\",\"potentialAction\":[{\"@type\":\"ReadAction\",\"target\":[\"https:\/\/www.couponhoarders.com\/de\/faqs\/\"]}]},{\"@type\":\"BreadcrumbList\",\"@id\":\"https:\/\/www.couponhoarders.com\/de\/faqs\/#breadcrumb\",\"itemListElement\":[{\"@type\":\"ListItem\",\"position\":1,\"name\":\"Home\",\"item\":\"https:\/\/www.couponhoarders.com\/de\/\"},{\"@type\":\"ListItem\",\"position\":2,\"name\":\"FAQs\"}]},{\"@type\":\"WebSite\",\"@id\":\"https:\/\/www.couponhoarders.com\/de\/#website\",\"url\":\"https:\/\/www.couponhoarders.com\/de\/\",\"name\":\"Coupon Hoarders DE\",\"description\":\"\",\"potentialAction\":[{\"@type\":\"SearchAction\",\"target\":{\"@type\":\"EntryPoint\",\"urlTemplate\":\"https:\/\/www.couponhoarders.com\/de\/?s={search_term_string}\"},\"query-input\":{\"@type\":\"PropertyValueSpecification\",\"valueRequired\":true,\"valueName\":\"search_term_string\"}}],\"inLanguage\":\"en-US\"}]}<\/script>\n<!-- \/ Yoast SEO plugin. -->","yoast_head_json":{"title":"H\u00e4ufig gestellte Fragen \u2013 Hilfe zu Gutscheinen, Aktionscodes und Angeboten","description":"Bei CouponHoarders finden Sie Antworten auf h\u00e4ufig gestellte Fragen zu Gutscheinen und Rabattaktionen. Erfahren Sie, wie Sie Geld sparen und die besten Angebote nutzen k\u00f6nnen.","robots":{"index":"index","follow":"follow","max-snippet":"max-snippet:-1","max-image-preview":"max-image-preview:large","max-video-preview":"max-video-preview:-1"},"canonical":"https:\/\/www.couponhoarders.com\/de\/faqs\/","og_locale":"en_US","og_type":"article","og_title":"H\u00e4ufig gestellte Fragen \u2013 Hilfe zu Gutscheinen, Aktionscodes und Angeboten","og_description":"Bei CouponHoarders finden Sie Antworten auf h\u00e4ufig gestellte Fragen zu Gutscheinen und Rabattaktionen. Erfahren Sie, wie Sie Geld sparen und die besten Angebote nutzen k\u00f6nnen.","og_url":"https:\/\/www.couponhoarders.com\/de\/faqs\/","og_site_name":"Coupon Hoarders DE","article_modified_time":"2025-12-24T13:14:13+00:00","twitter_card":"summary_large_image","twitter_misc":{"Est. reading time":"2 minutes"},"schema":{"@context":"https:\/\/schema.org","@graph":[{"@type":"WebPage","@id":"https:\/\/www.couponhoarders.com\/de\/faqs\/","url":"https:\/\/www.couponhoarders.com\/de\/faqs\/","name":"H\u00e4ufig gestellte Fragen \u2013 Hilfe zu Gutscheinen, Aktionscodes und Angeboten","isPartOf":{"@id":"https:\/\/www.couponhoarders.com\/de\/#website"},"datePublished":"2024-10-09T08:39:57+00:00","dateModified":"2025-12-24T13:14:13+00:00","description":"Bei CouponHoarders finden Sie Antworten auf h\u00e4ufig gestellte Fragen zu Gutscheinen und Rabattaktionen. Erfahren Sie, wie Sie Geld sparen und die besten Angebote nutzen k\u00f6nnen.","breadcrumb":{"@id":"https:\/\/www.couponhoarders.com\/de\/faqs\/#breadcrumb"},"inLanguage":"en-US","potentialAction":[{"@type":"ReadAction","target":["https:\/\/www.couponhoarders.com\/de\/faqs\/"]}]},{"@type":"BreadcrumbList","@id":"https:\/\/www.couponhoarders.com\/de\/faqs\/#breadcrumb","itemListElement":[{"@type":"ListItem","position":1,"name":"Home","item":"https:\/\/www.couponhoarders.com\/de\/"},{"@type":"ListItem","position":2,"name":"FAQs"}]},{"@type":"WebSite","@id":"https:\/\/www.couponhoarders.com\/de\/#website","url":"https:\/\/www.couponhoarders.com\/de\/","name":"Coupon Hoarders DE","description":"","potentialAction":[{"@type":"SearchAction","target":{"@type":"EntryPoint","urlTemplate":"https:\/\/www.couponhoarders.com\/de\/?s={search_term_string}"},"query-input":{"@type":"PropertyValueSpecification","valueRequired":true,"valueName":"search_term_string"}}],"inLanguage":"en-US"}]}},"_links":{"self":[{"href":"https:\/\/www.couponhoarders.com\/de\/wp-json\/wp\/v2\/pages\/118","targetHints":{"allow":["GET"]}}],"collection":[{"href":"https:\/\/www.couponhoarders.com\/de\/wp-json\/wp\/v2\/pages"}],"about":[{"href":"https:\/\/www.couponhoarders.com\/de\/wp-json\/wp\/v2\/types\/page"}],"author":[{"embeddable":true,"href":"https:\/\/www.couponhoarders.com\/de\/wp-json\/wp\/v2\/users\/2"}],"replies":[{"embeddable":true,"href":"https:\/\/www.couponhoarders.com\/de\/wp-json\/wp\/v2\/comments?post=118"}],"version-history":[{"count":3,"href":"https:\/\/www.couponhoarders.com\/de\/wp-json\/wp\/v2\/pages\/118\/revisions"}],"predecessor-version":[{"id":488,"href":"https:\/\/www.couponhoarders.com\/de\/wp-json\/wp\/v2\/pages\/118\/revisions\/488"}],"wp:attachment":[{"href":"https:\/\/www.couponhoarders.com\/de\/wp-json\/wp\/v2\/media?parent=118"}],"curies":[{"name":"wp","href":"https:\/\/api.w.org\/{rel}","templated":true}]}}